{"id":2423,"date":"2025-07-31T11:32:33","date_gmt":"2025-07-31T09:32:33","guid":{"rendered":"https:\/\/www.refresh.valeriebarkowski.com\/?page_id=2423"},"modified":"2026-02-20T20:42:01","modified_gmt":"2026-02-20T19:42:01","slug":"a-propos-valerie-barkowski","status":"publish","type":"page","link":"https:\/\/www.valeriebarkowski.com\/fr\/a-propos-valerie-barkowski\/","title":{"rendered":"Qui suis-je ?"},"content":{"rendered":"\t\t<div data-elementor-type=\"wp-page\" data-elementor-id=\"2423\" class=\"elementor elementor-2423\" wpc-filter-elementor-widget=\"1\">\n\t\t\t\t<div class=\"elementor-element elementor-element-d5c4602 e-con-full e-flex e-con e-parent\" data-id=\"d5c4602\" data-element_type=\"container\" data-e-type=\"container\">\n\t\t\t\t<div class=\"elementor-element elementor-element-4ea4c7b elementor-widget__width-initial elementor-widget elementor-widget-heading\" data-id=\"4ea4c7b\" data-element_type=\"widget\" data-e-type=\"widget\" data-widget_type=\"heading.default\">\n\t\t\t\t\t<h1 class=\"elementor-heading-title elementor-size-default\">Design engag\u00e9 et textile d\u2019exception : l\u2019univers de Val\u00e9rie Barkowski<\/h1>\t\t\t\t<\/div>\n\t\t\t\t<\/div>\n\t\t<div class=\"elementor-element elementor-element-b3d8791 e-con-full e-flex e-con e-parent\" data-id=\"b3d8791\" data-element_type=\"container\" data-e-type=\"container\">\n\t\t<div class=\"elementor-element elementor-element-cdff07c e-con-full e-flex e-con e-child\" data-id=\"cdff07c\" data-element_type=\"container\" data-e-type=\"container\">\n\t\t\t\t<div class=\"elementor-element elementor-element-a2a6c0f elementor-widget__width-inherit elementor-widget-mobile__width-inherit elementor-widget elementor-widget-image\" data-id=\"a2a6c0f\" data-element_type=\"widget\" data-e-type=\"widget\" data-widget_type=\"image.default\">\n\t\t\t\t\t\t\t\t\t\t\t\t<figure class=\"wp-caption\">\n\t\t\t\t\t\t\t\t\t\t<img fetchpriority=\"high\" decoding=\"async\" width=\"732\" height=\"1024\" src=\"https:\/\/www.valeriebarkowski.com\/wp-content\/uploads\/2025\/07\/valerie-barkowski-portrait-3.jpg\" class=\"attachment-large size-large wp-image-2502\" alt=\"Val\u00e9rie Barkowski portrait\" srcset=\"https:\/\/www.valeriebarkowski.com\/wp-content\/uploads\/2025\/07\/valerie-barkowski-portrait-3.jpg 1072w, https:\/\/www.valeriebarkowski.com\/wp-content\/uploads\/2025\/07\/valerie-barkowski-portrait-3-350x490.jpg 350w, https:\/\/www.valeriebarkowski.com\/wp-content\/uploads\/2025\/07\/valerie-barkowski-portrait-3-680x951.jpg 680w\" sizes=\"(max-width: 732px) 100vw, 732px\" \/>\t\t\t\t\t\t\t\t\t\t\t<figcaption class=\"widget-image-caption wp-caption-text\">\u00a9 Delphine Warin<\/figcaption>\n\t\t\t\t\t\t\t\t\t\t<\/figure>\n\t\t\t\t\t\t\t\t\t<\/div>\n\t\t\t\t<\/div>\n\t\t<div class=\"elementor-element elementor-element-dcbc39c e-con-full e-flex e-con e-child\" data-id=\"dcbc39c\" data-element_type=\"container\" data-e-type=\"container\">\n\t\t\t\t<div class=\"elementor-element elementor-element-aac98f3 elementor-widget elementor-widget-text-editor\" data-id=\"aac98f3\" data-element_type=\"widget\" data-e-type=\"widget\" data-widget_type=\"text-editor.default\">\n\t\t\t\t\t\t\t\t\t<h2>Une vision cr\u00e9ative engag\u00e9e<\/h2><p>Penser, puis faire. Observer, avant d\u2019ajouter. Depuis toujours, la <strong>cr\u00e9ation textile<\/strong> se construit avec mesure, sans effets ni d\u00e9monstration. Il ne s\u2019agit pas de d\u00e9corer le monde, mais de proposer une mani\u00e8re d\u2019y r\u00e9pondre, avec attention, pr\u00e9cision, coh\u00e9rence.<\/p><p>Le dessin d\u2019un <strong>linge de maison<\/strong>, la mise en sc\u00e8ne d\u2019un lieu, l\u2019accompagnement lors de la <strong>direction artistique<\/strong> d\u2019un projet\u00a0: tout commence par l\u2019intuition, se construit dans la rigueur. Le geste compte. La ligne aussi<strong>.<\/strong> Ce qui guide, c\u2019est moins le style que la justesse.<\/p><p>Les savoirs accumul\u00e9s passent de main en main. Les d\u00e9cisions s\u2019assument sans d\u00e9tour, dans leur nuance et leur constance. Pas de syst\u00e8me, pas de m\u00e9thode fig\u00e9e. Une fa\u00e7on de faire qui a pris le temps de se construire, loin des urgences et des formats fig\u00e9s. Ce qui compte, ce n\u2019est pas l\u2019adh\u00e9sion, mais la coh\u00e9rence. Ce n\u2019est pas d\u2019\u00eatre suivie, mais d\u2019\u00eatre align\u00e9e avec ce que je fais.<\/p><p><strong>Consultante cr\u00e9ative textile<\/strong>, je travaille dans une logique de <strong><em>slow design<\/em><\/strong>, en lien \u00e9troit avec le <strong>savoir-faire traditionnel<\/strong> et le <strong>fait main<\/strong>. Chaque projet refl\u00e8te cette exigence : celle de cr\u00e9er moins, mais mieux.<\/p>\t\t\t\t\t\t\t\t<\/div>\n\t\t\t\t<\/div>\n\t\t\t\t<\/div>\n\t\t<div class=\"elementor-element elementor-element-f622255 e-flex e-con-boxed e-con e-parent\" data-id=\"f622255\" data-element_type=\"container\" data-e-type=\"container\">\n\t\t\t\t\t<div class=\"e-con-inner\">\n\t\t\t\t<div class=\"elementor-element elementor-element-41c5e45 elementor-widget elementor-widget-spacer\" data-id=\"41c5e45\" data-element_type=\"widget\" data-e-type=\"widget\" data-widget_type=\"spacer.default\">\n\t\t\t\t\t\t\t<div class=\"elementor-spacer\">\n\t\t\t<div class=\"elementor-spacer-inner\"><\/div>\n\t\t<\/div>\n\t\t\t\t\t\t<\/div>\n\t\t\t\t\t<\/div>\n\t\t\t\t<\/div>\n\t\t<div class=\"elementor-element elementor-element-e109217 e-con-full e-flex e-con e-parent\" data-id=\"e109217\" data-element_type=\"container\" data-e-type=\"container\">\n\t\t\t\t<div class=\"elementor-element elementor-element-0524a80 elementor-widget__width-inherit elementor-widget elementor-widget-text-editor\" data-id=\"0524a80\" data-element_type=\"widget\" data-e-type=\"widget\" data-widget_type=\"text-editor.default\">\n\t\t\t\t\t\t\t\t\t<h2>Un parcours entre design et artisanat<\/h2><p>Le <strong>parcours Val\u00e9rie Barkowski<\/strong> ne commence pas par un plan de carri\u00e8re. Il se construit au fil des rencontres, des pays travers\u00e9s, des exp\u00e9riences accumul\u00e9es : Inde, Russie, Vietnam, et bien s\u00fbr le Maroc, o\u00f9 tout s\u2019est install\u00e9 avec \u00e9vidence et a trouv\u00e9 sa trajectoire sans d\u00e9tour.<\/p><p>Arriv\u00e9e \u00e0 Marrakech fin des ann\u00e9es 90, je travaille entre deux mondes qui se nourrissent l\u2019un l\u2019autre : l\u2019h\u00e9ritage et l\u2019invention, le geste transmis et la forme \u00e0 r\u00e9inventer.<\/p><p>Fondatrice de <strong>la marque V. Barkowski<\/strong>, je d\u00e9veloppe depuis plus de vingt-cinq ans une ligne de <strong>linge de maison haut de gamme<\/strong>, con\u00e7ue et fabriqu\u00e9e \u00e0 la main \u00e0 Marrakech. \u00c0 cette premi\u00e8re aventure ont succ\u00e9d\u00e9 d&rsquo;autres projets : le <strong>riad Dar Kawa<\/strong> en 1999, des collections sur-mesure, des interventions dans <strong>l\u2019\u00e9laboration d\u2019univers personnalis\u00e9s<\/strong>, des accompagnements de marques (<em>branding)<\/em> et production artisanale.<\/p><p>Aucune de ces \u00e9tapes n\u2019est le fruit du hasard. Toutes rel\u00e8vent d\u2019une volont\u00e9 claire : explorer un design responsable, affranchi des tendances et port\u00e9 par un artisanat marocain pens\u00e9 pour le design contemporain. Ce n\u2019est pas une strat\u00e9gie. C\u2019est une mani\u00e8re de faire.<\/p><p>L\u2019exp\u00e9rience, ici, ne se mesure pas en chiffres. Elle se lit dans la pr\u00e9cision d\u2019une couture, la coh\u00e9rence d\u2019un projet, la relation construite dans le temps. Dans cette fid\u00e9lit\u00e9 au travail artisanal, \u00e0 la cr\u00e9ation sur-mesure, \u00e0 la recherche de sens.<\/p>\t\t\t\t\t\t\t\t<\/div>\n\t\t\t\t<div class=\"elementor-element elementor-element-6e7ea59 elementor-widget elementor-widget-spacer\" data-id=\"6e7ea59\" data-element_type=\"widget\" data-e-type=\"widget\" data-widget_type=\"spacer.default\">\n\t\t\t\t\t\t\t<div class=\"elementor-spacer\">\n\t\t\t<div class=\"elementor-spacer-inner\"><\/div>\n\t\t<\/div>\n\t\t\t\t\t\t<\/div>\n\t\t\t\t<\/div>\n\t\t<div class=\"elementor-element elementor-element-0e50064 e-con-full e-flex e-con e-parent\" data-id=\"0e50064\" data-element_type=\"container\" data-e-type=\"container\">\n\t\t<div class=\"elementor-element elementor-element-50b5e17 e-con-full e-flex e-con e-child\" data-id=\"50b5e17\" data-element_type=\"container\" data-e-type=\"container\">\n\t\t\t\t<div class=\"elementor-element elementor-element-c1f6dba elementor-widget elementor-widget-text-editor\" data-id=\"c1f6dba\" data-element_type=\"widget\" data-e-type=\"widget\" data-widget_type=\"text-editor.default\">\n\t\t\t\t\t\t\t\t\t<h2>Entre Bruxelles et Marrakech<\/h2><p>Deux villes, deux dynamiques. Val\u00e9rie Barkowski, cr\u00e9atrice textile \u00e0 Marrakech, a grandi entre ces deux p\u00f4les, avec Bruxelles comme point de d\u00e9part, terrain de formation et d\u2019ouverture. <strong>L\u2019une inspire la structure, l\u2019autre stimule le geste.<\/strong> L\u2019atelier n\u2019est pas un d\u00e9cor, mais un lieu de travail, d\u2019\u00e9change, de transmission.<\/p><p>Ici, <strong>chaque cr\u00e9ation passe par les mains<\/strong>. Chaque d\u00e9tail raconte quelque chose. Le temps ne se mesure pas en rendement, mais en pr\u00e9cision. L\u2019intention reste la m\u00eame : privil\u00e9gier la lenteur, respecter les artisan\u00b7e\u00b7s, d\u00e9fendre l\u2019authenticit\u00e9. Penser l\u2019objet pour durer, penser la maison comme un espace habit\u00e9, utile, fluide.<\/p><p>Depuis 1996, les lieux s\u2019additionnent : un riad, un atelier, une boutique. Des rep\u00e8res plus qu\u2019une strat\u00e9gie. <strong>Des fondations discr\u00e8tes mais solides.<\/strong> C\u2019est l\u00e0, dans ces espaces concrets, que s&rsquo;est forg\u00e9e une philosophie du design qui fait place au doute, \u00e0 la main, au d\u00e9tail.<\/p><p><strong>\u00catre designer textile \u00e0 Marrakech<\/strong>, c\u2019est composer avec l\u2019irr\u00e9gularit\u00e9, avec le climat, avec la rue. C\u2019est aussi chercher l\u2019\u00e9quilibre entre deux cultures, deux vitesses. Et tenter, dans ce va-et-vient constant, de maintenir le fil.<\/p>\t\t\t\t\t\t\t\t<\/div>\n\t\t\t\t<\/div>\n\t\t<div class=\"elementor-element elementor-element-3e539a5 e-con-full e-flex e-con e-child\" data-id=\"3e539a5\" data-element_type=\"container\" data-e-type=\"container\">\n\t\t\t\t<div class=\"elementor-element elementor-element-7d4571d elementor-widget__width-initial elementor-widget-mobile__width-inherit elementor-widget elementor-widget-image\" data-id=\"7d4571d\" data-element_type=\"widget\" data-e-type=\"widget\" data-widget_type=\"image.default\">\n\t\t\t\t\t\t\t\t\t\t\t\t\t\t\t<img decoding=\"async\" width=\"732\" height=\"1024\" src=\"https:\/\/www.valeriebarkowski.com\/wp-content\/uploads\/2025\/10\/valerie-barkowski-creatrice-portrait-vision-maroc-732x1024.jpg\" class=\"attachment-large size-large wp-image-5776\" alt=\"portrait patio valerie barkowski\" srcset=\"https:\/\/www.valeriebarkowski.com\/wp-content\/uploads\/2025\/10\/valerie-barkowski-creatrice-portrait-vision-maroc-732x1024.jpg 732w, https:\/\/www.valeriebarkowski.com\/wp-content\/uploads\/2025\/10\/valerie-barkowski-creatrice-portrait-vision-maroc-214x300.jpg 214w, https:\/\/www.valeriebarkowski.com\/wp-content\/uploads\/2025\/10\/valerie-barkowski-creatrice-portrait-vision-maroc-768x1075.jpg 768w, https:\/\/www.valeriebarkowski.com\/wp-content\/uploads\/2025\/10\/valerie-barkowski-creatrice-portrait-vision-maroc-350x490.jpg 350w, https:\/\/www.valeriebarkowski.com\/wp-content\/uploads\/2025\/10\/valerie-barkowski-creatrice-portrait-vision-maroc-680x951.jpg 680w, https:\/\/www.valeriebarkowski.com\/wp-content\/uploads\/2025\/10\/valerie-barkowski-creatrice-portrait-vision-maroc.jpg 1072w\" sizes=\"(max-width: 732px) 100vw, 732px\" \/>\t\t\t\t\t\t\t\t\t\t\t\t\t\t\t<\/div>\n\t\t\t\t<\/div>\n\t\t\t\t<\/div>\n\t\t<div class=\"elementor-element elementor-element-14ac545 e-flex e-con-boxed e-con e-parent\" data-id=\"14ac545\" data-element_type=\"container\" data-e-type=\"container\">\n\t\t\t\t\t<div class=\"e-con-inner\">\n\t\t\t\t<div class=\"elementor-element elementor-element-ada5bda elementor-widget elementor-widget-spacer\" data-id=\"ada5bda\" data-element_type=\"widget\" data-e-type=\"widget\" data-widget_type=\"spacer.default\">\n\t\t\t\t\t\t\t<div class=\"elementor-spacer\">\n\t\t\t<div class=\"elementor-spacer-inner\"><\/div>\n\t\t<\/div>\n\t\t\t\t\t\t<\/div>\n\t\t\t\t\t<\/div>\n\t\t\t\t<\/div>\n\t\t<div class=\"elementor-element elementor-element-34984a4 e-con-full e-flex e-con e-parent\" data-id=\"34984a4\" data-element_type=\"container\" data-e-type=\"container\">\n\t\t\t\t<div class=\"elementor-element elementor-element-51e474e elementor-widget elementor-widget-text-editor\" data-id=\"51e474e\" data-element_type=\"widget\" data-e-type=\"widget\" data-widget_type=\"text-editor.default\">\n\t\t\t\t\t\t\t\t\t<h2>Collaborations, presse &amp; projets remarquables<\/h2><p>Depuis <strong>les d\u00e9buts de V. Barkowski<\/strong>, la presse a embo\u00eet\u00e9 le pas. Articles de fond, portraits d\u00e9taill\u00e9s, entretiens approfondis : la presse n\u2019a pas simplement relay\u00e9, elle a pris le temps <strong>d\u2019explorer mon univers<\/strong>, mes engagements et mon <strong>approche du design<\/strong>. Ce qui construit une d\u00e9marche plut\u00f4t que ce qui l\u2019illustre.<\/p><p>Des noms sont venus s\u2019ajouter au parcours : <em>T Magazine<\/em>, <em>The New York Times<\/em>, <em>C\u00f4t\u00e9 Sud<\/em>, <em>Elle Decoration<\/em>, <em>Monocle<\/em>, <em>Wallpaper City Guide<\/em>, <em>TV5 Monde<\/em>, entre autres. Portraits, conversations, invitations \u00e0 raconter, toujours l\u2019occasion de dire un peu plus que le visible.<\/p><ul><li><a href=\"https:\/\/www.tv5monde.com\/tv\/video\/61487-belges-histoires-valerie-barkowski\" target=\"_blank\" rel=\"noopener\">TV5 Monde : Belges histoires<\/a><\/li><li><a href=\"https:\/\/www.rtbf.be\/article\/direction-marrakech-a-la-rencontre-de-la-creatrice-valerie-barkowski-11078743\" target=\"_blank\" rel=\"noopener\">RTBF : Direction Marrakech<\/a><\/li><li><a href=\"https:\/\/www.nytimes.com\/2017\/10\/24\/t-magazine\/design\/valerie-barkowski-textiles-marrakesh.html\" target=\"_blank\" rel=\"noopener\">The New York Times<\/a><\/li><li><a href=\"https:\/\/rylandpeters.com\/products\/nomad-at-home\" target=\"_blank\" rel=\"noopener\">Nomad at Home<\/a><\/li><li><a href=\"https:\/\/www.telegraph.co.uk\/travel\/destinations\/africa\/morocco\/marrakech\/hotels\/dar-kawa-hotel\/\" target=\"_blank\" rel=\"noopener\">The Telegraph : Dar Kawa<\/a><\/li><li><a href=\"https:\/\/www.architecturaldigest.com\/story\/marrakech-riads\" target=\"_blank\" rel=\"noopener\">Architectural Digest : Riads \u00e0 Marrakech<\/a><\/li><li><a href=\"https:\/\/www.vogue.com\/article\/marrakech-secret-shopping-destinations-outside-the-souk\" target=\"_blank\" rel=\"noopener\">Vogue : Shopping \u00e0 Marrakech<\/a><\/li><li><a href=\"https:\/\/www.elledecor.com\/life-culture\/travel\/g11999090\/marrakech-morocco-riad\/\" target=\"_blank\" rel=\"noopener\">Elle Decor : Riads \u00e0 Marrakech<\/a><\/li><\/ul>\t\t\t\t\t\t\t\t<\/div>\n\t\t\t\t<\/div>\n\t\t<div class=\"elementor-element elementor-element-81c02d4 e-flex e-con-boxed e-con e-parent\" data-id=\"81c02d4\" data-element_type=\"container\" data-e-type=\"container\">\n\t\t\t\t\t<div class=\"e-con-inner\">\n\t\t\t\t<div class=\"elementor-element elementor-element-25212b1 elementor-widget elementor-widget-spacer\" data-id=\"25212b1\" data-element_type=\"widget\" data-e-type=\"widget\" data-widget_type=\"spacer.default\">\n\t\t\t\t\t\t\t<div class=\"elementor-spacer\">\n\t\t\t<div class=\"elementor-spacer-inner\"><\/div>\n\t\t<\/div>\n\t\t\t\t\t\t<\/div>\n\t\t\t\t\t<\/div>\n\t\t\t\t<\/div>\n\t\t<div class=\"elementor-element elementor-element-86b5df7 e-con-full e-flex e-con e-parent\" data-id=\"86b5df7\" data-element_type=\"container\" data-e-type=\"container\">\n\t\t<div class=\"elementor-element elementor-element-232c803 e-con-full e-flex e-con e-child\" data-id=\"232c803\" data-element_type=\"container\" data-e-type=\"container\">\n\t\t\t\t<div class=\"elementor-element elementor-element-717e7c9 elementor-widget__width-initial elementor-widget-mobile__width-initial elementor-widget elementor-widget-image\" data-id=\"717e7c9\" data-element_type=\"widget\" data-e-type=\"widget\" data-widget_type=\"image.default\">\n\t\t\t\t\t\t\t\t\t\t\t\t<figure class=\"wp-caption\">\n\t\t\t\t\t\t\t\t\t\t<img decoding=\"async\" width=\"1072\" height=\"1500\" src=\"https:\/\/www.valeriebarkowski.com\/wp-content\/uploads\/2025\/11\/valerie-barkowski-about-pillows-color-collection-photo-tania-panova.jpg\" class=\"attachment-full size-full wp-image-7009\" alt=\"collection coussins brod\u00e9s finition couleur\" srcset=\"https:\/\/www.valeriebarkowski.com\/wp-content\/uploads\/2025\/11\/valerie-barkowski-about-pillows-color-collection-photo-tania-panova.jpg 1072w, https:\/\/www.valeriebarkowski.com\/wp-content\/uploads\/2025\/11\/valerie-barkowski-about-pillows-color-collection-photo-tania-panova-214x300.jpg 214w, https:\/\/www.valeriebarkowski.com\/wp-content\/uploads\/2025\/11\/valerie-barkowski-about-pillows-color-collection-photo-tania-panova-732x1024.jpg 732w, https:\/\/www.valeriebarkowski.com\/wp-content\/uploads\/2025\/11\/valerie-barkowski-about-pillows-color-collection-photo-tania-panova-768x1075.jpg 768w, https:\/\/www.valeriebarkowski.com\/wp-content\/uploads\/2025\/11\/valerie-barkowski-about-pillows-color-collection-photo-tania-panova-350x490.jpg 350w, https:\/\/www.valeriebarkowski.com\/wp-content\/uploads\/2025\/11\/valerie-barkowski-about-pillows-color-collection-photo-tania-panova-680x951.jpg 680w\" sizes=\"(max-width: 1072px) 100vw, 1072px\" \/>\t\t\t\t\t\t\t\t\t\t\t<figcaption class=\"widget-image-caption wp-caption-text\">\u00a9 Tania Panova<\/figcaption>\n\t\t\t\t\t\t\t\t\t\t<\/figure>\n\t\t\t\t\t\t\t\t\t<\/div>\n\t\t\t\t<\/div>\n\t\t<div class=\"elementor-element elementor-element-5957eff e-con-full e-flex e-con e-child\" data-id=\"5957eff\" data-element_type=\"container\" data-e-type=\"container\">\n\t\t<div class=\"elementor-element elementor-element-3e76a6f e-con-full e-flex e-con e-child\" data-id=\"3e76a6f\" data-element_type=\"container\" data-e-type=\"container\">\n\t\t\t\t<div class=\"elementor-element elementor-element-e3bf04e elementor-widget elementor-widget-text-editor\" data-id=\"e3bf04e\" data-element_type=\"widget\" data-e-type=\"widget\" data-widget_type=\"text-editor.default\">\n\t\t\t\t\t\t\t\t\t<h2>Ses engagements aujourd\u2019hui<\/h2><p>Cr\u00e9er, oui. Mais cr\u00e9er autrement. En conscience. Dans une \u00e9conomie de moyens qui respecte le geste, la dur\u00e9e, et celles et ceux qui fabriquent. Loin des effets d\u2019annonce ou des tendances agit\u00e9es, c\u2019est dans <strong>la durabilit\u00e9<\/strong>, la transmission, et la <strong>fabrication artisanale<\/strong> que l\u2019essentiel se joue.<\/p><p>Ce travail se poursuit aujourd\u2019hui \u00e0 travers plusieurs axes : un <strong>e-shop<\/strong> pens\u00e9 comme vitrine d\u2019un <strong>design d\u2019int\u00e9rieur<\/strong> sobre et utile ; des collaborations ponctuelles ou au long cours avec des marques qui partagent cette exigence ; et une activit\u00e9 de <strong>consultante cr\u00e9ation textile \u00e9thique<\/strong>, pour accompagner les projets qui veulent conjuguer forme, fond et responsabilit\u00e9.<\/p><p>L\u2019objectif n\u2019est pas de produire plus, mais mieux. D\u2019apporter, quand cela fait sens, une <strong>expertise<\/strong> <strong>de l&rsquo;artisanat marocain<\/strong>, nourrie par les ann\u00e9es, les gestes observ\u00e9s, les \u00e9changes r\u00e9p\u00e9t\u00e9s.<\/p><p><strong>Cr\u00e9ation textile haut de gamme<\/strong>, projets sur-mesure, ou conseils cibl\u00e9s : tout part d\u2019une conversation. Et d\u2019un projet \u00e0 taille humaine, pens\u00e9 avec attention.<\/p>\t\t\t\t\t\t\t\t<\/div>\n\t\t\t\t<\/div>\n\t\t\t\t<\/div>\n\t\t\t\t<\/div>\n\t\t\t\t<\/div>\n\t\t","protected":false},"excerpt":{"rendered":"<p>Design engag\u00e9 et textile d\u2019exception : l\u2019univers de Val\u00e9rie Barkowski \u00a9 Delphine Warin Une vision cr\u00e9ative engag\u00e9e Penser, puis faire. Observer, avant d\u2019ajouter. Depuis toujours, la cr\u00e9ation textile se construit avec mesure, sans effets ni d\u00e9monstration. Il ne s\u2019agit pas de d\u00e9corer le monde, mais de proposer une mani\u00e8re d\u2019y r\u00e9pondre, avec attention, pr\u00e9cision, coh\u00e9rence. &hellip;<\/p>\n","protected":false},"author":1,"featured_media":2768,"parent":0,"menu_order":0,"comment_status":"closed","ping_status":"closed","template":"elementor_theme","meta":{"footnotes":""},"class_list":["post-2423","page","type-page","status-publish","has-post-thumbnail","hentry"],"acf":[],"jetpack_sharing_enabled":true,"_links":{"self":[{"href":"https:\/\/www.valeriebarkowski.com\/fr\/wp-json\/wp\/v2\/pages\/2423","targetHints":{"allow":["GET"]}}],"collection":[{"href":"https:\/\/www.valeriebarkowski.com\/fr\/wp-json\/wp\/v2\/pages"}],"about":[{"href":"https:\/\/www.valeriebarkowski.com\/fr\/wp-json\/wp\/v2\/types\/page"}],"author":[{"embeddable":true,"href":"https:\/\/www.valeriebarkowski.com\/fr\/wp-json\/wp\/v2\/users\/1"}],"replies":[{"embeddable":true,"href":"https:\/\/www.valeriebarkowski.com\/fr\/wp-json\/wp\/v2\/comments?post=2423"}],"version-history":[{"count":304,"href":"https:\/\/www.valeriebarkowski.com\/fr\/wp-json\/wp\/v2\/pages\/2423\/revisions"}],"predecessor-version":[{"id":12654,"href":"https:\/\/www.valeriebarkowski.com\/fr\/wp-json\/wp\/v2\/pages\/2423\/revisions\/12654"}],"wp:featuredmedia":[{"embeddable":true,"href":"https:\/\/www.valeriebarkowski.com\/fr\/wp-json\/wp\/v2\/media\/2768"}],"wp:attachment":[{"href":"https:\/\/www.valeriebarkowski.com\/fr\/wp-json\/wp\/v2\/media?parent=2423"}],"curies":[{"name":"wp","href":"https:\/\/api.w.org\/{rel}","templated":true}]}}