{"id":2634,"date":"2025-07-31T15:21:29","date_gmt":"2025-07-31T13:21:29","guid":{"rendered":"https:\/\/www.refresh.valeriebarkowski.com\/?page_id=2634"},"modified":"2026-02-20T20:53:22","modified_gmt":"2026-02-20T19:53:22","slug":"atelier-marrakech","status":"publish","type":"page","link":"https:\/\/www.valeriebarkowski.com\/fr\/atelier-marrakech\/","title":{"rendered":"Atelier Marrakech"},"content":{"rendered":"\t\t<div data-elementor-type=\"wp-page\" data-elementor-id=\"2634\" class=\"elementor elementor-2634\" wpc-filter-elementor-widget=\"1\">\n\t\t\t\t<div class=\"elementor-element elementor-element-6d57489 e-con-full e-flex e-con e-parent\" data-id=\"6d57489\" data-element_type=\"container\" data-e-type=\"container\">\n\t\t\t\t<div class=\"elementor-element elementor-element-6a929c8 elementor-widget__width-initial elementor-widget elementor-widget-heading\" data-id=\"6a929c8\" data-element_type=\"widget\" data-e-type=\"widget\" data-widget_type=\"heading.default\">\n\t\t\t\t\t<h1 class=\"elementor-heading-title elementor-size-default\">L\u2019atelier Val\u00e9rie Barkowski \u00e0 Marrakech : cr\u00e9ation textile, savoir-faire et exigence artisanale<\/h1>\t\t\t\t<\/div>\n\t\t\t\t<\/div>\n\t\t<div class=\"elementor-element elementor-element-18973b1 e-con-full e-flex e-con e-parent\" data-id=\"18973b1\" data-element_type=\"container\" data-e-type=\"container\">\n\t\t<div class=\"elementor-element elementor-element-35e6024 e-con-full e-flex e-con e-child\" data-id=\"35e6024\" data-element_type=\"container\" data-e-type=\"container\">\n\t\t\t\t<div class=\"elementor-element elementor-element-fc7cae8 elementor-widget-mobile__width-initial elementor-widget-tablet__width-initial elementor-widget elementor-widget-image\" data-id=\"fc7cae8\" data-element_type=\"widget\" data-e-type=\"widget\" data-widget_type=\"image.default\">\n\t\t\t\t\t\t\t\t\t\t\t\t<figure class=\"wp-caption\">\n\t\t\t\t\t\t\t\t\t\t<img fetchpriority=\"high\" decoding=\"async\" width=\"1500\" height=\"1072\" src=\"https:\/\/www.valeriebarkowski.com\/wp-content\/uploads\/2025\/07\/valerie-barkowski-atelier-marrakech-3.jpg\" class=\"attachment-full size-full wp-image-2642\" alt=\"Atelier textile Val\u00e9rie Barkowski \u00e0 Marrakech\" srcset=\"https:\/\/www.valeriebarkowski.com\/wp-content\/uploads\/2025\/07\/valerie-barkowski-atelier-marrakech-3.jpg 1500w, https:\/\/www.valeriebarkowski.com\/wp-content\/uploads\/2025\/07\/valerie-barkowski-atelier-marrakech-3-350x250.jpg 350w, https:\/\/www.valeriebarkowski.com\/wp-content\/uploads\/2025\/07\/valerie-barkowski-atelier-marrakech-3-680x486.jpg 680w, https:\/\/www.valeriebarkowski.com\/wp-content\/uploads\/2025\/07\/valerie-barkowski-atelier-marrakech-3-300x214.jpg 300w, https:\/\/www.valeriebarkowski.com\/wp-content\/uploads\/2025\/07\/valerie-barkowski-atelier-marrakech-3-1024x732.jpg 1024w, https:\/\/www.valeriebarkowski.com\/wp-content\/uploads\/2025\/07\/valerie-barkowski-atelier-marrakech-3-768x549.jpg 768w\" sizes=\"(max-width: 1500px) 100vw, 1500px\" \/>\t\t\t\t\t\t\t\t\t\t\t<figcaption class=\"widget-image-caption wp-caption-text\">\u00a9 RTBF<\/figcaption>\n\t\t\t\t\t\t\t\t\t\t<\/figure>\n\t\t\t\t\t\t\t\t\t<\/div>\n\t\t\t\t<\/div>\n\t\t<div class=\"elementor-element elementor-element-9f57dea e-con-full e-flex e-con e-child\" data-id=\"9f57dea\" data-element_type=\"container\" data-e-type=\"container\">\n\t\t\t\t<div class=\"elementor-element elementor-element-113f222 elementor-widget elementor-widget-text-editor\" data-id=\"113f222\" data-element_type=\"widget\" data-e-type=\"widget\" data-widget_type=\"text-editor.default\">\n\t\t\t\t\t\t\t\t\t<h2>Un atelier vivant, discret, engag\u00e9<\/h2><p>Au c\u0153ur de Marrakech, loin des productions anonymes, l\u2019<strong>atelier textile Val\u00e9rie Barkowski<\/strong> est un lieu stable, vivant et p\u00e9renne. Depuis plus de deux d\u00e9cennies, une \u00e9quipe fid\u00e8le, compos\u00e9e en grande partie de femmes, y travaille avec pr\u00e9cision, dans une relation de confiance et de dur\u00e9e. Ici, chaque pi\u00e8ce est <strong>enti\u00e8rement r\u00e9alis\u00e9e \u00e0 la main<\/strong>, dans un rythme choisi.<\/p><p>Ce n\u2019est pas un atelier de passage : c\u2019est un lieu de continuit\u00e9, de gestes r\u00e9p\u00e9t\u00e9s, patiemment affin\u00e9s. On y brode, on y coud, on y assemble avec dext\u00e9rit\u00e9. Le mouvement est transmis, le <strong>savoir-faire marocain<\/strong> r\u00e9interpr\u00e9t\u00e9, toujours dans le respect de la mati\u00e8re et de la personne. La <strong>fabrication artisanale<\/strong> se fait avec rigueur, suivant un mod\u00e8le de <strong>production locale<\/strong> r\u00e9fl\u00e9chi.<\/p>\t\t\t\t\t\t\t\t<\/div>\n\t\t\t\t<\/div>\n\t\t\t\t<\/div>\n\t\t<div class=\"elementor-element elementor-element-e0312ac e-flex e-con-boxed e-con e-parent\" data-id=\"e0312ac\" data-element_type=\"container\" data-e-type=\"container\">\n\t\t\t\t\t<div class=\"e-con-inner\">\n\t\t\t\t<div class=\"elementor-element elementor-element-1517f63 elementor-widget elementor-widget-spacer\" data-id=\"1517f63\" data-element_type=\"widget\" data-e-type=\"widget\" data-widget_type=\"spacer.default\">\n\t\t\t\t\t\t\t<div class=\"elementor-spacer\">\n\t\t\t<div class=\"elementor-spacer-inner\"><\/div>\n\t\t<\/div>\n\t\t\t\t\t\t<\/div>\n\t\t\t\t\t<\/div>\n\t\t\t\t<\/div>\n\t\t<div class=\"elementor-element elementor-element-1764d0d e-con-full e-flex e-con e-parent\" data-id=\"1764d0d\" data-element_type=\"container\" data-e-type=\"container\">\n\t\t\t\t<div class=\"elementor-element elementor-element-3d7ca1e elementor-widget elementor-widget-text-editor\" data-id=\"3d7ca1e\" data-element_type=\"widget\" data-e-type=\"widget\" data-widget_type=\"text-editor.default\">\n\t\t\t\t\t\t\t\t\t<h2>Le c\u0153ur battant de la marque<\/h2><p>C\u2019est ici que naissent toutes les pi\u00e8ces de la marque. Chaque <strong>linge de maison brod\u00e9 main<\/strong>, chaque finition cousue dans l\u2019atelier suit un dessin pr\u00e9cis, un cahier de mouvements, une volont\u00e9 de justesse. Rien n\u2019est automatis\u00e9, rien n\u2019est d\u00e9l\u00e9gu\u00e9.<\/p><p>Cet <strong>atelier marque textile<\/strong> est plus qu&rsquo;un outil de production, c&rsquo;est une extension de la pens\u00e9e cr\u00e9ative. Il garantit une <strong>production \u00e9thique<\/strong>, une fid\u00e9lit\u00e9 aux valeurs de la maison : exigence, responsabilit\u00e9, ma\u00eetrise.<\/p>\t\t\t\t\t\t\t\t<\/div>\n\t\t\t\t<\/div>\n\t\t<div class=\"elementor-element elementor-element-f178ed1 e-flex e-con-boxed e-con e-parent\" data-id=\"f178ed1\" data-element_type=\"container\" data-e-type=\"container\">\n\t\t\t\t\t<div class=\"e-con-inner\">\n\t\t\t\t<div class=\"elementor-element elementor-element-a7d1c07 elementor-widget elementor-widget-spacer\" data-id=\"a7d1c07\" data-element_type=\"widget\" data-e-type=\"widget\" data-widget_type=\"spacer.default\">\n\t\t\t\t\t\t\t<div class=\"elementor-spacer\">\n\t\t\t<div class=\"elementor-spacer-inner\"><\/div>\n\t\t<\/div>\n\t\t\t\t\t\t<\/div>\n\t\t\t\t\t<\/div>\n\t\t\t\t<\/div>\n\t\t<div class=\"elementor-element elementor-element-f3695bc e-con-full e-flex e-con e-parent\" data-id=\"f3695bc\" data-element_type=\"container\" data-e-type=\"container\">\n\t\t\t\t<div class=\"elementor-element elementor-element-8a37570 elementor-widget elementor-widget-image\" data-id=\"8a37570\" data-element_type=\"widget\" data-e-type=\"widget\" data-widget_type=\"image.default\">\n\t\t\t\t\t\t\t\t\t\t\t\t<figure class=\"wp-caption\">\n\t\t\t\t\t\t\t\t\t\t<img decoding=\"async\" width=\"1024\" height=\"731\" src=\"https:\/\/www.valeriebarkowski.com\/wp-content\/uploads\/2025\/07\/valerie-barkowski-atelier-marrakech-5-1024x731.jpg\" class=\"attachment-large size-large wp-image-2644\" alt=\"Atelier textile Val\u00e9rie Barkowski \u00e0 Marrakech\" srcset=\"https:\/\/www.valeriebarkowski.com\/wp-content\/uploads\/2025\/07\/valerie-barkowski-atelier-marrakech-5-1024x731.jpg 1024w, https:\/\/www.valeriebarkowski.com\/wp-content\/uploads\/2025\/07\/valerie-barkowski-atelier-marrakech-5-350x250.jpg 350w, https:\/\/www.valeriebarkowski.com\/wp-content\/uploads\/2025\/07\/valerie-barkowski-atelier-marrakech-5-680x486.jpg 680w, https:\/\/www.valeriebarkowski.com\/wp-content\/uploads\/2025\/07\/valerie-barkowski-atelier-marrakech-5-300x214.jpg 300w, https:\/\/www.valeriebarkowski.com\/wp-content\/uploads\/2025\/07\/valerie-barkowski-atelier-marrakech-5-768x548.jpg 768w, https:\/\/www.valeriebarkowski.com\/wp-content\/uploads\/2025\/07\/valerie-barkowski-atelier-marrakech-5.jpg 1500w\" sizes=\"(max-width: 1024px) 100vw, 1024px\" \/>\t\t\t\t\t\t\t\t\t\t\t<figcaption class=\"widget-image-caption wp-caption-text\">\u00a9 Tania Panova<\/figcaption>\n\t\t\t\t\t\t\t\t\t\t<\/figure>\n\t\t\t\t\t\t\t\t\t<\/div>\n\t\t\t\t<\/div>\n\t\t<div class=\"elementor-element elementor-element-0cd766c e-flex e-con-boxed e-con e-parent\" data-id=\"0cd766c\" data-element_type=\"container\" data-e-type=\"container\">\n\t\t\t\t\t<div class=\"e-con-inner\">\n\t\t\t\t<div class=\"elementor-element elementor-element-250fa81 elementor-widget elementor-widget-spacer\" data-id=\"250fa81\" data-element_type=\"widget\" data-e-type=\"widget\" data-widget_type=\"spacer.default\">\n\t\t\t\t\t\t\t<div class=\"elementor-spacer\">\n\t\t\t<div class=\"elementor-spacer-inner\"><\/div>\n\t\t<\/div>\n\t\t\t\t\t\t<\/div>\n\t\t\t\t\t<\/div>\n\t\t\t\t<\/div>\n\t\t<div class=\"elementor-element elementor-element-22daea8 e-con-full e-flex e-con e-parent\" data-id=\"22daea8\" data-element_type=\"container\" data-e-type=\"container\">\n\t\t\t\t<div class=\"elementor-element elementor-element-6ae8c93 elementor-widget elementor-widget-text-editor\" data-id=\"6ae8c93\" data-element_type=\"widget\" data-e-type=\"widget\" data-widget_type=\"text-editor.default\">\n\t\t\t\t\t\t\t\t\t<h2>Projets sp\u00e9ciaux et collaborations sur mesure<\/h2><p>Au-del\u00e0 de la collection principale, l\u2019atelier d\u00e9veloppe des <strong>projets textiles<\/strong> pour le <strong>secteur h\u00f4telier<\/strong>, des commandes priv\u00e9es, des <strong>linges de maison personnalis\u00e9s<\/strong>. Chaque cr\u00e9ation na\u00eet d\u2019un \u00e9change, d\u2019un besoin, d\u2019un lieu.<\/p><p><strong>Formats sur mesure, variations de broderies, choix de couleurs, adaptations de proportions<\/strong> : tout peut \u00eatre repens\u00e9 avec finesse. Cette approche de la <strong>cr\u00e9ation textile sur mesure<\/strong> permet de rester en accord avec les fondements de Val\u00e9rie Barkowski : une <strong>esth\u00e9tique intemporelle<\/strong>, une<strong> fabrication artisanale haut de gamme<\/strong>, une \u00e9coute sinc\u00e8re.<\/p>\t\t\t\t\t\t\t\t<\/div>\n\t\t\t\t<\/div>\n\t\t<div class=\"elementor-element elementor-element-236c291 e-flex e-con-boxed e-con e-parent\" data-id=\"236c291\" data-element_type=\"container\" data-e-type=\"container\">\n\t\t\t\t\t<div class=\"e-con-inner\">\n\t\t\t\t<div class=\"elementor-element elementor-element-b06b930 elementor-widget elementor-widget-spacer\" data-id=\"b06b930\" data-element_type=\"widget\" data-e-type=\"widget\" data-widget_type=\"spacer.default\">\n\t\t\t\t\t\t\t<div class=\"elementor-spacer\">\n\t\t\t<div class=\"elementor-spacer-inner\"><\/div>\n\t\t<\/div>\n\t\t\t\t\t\t<\/div>\n\t\t\t\t\t<\/div>\n\t\t\t\t<\/div>\n\t\t<div class=\"elementor-element elementor-element-84cfa6a e-con-full e-flex e-con e-parent\" data-id=\"84cfa6a\" data-element_type=\"container\" data-e-type=\"container\">\n\t\t<div class=\"elementor-element elementor-element-7b24749 e-con-full e-flex e-con e-child\" data-id=\"7b24749\" data-element_type=\"container\" data-e-type=\"container\">\n\t\t\t\t<div class=\"elementor-element elementor-element-e36a364 elementor-widget__width-initial elementor-widget elementor-widget-image\" data-id=\"e36a364\" data-element_type=\"widget\" data-e-type=\"widget\" data-widget_type=\"image.default\">\n\t\t\t\t\t\t\t\t\t\t\t\t<figure class=\"wp-caption\">\n\t\t\t\t\t\t\t\t\t\t<img decoding=\"async\" width=\"1500\" height=\"1071\" src=\"https:\/\/www.valeriebarkowski.com\/wp-content\/uploads\/2025\/07\/valerie-barkowski-atelier-marrakech-6.jpg\" class=\"attachment-full size-full wp-image-2646\" alt=\"Atelier textile Val\u00e9rie Barkowski \u00e0 Marrakech\" srcset=\"https:\/\/www.valeriebarkowski.com\/wp-content\/uploads\/2025\/07\/valerie-barkowski-atelier-marrakech-6.jpg 1500w, https:\/\/www.valeriebarkowski.com\/wp-content\/uploads\/2025\/07\/valerie-barkowski-atelier-marrakech-6-350x250.jpg 350w, https:\/\/www.valeriebarkowski.com\/wp-content\/uploads\/2025\/07\/valerie-barkowski-atelier-marrakech-6-680x486.jpg 680w, https:\/\/www.valeriebarkowski.com\/wp-content\/uploads\/2025\/07\/valerie-barkowski-atelier-marrakech-6-300x214.jpg 300w, https:\/\/www.valeriebarkowski.com\/wp-content\/uploads\/2025\/07\/valerie-barkowski-atelier-marrakech-6-1024x731.jpg 1024w, https:\/\/www.valeriebarkowski.com\/wp-content\/uploads\/2025\/07\/valerie-barkowski-atelier-marrakech-6-768x548.jpg 768w\" sizes=\"(max-width: 1500px) 100vw, 1500px\" \/>\t\t\t\t\t\t\t\t\t\t\t<figcaption class=\"widget-image-caption wp-caption-text\">\u00a9 Tania Panova<\/figcaption>\n\t\t\t\t\t\t\t\t\t\t<\/figure>\n\t\t\t\t\t\t\t\t\t<\/div>\n\t\t\t\t<\/div>\n\t\t<div class=\"elementor-element elementor-element-aebd6b1 e-con-full e-flex e-con e-child\" data-id=\"aebd6b1\" data-element_type=\"container\" data-e-type=\"container\">\n\t\t\t\t<div class=\"elementor-element elementor-element-73fb4f8 elementor-widget__width-initial elementor-widget elementor-widget-text-editor\" data-id=\"73fb4f8\" data-element_type=\"widget\" data-e-type=\"widget\" data-widget_type=\"text-editor.default\">\n\t\t\t\t\t\t\t\t\t<h2>S\u00e9ries limit\u00e9es en marque blanche<\/h2><p>De fa\u00e7on ponctuelle, l\u2019atelier accueille des projets en <strong>marque blanche artisanale<\/strong>. Des <strong>petites s\u00e9ries<\/strong>, des pi\u00e8ces \u00e9labor\u00e9es pour d\u2019autres cr\u00e9ateurs ou maisons qui partagent la m\u00eame vision : <strong>techniques artisanales<\/strong>, <strong>mati\u00e8res nobles<\/strong>, <strong>rythme respectueux<\/strong>.<\/p><p>Ces collaborations confidentielles ne sacrifient jamais l\u2019exigence. Elles sont s\u00e9lectionn\u00e9es et port\u00e9es avec le m\u00eame engagement que <strong>les collections Val\u00e9rie Barkowski<\/strong>. L\u2019<strong>atelier cr\u00e9atif sur mesure<\/strong> reste un espace rare, \u00e0 taille humaine.<\/p><p>Si vous envisagez une collaboration, vous pouvez nous contacter \u00e0 l\u2019adresse suivante : <a href=\"mailto:sales@valeriebarkowski.com\">sales@valeriebarkowski.com<\/a>.<\/p>\t\t\t\t\t\t\t\t<\/div>\n\t\t\t\t<\/div>\n\t\t\t\t<\/div>\n\t\t<div class=\"elementor-element elementor-element-58c7e52 e-flex e-con-boxed e-con e-parent\" data-id=\"58c7e52\" data-element_type=\"container\" data-e-type=\"container\">\n\t\t\t\t\t<div class=\"e-con-inner\">\n\t\t\t\t<div class=\"elementor-element elementor-element-b2a852c elementor-widget elementor-widget-spacer\" data-id=\"b2a852c\" data-element_type=\"widget\" data-e-type=\"widget\" data-widget_type=\"spacer.default\">\n\t\t\t\t\t\t\t<div class=\"elementor-spacer\">\n\t\t\t<div class=\"elementor-spacer-inner\"><\/div>\n\t\t<\/div>\n\t\t\t\t\t\t<\/div>\n\t\t\t\t\t<\/div>\n\t\t\t\t<\/div>\n\t\t<div class=\"elementor-element elementor-element-ec63c8d e-con-full e-flex e-con e-parent\" data-id=\"ec63c8d\" data-element_type=\"container\" data-e-type=\"container\">\n\t\t\t\t<div class=\"elementor-element elementor-element-9b9a90a elementor-widget elementor-widget-text-editor\" data-id=\"9b9a90a\" data-element_type=\"widget\" data-e-type=\"widget\" data-widget_type=\"text-editor.default\">\n\t\t\t\t\t\t\t\t\t<h2>Un positionnement clair : peu, mais juste<\/h2><p>Rien n\u2019est produit en masse. Chaque commande est un choix. Ce <strong>mod\u00e8le alternatif \u00e0 l\u2019industrie<\/strong> prouve qu\u2019on peut cr\u00e9er autrement : avec temps, avec sens, avec responsabilit\u00e9.<\/p><p>L\u2019<strong>\u00e9thique de fabrication<\/strong>, le respect du cycle cr\u00e9atif, la proximit\u00e9 avec l\u2019atelier, font de cette <strong>production textile humaine<\/strong> un contrepoint aux logiques dominantes. Ce n\u2019est pas un discours, c\u2019est une pratique.<\/p>\t\t\t\t\t\t\t\t<\/div>\n\t\t\t\t<\/div>\n\t\t<div class=\"elementor-element elementor-element-d11d798 e-flex e-con-boxed e-con e-parent\" data-id=\"d11d798\" data-element_type=\"container\" data-e-type=\"container\">\n\t\t\t\t\t<div class=\"e-con-inner\">\n\t\t\t\t<div class=\"elementor-element elementor-element-36b0c1b elementor-widget elementor-widget-spacer\" data-id=\"36b0c1b\" data-element_type=\"widget\" data-e-type=\"widget\" data-widget_type=\"spacer.default\">\n\t\t\t\t\t\t\t<div class=\"elementor-spacer\">\n\t\t\t<div class=\"elementor-spacer-inner\"><\/div>\n\t\t<\/div>\n\t\t\t\t\t\t<\/div>\n\t\t\t\t\t<\/div>\n\t\t\t\t<\/div>\n\t\t<div class=\"elementor-element elementor-element-22442c7 e-con-full e-flex e-con e-parent\" data-id=\"22442c7\" data-element_type=\"container\" data-e-type=\"container\">\n\t\t<div class=\"elementor-element elementor-element-c515124 e-con-full e-flex e-con e-child\" data-id=\"c515124\" data-element_type=\"container\" data-e-type=\"container\">\n\t\t\t\t<div class=\"elementor-element elementor-element-a97b465 elementor-widget__width-initial elementor-widget elementor-widget-image\" data-id=\"a97b465\" data-element_type=\"widget\" data-e-type=\"widget\" data-widget_type=\"image.default\">\n\t\t\t\t\t\t\t\t\t\t\t\t<figure class=\"wp-caption\">\n\t\t\t\t\t\t\t\t\t\t<img loading=\"lazy\" decoding=\"async\" width=\"1500\" height=\"1005\" src=\"https:\/\/www.valeriebarkowski.com\/wp-content\/uploads\/2025\/10\/atelier-vbarkowski-marrakech-photo-tania-panova.jpg\" class=\"attachment-full size-full wp-image-5803\" alt=\"mains travaillant atelier textile maroc\" srcset=\"https:\/\/www.valeriebarkowski.com\/wp-content\/uploads\/2025\/10\/atelier-vbarkowski-marrakech-photo-tania-panova.jpg 1500w, https:\/\/www.valeriebarkowski.com\/wp-content\/uploads\/2025\/10\/atelier-vbarkowski-marrakech-photo-tania-panova-300x201.jpg 300w, https:\/\/www.valeriebarkowski.com\/wp-content\/uploads\/2025\/10\/atelier-vbarkowski-marrakech-photo-tania-panova-1024x686.jpg 1024w, https:\/\/www.valeriebarkowski.com\/wp-content\/uploads\/2025\/10\/atelier-vbarkowski-marrakech-photo-tania-panova-768x515.jpg 768w, https:\/\/www.valeriebarkowski.com\/wp-content\/uploads\/2025\/10\/atelier-vbarkowski-marrakech-photo-tania-panova-350x235.jpg 350w, https:\/\/www.valeriebarkowski.com\/wp-content\/uploads\/2025\/10\/atelier-vbarkowski-marrakech-photo-tania-panova-680x456.jpg 680w\" sizes=\"(max-width: 1500px) 100vw, 1500px\" \/>\t\t\t\t\t\t\t\t\t\t\t<figcaption class=\"widget-image-caption wp-caption-text\">\u00a9 Tania Panova<\/figcaption>\n\t\t\t\t\t\t\t\t\t\t<\/figure>\n\t\t\t\t\t\t\t\t\t<\/div>\n\t\t\t\t<\/div>\n\t\t\t\t<div class=\"elementor-element elementor-element-2b39daf elementor-widget__width-initial elementor-widget elementor-widget-text-editor\" data-id=\"2b39daf\" data-element_type=\"widget\" data-e-type=\"widget\" data-widget_type=\"text-editor.default\">\n\t\t\t\t\t\t\t\t\t<h2>L\u2019atelier dans l\u2019univers VB<\/h2><p>Invisible, mais essentiel, l\u2019atelier irrigue toutes les facettes de <a href=\"https:\/\/www.valeriebarkowski.com\/fr\/a-propos-valerie-barkowski\/\">l\u2019univers <strong>Val\u00e9rie Barkowski<\/strong><\/a> : <a href=\"https:\/\/www.valeriebarkowski.com\/boutique-marrakech\/\">la boutique \u00e0 Marrakech<\/a>, les commandes e-shop, <a href=\"https:\/\/www.valeriebarkowski.com\/consultance\/\">les missions de consultante textile \u00e9thique<\/a>.<\/p><p>C\u2019est la base. Le lieu o\u00f9 l\u2019on teste, corrige, transmet. O\u00f9 le fil suit l\u2019id\u00e9e, sans pr\u00e9cipitation, et avec la rigueur d\u2019un travail pens\u00e9 dans la dur\u00e9e.<\/p>\t\t\t\t\t\t\t\t<\/div>\n\t\t\t\t<\/div>\n\t\t\t\t<\/div>\n\t\t","protected":false},"excerpt":{"rendered":"<p>L\u2019atelier Val\u00e9rie Barkowski \u00e0 Marrakech : cr\u00e9ation textile, savoir-faire et exigence artisanale \u00a9 RTBF Un atelier vivant, discret, engag\u00e9 Au c\u0153ur de Marrakech, loin des productions anonymes, l\u2019atelier textile Val\u00e9rie Barkowski est un lieu stable, vivant et p\u00e9renne. Depuis plus de deux d\u00e9cennies, une \u00e9quipe fid\u00e8le, compos\u00e9e en grande partie de femmes, y travaille avec &hellip;<\/p>\n","protected":false},"author":1,"featured_media":2766,"parent":0,"menu_order":0,"comment_status":"closed","ping_status":"closed","template":"","meta":{"footnotes":""},"class_list":["post-2634","page","type-page","status-publish","has-post-thumbnail","hentry"],"acf":[],"jetpack_sharing_enabled":true,"_links":{"self":[{"href":"https:\/\/www.valeriebarkowski.com\/fr\/wp-json\/wp\/v2\/pages\/2634","targetHints":{"allow":["GET"]}}],"collection":[{"href":"https:\/\/www.valeriebarkowski.com\/fr\/wp-json\/wp\/v2\/pages"}],"about":[{"href":"https:\/\/www.valeriebarkowski.com\/fr\/wp-json\/wp\/v2\/types\/page"}],"author":[{"embeddable":true,"href":"https:\/\/www.valeriebarkowski.com\/fr\/wp-json\/wp\/v2\/users\/1"}],"replies":[{"embeddable":true,"href":"https:\/\/www.valeriebarkowski.com\/fr\/wp-json\/wp\/v2\/comments?post=2634"}],"version-history":[{"count":195,"href":"https:\/\/www.valeriebarkowski.com\/fr\/wp-json\/wp\/v2\/pages\/2634\/revisions"}],"predecessor-version":[{"id":12667,"href":"https:\/\/www.valeriebarkowski.com\/fr\/wp-json\/wp\/v2\/pages\/2634\/revisions\/12667"}],"wp:featuredmedia":[{"embeddable":true,"href":"https:\/\/www.valeriebarkowski.com\/fr\/wp-json\/wp\/v2\/media\/2766"}],"wp:attachment":[{"href":"https:\/\/www.valeriebarkowski.com\/fr\/wp-json\/wp\/v2\/media?parent=2634"}],"curies":[{"name":"wp","href":"https:\/\/api.w.org\/{rel}","templated":true}]}}