{"id":2715,"date":"2025-07-31T16:18:07","date_gmt":"2025-07-31T14:18:07","guid":{"rendered":"https:\/\/www.refresh.valeriebarkowski.com\/?page_id=2715"},"modified":"2026-02-20T21:00:41","modified_gmt":"2026-02-20T20:00:41","slug":"boutique-marrakech","status":"publish","type":"page","link":"https:\/\/www.valeriebarkowski.com\/fr\/boutique-marrakech\/","title":{"rendered":"Boutique Marrakech"},"content":{"rendered":"\t\t<div data-elementor-type=\"wp-page\" data-elementor-id=\"2715\" class=\"elementor elementor-2715\" wpc-filter-elementor-widget=\"1\">\n\t\t\t\t<div class=\"elementor-element elementor-element-ec3e553 e-flex e-con-boxed e-con e-parent\" data-id=\"ec3e553\" data-element_type=\"container\" data-e-type=\"container\">\n\t\t\t\t\t<div class=\"e-con-inner\">\n\t\t\t\t<div class=\"elementor-element elementor-element-eb340c6 elementor-widget elementor-widget-spacer\" data-id=\"eb340c6\" data-element_type=\"widget\" data-e-type=\"widget\" data-widget_type=\"spacer.default\">\n\t\t\t\t\t\t\t<div class=\"elementor-spacer\">\n\t\t\t<div class=\"elementor-spacer-inner\"><\/div>\n\t\t<\/div>\n\t\t\t\t\t\t<\/div>\n\t\t\t\t\t<\/div>\n\t\t\t\t<\/div>\n\t\t<div class=\"elementor-element elementor-element-1979e13 e-con-full e-flex e-con e-parent\" data-id=\"1979e13\" data-element_type=\"container\" data-e-type=\"container\">\n\t\t\t\t<div class=\"elementor-element elementor-element-d0e251b elementor-widget__width-initial elementor-widget elementor-widget-heading\" data-id=\"d0e251b\" data-element_type=\"widget\" data-e-type=\"widget\" data-widget_type=\"heading.default\">\n\t\t\t\t\t<h1 class=\"elementor-heading-title elementor-size-default\">Boutique de linge de maison et cr\u00e9ations textiles Val\u00e9rie Barkowski \u00e0 Marrakech<\/h1>\t\t\t\t<\/div>\n\t\t\t\t<\/div>\n\t\t<div class=\"elementor-element elementor-element-fcd6a69 e-con-full e-flex e-con e-parent\" data-id=\"fcd6a69\" data-element_type=\"container\" data-e-type=\"container\">\n\t\t<div class=\"elementor-element elementor-element-b8517ce e-con-full e-flex e-con e-child\" data-id=\"b8517ce\" data-element_type=\"container\" data-e-type=\"container\">\n\t\t\t\t<div class=\"elementor-element elementor-element-1cc5fc8 elementor-widget elementor-widget-text-editor\" data-id=\"1cc5fc8\" data-element_type=\"widget\" data-e-type=\"widget\" data-widget_type=\"text-editor.default\">\n\t\t\t\t\t\t\t\t\t<h2>Un savoir-faire pionnier<\/h2><p>Avant que ce soit une tendance, c\u2019\u00e9tait un geste. Quand Val\u00e9rie Barkowski fonde sa marque de <b>linge de maison haut de gamme<\/b>, il y a pr\u00e8s de trente ans, personne ne parle encore de <b><i>slow design<\/i><\/b>, ni de <b>design responsable<\/b>. Ce qu\u2019elle imagine : une collection \u00e9thique et contemporaine, o\u00f9 le savoir-faire traditionnel s\u2019allie \u00e0 une exigence nouvelle : un design durable, \u00e9pur\u00e9 et coh\u00e9rent.<\/p><p>Broderies \u00e0 la main, pompons deschevel\u00e9s, finitions cousues une \u00e0 une&#8230; Chaque d\u00e9tail est pens\u00e9 avec soin, sans jamais trahir sa mati\u00e8re. <b>Cr\u00e9atrice belge install\u00e9e \u00e0 Marrakech<\/b>, elle d\u00e9veloppe un style unique, sobre et reconnaissable, devenu une r\u00e9f\u00e9rence. Aujourd\u2019hui encore, ce style \u00ab\u00a0Val\u00e9rie Barkowski\u00a0\u00bb inspire, se perp\u00e9tue, et dialogue avec celles et ceux qui cherchent une <b>cr\u00e9ation textile haut de gamme<\/b> authentique et intemporelle.<\/p>\t\t\t\t\t\t\t\t<\/div>\n\t\t\t\t<\/div>\n\t\t<div class=\"elementor-element elementor-element-f9a1c0b e-con-full e-flex e-con e-child\" data-id=\"f9a1c0b\" data-element_type=\"container\" data-e-type=\"container\">\n\t\t\t\t<div class=\"elementor-element elementor-element-ea804ff elementor-widget elementor-widget-image\" data-id=\"ea804ff\" data-element_type=\"widget\" data-e-type=\"widget\" data-widget_type=\"image.default\">\n\t\t\t\t\t\t\t\t\t\t\t\t<figure class=\"wp-caption\">\n\t\t\t\t\t\t\t\t\t\t<img fetchpriority=\"high\" decoding=\"async\" width=\"732\" height=\"1024\" src=\"https:\/\/www.valeriebarkowski.com\/wp-content\/uploads\/2025\/10\/valerie-barkowski-store-marrakech-babouches-photo-nicole-francesca-manfron-732x1024.jpg\" class=\"attachment-large size-large wp-image-5798\" alt=\"vbarkowski boutique vitrine marrakech babouches\" srcset=\"https:\/\/www.valeriebarkowski.com\/wp-content\/uploads\/2025\/10\/valerie-barkowski-store-marrakech-babouches-photo-nicole-francesca-manfron-732x1024.jpg 732w, https:\/\/www.valeriebarkowski.com\/wp-content\/uploads\/2025\/10\/valerie-barkowski-store-marrakech-babouches-photo-nicole-francesca-manfron-214x300.jpg 214w, https:\/\/www.valeriebarkowski.com\/wp-content\/uploads\/2025\/10\/valerie-barkowski-store-marrakech-babouches-photo-nicole-francesca-manfron-768x1075.jpg 768w, https:\/\/www.valeriebarkowski.com\/wp-content\/uploads\/2025\/10\/valerie-barkowski-store-marrakech-babouches-photo-nicole-francesca-manfron-350x490.jpg 350w, https:\/\/www.valeriebarkowski.com\/wp-content\/uploads\/2025\/10\/valerie-barkowski-store-marrakech-babouches-photo-nicole-francesca-manfron-680x951.jpg 680w, https:\/\/www.valeriebarkowski.com\/wp-content\/uploads\/2025\/10\/valerie-barkowski-store-marrakech-babouches-photo-nicole-francesca-manfron.jpg 1072w\" sizes=\"(max-width: 732px) 100vw, 732px\" \/>\t\t\t\t\t\t\t\t\t\t\t<figcaption class=\"widget-image-caption wp-caption-text\">\u00a9 Nicole Francesca Manfron<\/figcaption>\n\t\t\t\t\t\t\t\t\t\t<\/figure>\n\t\t\t\t\t\t\t\t\t<\/div>\n\t\t\t\t<\/div>\n\t\t\t\t<\/div>\n\t\t<div class=\"elementor-element elementor-element-07340ca e-flex e-con-boxed e-con e-parent\" data-id=\"07340ca\" data-element_type=\"container\" data-e-type=\"container\">\n\t\t\t\t\t<div class=\"e-con-inner\">\n\t\t\t\t<div class=\"elementor-element elementor-element-a240b19 elementor-widget elementor-widget-spacer\" data-id=\"a240b19\" data-element_type=\"widget\" data-e-type=\"widget\" data-widget_type=\"spacer.default\">\n\t\t\t\t\t\t\t<div class=\"elementor-spacer\">\n\t\t\t<div class=\"elementor-spacer-inner\"><\/div>\n\t\t<\/div>\n\t\t\t\t\t\t<\/div>\n\t\t\t\t\t<\/div>\n\t\t\t\t<\/div>\n\t\t<div class=\"elementor-element elementor-element-bf24ab9 e-flex e-con-boxed e-con e-parent\" data-id=\"bf24ab9\" data-element_type=\"container\" data-e-type=\"container\">\n\t\t\t\t\t<div class=\"e-con-inner\">\n\t\t<div class=\"elementor-element elementor-element-b3719fb e-con-full e-flex e-con e-child\" data-id=\"b3719fb\" data-element_type=\"container\" data-e-type=\"container\">\n\t\t\t\t<div class=\"elementor-element elementor-element-eb2b625 elementor-widget-mobile__width-inherit elementor-widget__width-initial elementor-widget elementor-widget-image\" data-id=\"eb2b625\" data-element_type=\"widget\" data-e-type=\"widget\" data-widget_type=\"image.default\">\n\t\t\t\t\t\t\t\t\t\t\t\t\t\t\t<img decoding=\"async\" width=\"731\" height=\"1024\" src=\"https:\/\/www.valeriebarkowski.com\/wp-content\/uploads\/2025\/08\/valerie-barkowski-store-marrakech-2-731x1024.jpg\" class=\"attachment-large size-large wp-image-2850\" alt=\"Linges de maison (coussins) de la boutique Val\u00e9rie Barkowski \u00e0 Marrakech\" srcset=\"https:\/\/www.valeriebarkowski.com\/wp-content\/uploads\/2025\/08\/valerie-barkowski-store-marrakech-2-731x1024.jpg 731w, https:\/\/www.valeriebarkowski.com\/wp-content\/uploads\/2025\/08\/valerie-barkowski-store-marrakech-2-350x490.jpg 350w, https:\/\/www.valeriebarkowski.com\/wp-content\/uploads\/2025\/08\/valerie-barkowski-store-marrakech-2-680x952.jpg 680w, https:\/\/www.valeriebarkowski.com\/wp-content\/uploads\/2025\/08\/valerie-barkowski-store-marrakech-2-214x300.jpg 214w, https:\/\/www.valeriebarkowski.com\/wp-content\/uploads\/2025\/08\/valerie-barkowski-store-marrakech-2-768x1076.jpg 768w, https:\/\/www.valeriebarkowski.com\/wp-content\/uploads\/2025\/08\/valerie-barkowski-store-marrakech-2.jpg 1071w\" sizes=\"(max-width: 731px) 100vw, 731px\" \/>\t\t\t\t\t\t\t\t\t\t\t\t\t\t\t<\/div>\n\t\t\t\t<\/div>\n\t\t<div class=\"elementor-element elementor-element-c4582df e-con-full e-flex e-con e-child\" data-id=\"c4582df\" data-element_type=\"container\" data-e-type=\"container\">\n\t\t\t\t<div class=\"elementor-element elementor-element-862107f elementor-widget__width-initial elementor-widget elementor-widget-text-editor\" data-id=\"862107f\" data-element_type=\"widget\" data-e-type=\"widget\" data-widget_type=\"text-editor.default\">\n\t\t\t\t\t\t\t\t\t<h2>Le sur-mesure comme exigence<\/h2><p>L\u2019une des signatures de la maison Val\u00e9rie Barkowski, c\u2019est le <b>sur-mesure<\/b>. Une \u00e9coute attentive. Une nappe pour une table ronde. Un format de housse pr\u00e9cis. Une teinte particuli\u00e8re. Chaque pi\u00e8ce peut \u00eatre adapt\u00e9e, personnalis\u00e9e, cr\u00e9\u00e9e selon les envies. <b>Broderies, couleurs, dimensions, finitions<\/b> : rien n\u2019est fig\u00e9.<\/p><p>Dans l\u2019atelier situ\u00e9 aux abords de la M\u00e9dina, <b>chaque projet prend forme dans le dialogue, le besoin, le geste.<\/b> La <b>consultante cr\u00e9ative textile \u00e9thique<\/b> met son <b>expertise de l&rsquo;artisanat marocain<\/b> au service d\u2019architectes, d\u2019h\u00f4teliers ou de particuliers qui cherchent le bon \u00e9quilibre. Des s\u00e9ries limit\u00e9es. Pas de compromis. Une relation directe avec la <b>mati\u00e8re<\/b>, le <b>geste<\/b>, le <b>temps<\/b>.<\/p>\t\t\t\t\t\t\t\t<\/div>\n\t\t\t\t<\/div>\n\t\t\t\t\t<\/div>\n\t\t\t\t<\/div>\n\t\t<div class=\"elementor-element elementor-element-cd3e00e e-flex e-con-boxed e-con e-parent\" data-id=\"cd3e00e\" data-element_type=\"container\" data-e-type=\"container\">\n\t\t\t\t\t<div class=\"e-con-inner\">\n\t\t\t\t<div class=\"elementor-element elementor-element-57d8a34 elementor-widget elementor-widget-spacer\" data-id=\"57d8a34\" data-element_type=\"widget\" data-e-type=\"widget\" data-widget_type=\"spacer.default\">\n\t\t\t\t\t\t\t<div class=\"elementor-spacer\">\n\t\t\t<div class=\"elementor-spacer-inner\"><\/div>\n\t\t<\/div>\n\t\t\t\t\t\t<\/div>\n\t\t\t\t\t<\/div>\n\t\t\t\t<\/div>\n\t\t<div class=\"elementor-element elementor-element-f549325 e-con-full e-flex e-con e-parent\" data-id=\"f549325\" data-element_type=\"container\" data-e-type=\"container\">\n\t\t\t\t<div class=\"elementor-element elementor-element-af5eb7e elementor-widget elementor-widget-text-editor\" data-id=\"af5eb7e\" data-element_type=\"widget\" data-e-type=\"widget\" data-widget_type=\"text-editor.default\">\n\t\t\t\t\t\t\t\t\t<h2>Ce que vous trouverez exclusivement\u00a0en boutique : des accessoires uniques, con\u00e7us \u00e0 la main<\/h2><p>C\u2019est une boutique mais aussi un lieu d\u2019expression. Entre les murs sobres, \u00e0 l\u2019abri des regards, se d\u00e9ploie un univers coh\u00e9rent : <b>linge de maison fait main<\/b>, bien s\u00fbr, mais aussi objets sensibles et pens\u00e9s, s\u00e9lectionn\u00e9s un \u00e0 un, faits pour \u00eatre port\u00e9s ou transmis.<\/p>\t\t\t\t\t\t\t\t<\/div>\n\t\t\t\t<\/div>\n\t\t<div class=\"elementor-element elementor-element-d4678e8 e-flex e-con-boxed e-con e-parent\" data-id=\"d4678e8\" data-element_type=\"container\" data-e-type=\"container\">\n\t\t\t\t\t<div class=\"e-con-inner\">\n\t\t\t\t<div class=\"elementor-element elementor-element-c8eef31 elementor-widget elementor-widget-spacer\" data-id=\"c8eef31\" data-element_type=\"widget\" data-e-type=\"widget\" data-widget_type=\"spacer.default\">\n\t\t\t\t\t\t\t<div class=\"elementor-spacer\">\n\t\t\t<div class=\"elementor-spacer-inner\"><\/div>\n\t\t<\/div>\n\t\t\t\t\t\t<\/div>\n\t\t\t\t\t<\/div>\n\t\t\t\t<\/div>\n\t\t<div class=\"elementor-element elementor-element-2a13e31 e-con-full e-flex e-con e-parent\" data-id=\"2a13e31\" data-element_type=\"container\" data-e-type=\"container\">\n\t\t\t\t<div class=\"elementor-element elementor-element-119f61e elementor-arrows-position-inside elementor-pagination-position-outside elementor-widget elementor-widget-image-carousel\" data-id=\"119f61e\" data-element_type=\"widget\" data-e-type=\"widget\" data-settings=\"{&quot;slides_to_show&quot;:&quot;2&quot;,&quot;lazyload&quot;:&quot;yes&quot;,&quot;image_spacing_custom&quot;:{&quot;unit&quot;:&quot;px&quot;,&quot;size&quot;:50,&quot;sizes&quot;:[]},&quot;navigation&quot;:&quot;both&quot;,&quot;autoplay&quot;:&quot;yes&quot;,&quot;pause_on_hover&quot;:&quot;yes&quot;,&quot;pause_on_interaction&quot;:&quot;yes&quot;,&quot;autoplay_speed&quot;:5000,&quot;infinite&quot;:&quot;yes&quot;,&quot;speed&quot;:500,&quot;image_spacing_custom_tablet&quot;:{&quot;unit&quot;:&quot;px&quot;,&quot;size&quot;:&quot;&quot;,&quot;sizes&quot;:[]},&quot;image_spacing_custom_mobile&quot;:{&quot;unit&quot;:&quot;px&quot;,&quot;size&quot;:&quot;&quot;,&quot;sizes&quot;:[]}}\" data-widget_type=\"image-carousel.default\">\n\t\t\t\t\t\t\t<div class=\"elementor-image-carousel-wrapper swiper\" role=\"region\" aria-roledescription=\"carousel\" aria-label=\"Carrousel d\u2019images\" dir=\"ltr\">\n\t\t\t<div class=\"elementor-image-carousel swiper-wrapper\" aria-live=\"off\">\n\t\t\t\t\t\t\t\t<div class=\"swiper-slide\" role=\"group\" aria-roledescription=\"slide\" aria-label=\"1 sur 7\"><figure class=\"swiper-slide-inner\"><img class=\"swiper-slide-image swiper-lazy\" data-src=\"https:\/\/www.valeriebarkowski.com\/wp-content\/uploads\/2025\/08\/valerie-barkowski-store-marrakech-5-1.jpg\" alt=\"Mannequins et babouches de la boutique Val\u00e9rie Barkowski \u00e0 Marrakech\" \/><div class=\"swiper-lazy-preloader\"><\/div><figcaption class=\"elementor-image-carousel-caption\">\u00a9Tania Panova<\/figcaption><\/figure><\/div><div class=\"swiper-slide\" role=\"group\" aria-roledescription=\"slide\" aria-label=\"2 sur 7\"><figure class=\"swiper-slide-inner\"><img class=\"swiper-slide-image swiper-lazy\" data-src=\"https:\/\/www.valeriebarkowski.com\/wp-content\/uploads\/2025\/11\/valerie-barkowski-boutique-marrakech-linge-table-khamsa-tpanova-photo.jpg\" alt=\"boutique marrakech art de la table collection\" \/><div class=\"swiper-lazy-preloader\"><\/div><figcaption class=\"elementor-image-carousel-caption\">\u00a9Tania Panova<\/figcaption><\/figure><\/div><div class=\"swiper-slide\" role=\"group\" aria-roledescription=\"slide\" aria-label=\"3 sur 7\"><figure class=\"swiper-slide-inner\"><img class=\"swiper-slide-image swiper-lazy\" data-src=\"https:\/\/www.valeriebarkowski.com\/wp-content\/uploads\/2025\/11\/valerie-barkowski-store-marrakech-photo-couleurs-maroc-mag.jpg\" alt=\"linge de lit collection boutique marrakech\" \/><div class=\"swiper-lazy-preloader\"><\/div><figcaption class=\"elementor-image-carousel-caption\">\u00a9Couleurs Maroc<\/figcaption><\/figure><\/div><div class=\"swiper-slide\" role=\"group\" aria-roledescription=\"slide\" aria-label=\"4 sur 7\"><figure class=\"swiper-slide-inner\"><img class=\"swiper-slide-image swiper-lazy\" data-src=\"https:\/\/www.valeriebarkowski.com\/wp-content\/uploads\/2025\/08\/valerie-barkowski-store-marrakech-9.jpg\" alt=\"Draps de bain CALI de la boutique Val\u00e9rie Barkowski \u00e0 Marrakech\" \/><div class=\"swiper-lazy-preloader\"><\/div><figcaption class=\"elementor-image-carousel-caption\">\u00a9Nicole Francesca Manfron<\/figcaption><\/figure><\/div><div class=\"swiper-slide\" role=\"group\" aria-roledescription=\"slide\" aria-label=\"5 sur 7\"><figure class=\"swiper-slide-inner\"><img class=\"swiper-slide-image swiper-lazy\" data-src=\"https:\/\/www.valeriebarkowski.com\/wp-content\/uploads\/2025\/08\/valerie-barkowski-store-marrakech-11.jpg\" alt=\"Babouches ZOLO de la boutique Val\u00e9rie Barkowski \u00e0 Marrakech\" \/><div class=\"swiper-lazy-preloader\"><\/div><figcaption class=\"elementor-image-carousel-caption\">\u00a9Nicole Francesca Manfron<\/figcaption><\/figure><\/div><div class=\"swiper-slide\" role=\"group\" aria-roledescription=\"slide\" aria-label=\"6 sur 7\"><figure class=\"swiper-slide-inner\"><img class=\"swiper-slide-image swiper-lazy\" data-src=\"https:\/\/www.valeriebarkowski.com\/wp-content\/uploads\/2025\/08\/valerie-barkowski-store-marrakech-10.jpg\" alt=\"Accessoire pi\u00e8ce unique de la boutique Val\u00e9rie Barkowski \u00e0 Marrakech\" \/><div class=\"swiper-lazy-preloader\"><\/div><figcaption class=\"elementor-image-carousel-caption\">\u00a9Tania Panova<\/figcaption><\/figure><\/div><div class=\"swiper-slide\" role=\"group\" aria-roledescription=\"slide\" aria-label=\"7 sur 7\"><figure class=\"swiper-slide-inner\"><img class=\"swiper-slide-image swiper-lazy\" data-src=\"https:\/\/www.valeriebarkowski.com\/wp-content\/uploads\/2025\/08\/valerie-barkowski-store-marrakech-7.jpg\" alt=\"Boutique Val\u00e9rie Barkowski \u00e0 Marrakech\" \/><div class=\"swiper-lazy-preloader\"><\/div><figcaption class=\"elementor-image-carousel-caption\">\u00a9Couleurs Maroc<\/figcaption><\/figure><\/div>\t\t\t<\/div>\n\t\t\t\t\t\t\t\t\t\t\t\t<div class=\"elementor-swiper-button elementor-swiper-button-prev\" role=\"button\" tabindex=\"0\">\n\t\t\t\t\t\t<svg aria-hidden=\"true\" class=\"e-font-icon-svg e-eicon-chevron-left\" viewBox=\"0 0 1000 1000\" xmlns=\"http:\/\/www.w3.org\/2000\/svg\"><path d=\"M646 125C629 125 613 133 604 142L308 442C296 454 292 471 292 487 292 504 296 521 308 533L604 854C617 867 629 875 646 875 663 875 679 871 692 858 704 846 713 829 713 812 713 796 708 779 692 767L438 487 692 225C700 217 708 204 708 187 708 171 704 154 692 142 675 129 663 125 646 125Z\"><\/path><\/svg>\t\t\t\t\t<\/div>\n\t\t\t\t\t<div class=\"elementor-swiper-button elementor-swiper-button-next\" role=\"button\" tabindex=\"0\">\n\t\t\t\t\t\t<svg aria-hidden=\"true\" class=\"e-font-icon-svg e-eicon-chevron-right\" viewBox=\"0 0 1000 1000\" xmlns=\"http:\/\/www.w3.org\/2000\/svg\"><path d=\"M696 533C708 521 713 504 713 487 713 471 708 454 696 446L400 146C388 133 375 125 354 125 338 125 325 129 313 142 300 154 292 171 292 187 292 204 296 221 308 233L563 492 304 771C292 783 288 800 288 817 288 833 296 850 308 863 321 871 338 875 354 875 371 875 388 867 400 854L696 533Z\"><\/path><\/svg>\t\t\t\t\t<\/div>\n\t\t\t\t\n\t\t\t\t\t\t\t\t\t<div class=\"swiper-pagination\"><\/div>\n\t\t\t\t\t\t\t\t\t<\/div>\n\t\t\t\t\t\t<\/div>\n\t\t\t\t<\/div>\n\t\t<div class=\"elementor-element elementor-element-7c24eeb e-flex e-con-boxed e-con e-parent\" data-id=\"7c24eeb\" data-element_type=\"container\" data-e-type=\"container\">\n\t\t\t\t\t<div class=\"e-con-inner\">\n\t\t\t\t<div class=\"elementor-element elementor-element-9be372b elementor-widget elementor-widget-spacer\" data-id=\"9be372b\" data-element_type=\"widget\" data-e-type=\"widget\" data-widget_type=\"spacer.default\">\n\t\t\t\t\t\t\t<div class=\"elementor-spacer\">\n\t\t\t<div class=\"elementor-spacer-inner\"><\/div>\n\t\t<\/div>\n\t\t\t\t\t\t<\/div>\n\t\t\t\t\t<\/div>\n\t\t\t\t<\/div>\n\t\t<div class=\"elementor-element elementor-element-7c00760 e-con-full e-flex e-con e-parent\" data-id=\"7c00760\" data-element_type=\"container\" data-e-type=\"container\">\n\t\t\t\t<div class=\"elementor-element elementor-element-75eda09 elementor-widget elementor-widget-text-editor\" data-id=\"75eda09\" data-element_type=\"widget\" data-e-type=\"widget\" data-widget_type=\"text-editor.default\">\n\t\t\t\t\t\t\t\t\t<p><b>Babouches, foulards brod\u00e9s, colliers en perles anciennes, sacs cousus main, djellabas<\/b> au tomber juste\u2026 Rien n\u2019imite, tout se transforme. Chaque pi\u00e8ce fait un pas de c\u00f4t\u00e9 pour offrir une lecture nouvelle, fid\u00e8le mais affranchie. Chaque pi\u00e8ce porte une histoire. Beaucoup font appel au <b>r\u00e9emploi<\/b>, \u00e0 des techniques anciennes, \u00e0 un <strong>artisanat marocain emprunt de design contemporain<\/strong>.<\/p><p>Une s\u00e9lection d&rsquo;objets n\u2019est disponible qu\u2019ici, dans cette <strong>vitrine atypique<\/strong>. Ce choix, c\u2019est aussi le plaisir de repartir avec <strong>quelque chose qu\u2019on ne trouvera nulle part ailleurs<\/strong>. Une forme de raret\u00e9, discr\u00e8te, mais pr\u00e9cieuse.<\/p>\t\t\t\t\t\t\t\t<\/div>\n\t\t\t\t<\/div>\n\t\t<div class=\"elementor-element elementor-element-9e4e0ca e-flex e-con-boxed e-con e-parent\" data-id=\"9e4e0ca\" data-element_type=\"container\" data-e-type=\"container\">\n\t\t\t\t\t<div class=\"e-con-inner\">\n\t\t\t\t<div class=\"elementor-element elementor-element-505b37a elementor-widget elementor-widget-spacer\" data-id=\"505b37a\" data-element_type=\"widget\" data-e-type=\"widget\" data-widget_type=\"spacer.default\">\n\t\t\t\t\t\t\t<div class=\"elementor-spacer\">\n\t\t\t<div class=\"elementor-spacer-inner\"><\/div>\n\t\t<\/div>\n\t\t\t\t\t\t<\/div>\n\t\t\t\t\t<\/div>\n\t\t\t\t<\/div>\n\t\t<div class=\"elementor-element elementor-element-8ef135d e-con-full e-flex e-con e-parent\" data-id=\"8ef135d\" data-element_type=\"container\" data-e-type=\"container\">\n\t\t\t\t<div class=\"elementor-element elementor-element-fb7d3e4 elementor-widget elementor-widget-text-editor\" data-id=\"fb7d3e4\" data-element_type=\"widget\" data-e-type=\"widget\" data-widget_type=\"text-editor.default\">\n\t\t\t\t\t\t\t\t\t<p><strong>Boutique V.Barkowski<\/strong><br \/>142 Arset Aouzel (\u00e0 c\u00f4t\u00e9 de Mustapha Blaoui)<br \/>Dar El Bacha \u2013 Bab Doukkala \u2013 M\u00e9dina \u2013 Marrakech<br \/>Horaires d\u2019ouverture : tous les jours de 10h \u00e0 19h<\/p><p><a href=\"tel:+212624494001\">+212 (0)6 24 49 40 01<\/a><br \/><a href=\"mailto:vbstore@valeriebarkowski.com\">vbstore@valeriebarkowski.com<\/a><\/p>\t\t\t\t\t\t\t\t<\/div>\n\t\t\t\t<\/div>\n\t\t\t\t<\/div>\n\t\t","protected":false},"excerpt":{"rendered":"<p>Boutique de linge de maison et cr\u00e9ations textiles Val\u00e9rie Barkowski \u00e0 Marrakech Un savoir-faire pionnier Avant que ce soit une tendance, c\u2019\u00e9tait un geste. Quand Val\u00e9rie Barkowski fonde sa marque de linge de maison haut de gamme, il y a pr\u00e8s de trente ans, personne ne parle encore de slow design, ni de design responsable. &hellip;<\/p>\n","protected":false},"author":1,"featured_media":2789,"parent":0,"menu_order":0,"comment_status":"closed","ping_status":"closed","template":"","meta":{"footnotes":""},"class_list":["post-2715","page","type-page","status-publish","has-post-thumbnail","hentry"],"acf":[],"jetpack_sharing_enabled":true,"_links":{"self":[{"href":"https:\/\/www.valeriebarkowski.com\/fr\/wp-json\/wp\/v2\/pages\/2715","targetHints":{"allow":["GET"]}}],"collection":[{"href":"https:\/\/www.valeriebarkowski.com\/fr\/wp-json\/wp\/v2\/pages"}],"about":[{"href":"https:\/\/www.valeriebarkowski.com\/fr\/wp-json\/wp\/v2\/types\/page"}],"author":[{"embeddable":true,"href":"https:\/\/www.valeriebarkowski.com\/fr\/wp-json\/wp\/v2\/users\/1"}],"replies":[{"embeddable":true,"href":"https:\/\/www.valeriebarkowski.com\/fr\/wp-json\/wp\/v2\/comments?post=2715"}],"version-history":[{"count":166,"href":"https:\/\/www.valeriebarkowski.com\/fr\/wp-json\/wp\/v2\/pages\/2715\/revisions"}],"predecessor-version":[{"id":12674,"href":"https:\/\/www.valeriebarkowski.com\/fr\/wp-json\/wp\/v2\/pages\/2715\/revisions\/12674"}],"wp:featuredmedia":[{"embeddable":true,"href":"https:\/\/www.valeriebarkowski.com\/fr\/wp-json\/wp\/v2\/media\/2789"}],"wp:attachment":[{"href":"https:\/\/www.valeriebarkowski.com\/fr\/wp-json\/wp\/v2\/media?parent=2715"}],"curies":[{"name":"wp","href":"https:\/\/api.w.org\/{rel}","templated":true}]}}