{"id":2717,"date":"2025-07-31T16:18:41","date_gmt":"2025-07-31T14:18:41","guid":{"rendered":"https:\/\/www.refresh.valeriebarkowski.com\/?page_id=2717"},"modified":"2026-02-20T21:16:24","modified_gmt":"2026-02-20T20:16:24","slug":"consultance","status":"publish","type":"page","link":"https:\/\/www.valeriebarkowski.com\/fr\/consultance\/","title":{"rendered":"Consultance"},"content":{"rendered":"\t\t<div data-elementor-type=\"wp-page\" data-elementor-id=\"2717\" class=\"elementor elementor-2717\" wpc-filter-elementor-widget=\"1\">\n\t\t\t\t<div class=\"elementor-element elementor-element-b407cab e-flex e-con-boxed e-con e-parent\" data-id=\"b407cab\" data-element_type=\"container\" data-e-type=\"container\">\n\t\t\t\t\t<div class=\"e-con-inner\">\n\t\t\t\t<div class=\"elementor-element elementor-element-58260a7 elementor-widget__width-initial elementor-widget elementor-widget-heading\" data-id=\"58260a7\" data-element_type=\"widget\" data-e-type=\"widget\" data-widget_type=\"heading.default\">\n\t\t\t\t\t<h1 class=\"elementor-heading-title elementor-size-default\">Consulting : une implication \u00e0 la fois esth\u00e9tique, humaine et concr\u00e8te<\/h1>\t\t\t\t<\/div>\n\t\t\t\t\t<\/div>\n\t\t\t\t<\/div>\n\t\t<div class=\"elementor-element elementor-element-8276781 e-con-full e-flex e-con e-parent\" data-id=\"8276781\" data-element_type=\"container\" data-e-type=\"container\">\n\t\t<div class=\"elementor-element elementor-element-2da3687 e-con-full e-flex e-con e-child\" data-id=\"2da3687\" data-element_type=\"container\" data-e-type=\"container\">\n\t\t\t\t<div class=\"elementor-element elementor-element-be64c76 elementor-widget elementor-widget-text-editor\" data-id=\"be64c76\" data-element_type=\"widget\" data-e-type=\"widget\" data-widget_type=\"text-editor.default\">\n\t\t\t\t\t\t\t\t\t<h2>Une posture de cr\u00e9atrice, pas d&rsquo;agence<\/h2><p>Je ne dirige pas une agence. Je ne d\u00e9l\u00e8gue pas. J\u2019accompagne peu de projets, mais je le fais pleinement. Mon r\u00f4le n\u2019est pas d\u2019apporter un effet, mais une <b>coh\u00e9rence<\/b>. Ce que je cherche, c\u2019est la <b>justesse<\/b>. Celle qui \u00e9claire, qui rassemble, qui fait durer.<\/p><p>Depuis plus de vingt-cinq ans, j\u2019alterne <b>cr\u00e9ation<\/b>, <b>production<\/b>, <b>direction artistique<\/b> et <b>construction d\u2019univers<\/b>, dans des pays aux cultures et contextes vari\u00e9s : Maroc, Inde, Vietnam, Russie, France, Belgique, Espagne, Italie, Suisse. Ce chemin, fait de projets et de rencontres, m\u2019a permis d\u2019affiner un regard <b>transversal<\/b>, <b>sensible<\/b>, mais aussi solidement arrim\u00e9 \u00e0 la <b>r\u00e9alit\u00e9 du terrain<\/b>, l\u00e0 o\u00f9 les id\u00e9es doivent se confronter au faire.<\/p><p><a href=\"https:\/\/www.valeriebarkowski.com\/fr\/a-propos-valerie-barkowski\/\"><b>\u2192<\/b> En savoir plus sur mon parcours<\/a><\/p>\t\t\t\t\t\t\t\t<\/div>\n\t\t\t\t<\/div>\n\t\t<div class=\"elementor-element elementor-element-9dad588 e-con-full e-flex e-con e-child\" data-id=\"9dad588\" data-element_type=\"container\" data-e-type=\"container\">\n\t\t\t\t<div class=\"elementor-element elementor-element-3eecc46 elementor-widget-tablet__width-inherit elementor-widget elementor-widget-image\" data-id=\"3eecc46\" data-element_type=\"widget\" data-e-type=\"widget\" data-widget_type=\"image.default\">\n\t\t\t\t\t\t\t\t\t\t\t\t<figure class=\"wp-caption\">\n\t\t\t\t\t\t\t\t\t\t<img fetchpriority=\"high\" decoding=\"async\" width=\"1024\" height=\"731\" src=\"https:\/\/www.valeriebarkowski.com\/wp-content\/uploads\/2025\/11\/consulting-valerie-barkowski-portrait-photo-delphine-warin-1024x731.jpg\" class=\"attachment-large size-large wp-image-7381\" alt=\"portrait photo valerie barkowski consulting\" srcset=\"https:\/\/www.valeriebarkowski.com\/wp-content\/uploads\/2025\/11\/consulting-valerie-barkowski-portrait-photo-delphine-warin-1024x731.jpg 1024w, https:\/\/www.valeriebarkowski.com\/wp-content\/uploads\/2025\/11\/consulting-valerie-barkowski-portrait-photo-delphine-warin-300x214.jpg 300w, https:\/\/www.valeriebarkowski.com\/wp-content\/uploads\/2025\/11\/consulting-valerie-barkowski-portrait-photo-delphine-warin-768x548.jpg 768w, https:\/\/www.valeriebarkowski.com\/wp-content\/uploads\/2025\/11\/consulting-valerie-barkowski-portrait-photo-delphine-warin-350x250.jpg 350w, https:\/\/www.valeriebarkowski.com\/wp-content\/uploads\/2025\/11\/consulting-valerie-barkowski-portrait-photo-delphine-warin-680x486.jpg 680w, https:\/\/www.valeriebarkowski.com\/wp-content\/uploads\/2025\/11\/consulting-valerie-barkowski-portrait-photo-delphine-warin.jpg 1500w\" sizes=\"(max-width: 1024px) 100vw, 1024px\" \/>\t\t\t\t\t\t\t\t\t\t\t<figcaption class=\"widget-image-caption wp-caption-text\">\u00a9Delphine Warin<\/figcaption>\n\t\t\t\t\t\t\t\t\t\t<\/figure>\n\t\t\t\t\t\t\t\t\t<\/div>\n\t\t\t\t<\/div>\n\t\t\t\t<\/div>\n\t\t<div class=\"elementor-element elementor-element-a786790 e-flex e-con-boxed e-con e-parent\" data-id=\"a786790\" data-element_type=\"container\" data-e-type=\"container\">\n\t\t\t\t\t<div class=\"e-con-inner\">\n\t\t\t\t<div class=\"elementor-element elementor-element-cef4f8d elementor-widget elementor-widget-spacer\" data-id=\"cef4f8d\" data-element_type=\"widget\" data-e-type=\"widget\" data-widget_type=\"spacer.default\">\n\t\t\t\t\t\t\t<div class=\"elementor-spacer\">\n\t\t\t<div class=\"elementor-spacer-inner\"><\/div>\n\t\t<\/div>\n\t\t\t\t\t\t<\/div>\n\t\t\t\t\t<\/div>\n\t\t\t\t<\/div>\n\t\t<div class=\"elementor-element elementor-element-0b0ca61 e-con-full e-flex e-con e-parent\" data-id=\"0b0ca61\" data-element_type=\"container\" data-e-type=\"container\">\n\t\t\t\t<div class=\"elementor-element elementor-element-f6b73a4 elementor-widget elementor-widget-text-editor\" data-id=\"f6b73a4\" data-element_type=\"widget\" data-e-type=\"widget\" data-widget_type=\"text-editor.default\">\n\t\t\t\t\t\t\t\t\t<h2>Accompagner ce qui doit \u00e9merger<\/h2><p>Je suis souvent appel\u00e9e au tout d\u00e9but, quand le projet se cherche encore. Ou plus tard, quand il a besoin d\u2019\u00eatre <b>clarifi\u00e9<\/b>, <b>r\u00e9align\u00e9<\/b>, <b>repens\u00e9<\/b>. J\u2019interviens sur un segment pr\u00e9cis ou dans la dur\u00e9e, selon les besoins. Toujours en dialogue, toujours en libert\u00e9.<\/p><p>J\u2019aide \u00e0 faire na\u00eetre une <b>vision<\/b> : claire, <b>coh\u00e9rente<\/b>, <b>sensible<\/b>. Je ne viens pas avec une m\u00e9thode, mais avec un <b>engagement sinc\u00e8re<\/b>. Et une exigence : celle de respecter l\u2019espace, le projet, les personnes.<\/p>\t\t\t\t\t\t\t\t<\/div>\n\t\t\t\t<div class=\"elementor-element elementor-element-62f373b elementor-arrows-position-inside elementor-pagination-position-outside elementor-widget elementor-widget-image-carousel\" data-id=\"62f373b\" data-element_type=\"widget\" data-e-type=\"widget\" data-settings=\"{&quot;slides_to_show&quot;:&quot;2&quot;,&quot;image_spacing_custom&quot;:{&quot;unit&quot;:&quot;px&quot;,&quot;size&quot;:50,&quot;sizes&quot;:[]},&quot;navigation&quot;:&quot;both&quot;,&quot;autoplay&quot;:&quot;yes&quot;,&quot;pause_on_hover&quot;:&quot;yes&quot;,&quot;pause_on_interaction&quot;:&quot;yes&quot;,&quot;autoplay_speed&quot;:5000,&quot;infinite&quot;:&quot;yes&quot;,&quot;speed&quot;:500,&quot;image_spacing_custom_tablet&quot;:{&quot;unit&quot;:&quot;px&quot;,&quot;size&quot;:&quot;&quot;,&quot;sizes&quot;:[]},&quot;image_spacing_custom_mobile&quot;:{&quot;unit&quot;:&quot;px&quot;,&quot;size&quot;:&quot;&quot;,&quot;sizes&quot;:[]}}\" data-widget_type=\"image-carousel.default\">\n\t\t\t\t\t\t\t<div class=\"elementor-image-carousel-wrapper swiper\" role=\"region\" aria-roledescription=\"carousel\" aria-label=\"Carrousel d\u2019images\" dir=\"ltr\">\n\t\t\t<div class=\"elementor-image-carousel swiper-wrapper\" aria-live=\"off\">\n\t\t\t\t\t\t\t\t<div class=\"swiper-slide\" role=\"group\" aria-roledescription=\"slide\" aria-label=\"1 sur 5\"><figure class=\"swiper-slide-inner\"><img decoding=\"async\" class=\"swiper-slide-image\" src=\"https:\/\/www.valeriebarkowski.com\/wp-content\/uploads\/2025\/11\/vbarkowski-projet-consulting-india-ambassador.jpg\" alt=\"photographie voiture brod\u00e9e india\" \/><figcaption class=\"elementor-image-carousel-caption\">The embroidered Ambassador \u00a9Nicolas Tosi photo<\/figcaption><\/figure><\/div><div class=\"swiper-slide\" role=\"group\" aria-roledescription=\"slide\" aria-label=\"2 sur 5\"><figure class=\"swiper-slide-inner\"><img decoding=\"async\" class=\"swiper-slide-image\" src=\"https:\/\/www.valeriebarkowski.com\/wp-content\/uploads\/2025\/11\/valerie-barkowski-projet-mia-zia-winter-collection-2003.jpg\" alt=\"Mia Zia winter collection 2003\" \/><figcaption class=\"elementor-image-carousel-caption\">Mia Zia 2003 \u00a9Nicolas Tosi photo<\/figcaption><\/figure><\/div><div class=\"swiper-slide\" role=\"group\" aria-roledescription=\"slide\" aria-label=\"3 sur 5\"><figure class=\"swiper-slide-inner\"><img decoding=\"async\" class=\"swiper-slide-image\" src=\"https:\/\/www.valeriebarkowski.com\/wp-content\/uploads\/2025\/11\/valerie-barkowski-projet-consulting-ship-sudan-linge-egypte.jpg\" alt=\"steam ship sudan egypt collaboration\" \/><figcaption class=\"elementor-image-carousel-caption\">Steam Ship Sudan 2025 - Voyageurs du Monde<\/figcaption><\/figure><\/div><div class=\"swiper-slide\" role=\"group\" aria-roledescription=\"slide\" aria-label=\"4 sur 5\"><figure class=\"swiper-slide-inner\"><img decoding=\"async\" class=\"swiper-slide-image\" src=\"https:\/\/www.valeriebarkowski.com\/wp-content\/uploads\/2025\/10\/valerie-barkowski-projet-misaotra-doll-ngo-merci.jpg\" alt=\"doll design pour une ONG\" \/><figcaption class=\"elementor-image-carousel-caption\">Merci Paris 2019<\/figcaption><\/figure><\/div><div class=\"swiper-slide\" role=\"group\" aria-roledescription=\"slide\" aria-label=\"5 sur 5\"><figure class=\"swiper-slide-inner\"><img decoding=\"async\" class=\"swiper-slide-image\" src=\"https:\/\/www.valeriebarkowski.com\/wp-content\/uploads\/2025\/08\/valerie-barkowski-consultance-2.jpg\" alt=\"Val\u00e9rie Barkowski, consultante en design et direction artistique\" \/><figcaption class=\"elementor-image-carousel-caption\">Bandit Queen 2010  \u00a9Vincent N'Guyen photo<\/figcaption><\/figure><\/div>\t\t\t<\/div>\n\t\t\t\t\t\t\t\t\t\t\t\t<div class=\"elementor-swiper-button elementor-swiper-button-prev\" role=\"button\" tabindex=\"0\">\n\t\t\t\t\t\t<svg aria-hidden=\"true\" class=\"e-font-icon-svg e-eicon-chevron-left\" viewBox=\"0 0 1000 1000\" xmlns=\"http:\/\/www.w3.org\/2000\/svg\"><path d=\"M646 125C629 125 613 133 604 142L308 442C296 454 292 471 292 487 292 504 296 521 308 533L604 854C617 867 629 875 646 875 663 875 679 871 692 858 704 846 713 829 713 812 713 796 708 779 692 767L438 487 692 225C700 217 708 204 708 187 708 171 704 154 692 142 675 129 663 125 646 125Z\"><\/path><\/svg>\t\t\t\t\t<\/div>\n\t\t\t\t\t<div class=\"elementor-swiper-button elementor-swiper-button-next\" role=\"button\" tabindex=\"0\">\n\t\t\t\t\t\t<svg aria-hidden=\"true\" class=\"e-font-icon-svg e-eicon-chevron-right\" viewBox=\"0 0 1000 1000\" xmlns=\"http:\/\/www.w3.org\/2000\/svg\"><path d=\"M696 533C708 521 713 504 713 487 713 471 708 454 696 446L400 146C388 133 375 125 354 125 338 125 325 129 313 142 300 154 292 171 292 187 292 204 296 221 308 233L563 492 304 771C292 783 288 800 288 817 288 833 296 850 308 863 321 871 338 875 354 875 371 875 388 867 400 854L696 533Z\"><\/path><\/svg>\t\t\t\t\t<\/div>\n\t\t\t\t\n\t\t\t\t\t\t\t\t\t<div class=\"swiper-pagination\"><\/div>\n\t\t\t\t\t\t\t\t\t<\/div>\n\t\t\t\t\t\t<\/div>\n\t\t\t\t<\/div>\n\t\t<div class=\"elementor-element elementor-element-3a6781e e-con-full e-flex e-con e-parent\" data-id=\"3a6781e\" data-element_type=\"container\" data-e-type=\"container\">\n\t\t\t\t<div class=\"elementor-element elementor-element-0174346 elementor-widget elementor-widget-spacer\" data-id=\"0174346\" data-element_type=\"widget\" data-e-type=\"widget\" data-widget_type=\"spacer.default\">\n\t\t\t\t\t\t\t<div class=\"elementor-spacer\">\n\t\t\t<div class=\"elementor-spacer-inner\"><\/div>\n\t\t<\/div>\n\t\t\t\t\t\t<\/div>\n\t\t\t\t<div class=\"elementor-element elementor-element-ea88712 elementor-widget elementor-widget-text-editor\" data-id=\"ea88712\" data-element_type=\"widget\" data-e-type=\"widget\" data-widget_type=\"text-editor.default\">\n\t\t\t\t\t\t\t\t\t<h2>Domaines d\u2019intervention<\/h2><h3>D\u00e9veloppement de marques et de conseils cr\u00e9atifs<\/h3><p>Je m\u2019implique d\u00e8s la gen\u00e8se, l\u00e0 o\u00f9 les id\u00e9es sont encore fragiles, floues, intuitives. Mon r\u00f4le est de les aider \u00e0 prendre forme, \u00e0 trouver leur ligne, leur voix, leur <b>coh\u00e9rence globale<\/b>. Il ne s\u2019agit pas de cr\u00e9er une image, mais un <b>socle identitaire<\/b> : un projet qui a du sens, une <b>esth\u00e9tique<\/b> qui parle juste, une <b>vision<\/b> qui r\u00e9siste aux tendances (<b>accompagnement cr\u00e9atif<\/b>, <b>cr\u00e9ation de concept identitaire<\/b>).<\/p><h3>Projets h\u00f4teliers<\/h3><p>Un h\u00f4tel n\u2019est pas un d\u00e9cor. C\u2019est un lieu de passage, d\u2019accueil, d\u2019exp\u00e9rience. J\u2019interviens pour <b>structurer le concept<\/b>, <b>affiner le positionnement<\/b>, et donner \u00e0 l\u2019ensemble une <b>coh\u00e9rence sensorielle<\/b>, de l\u2019atmosph\u00e8re au textile, de l\u2019intention au d\u00e9tail. Chaque geste compte. Ce qui m\u2019int\u00e9resse, c\u2019est la mani\u00e8re dont un lieu peut raconter une histoire, sans mots. (<b>consultante h\u00f4tellerie concept<\/b>, <b>design global<\/b>).<\/p><p>\u2192 <a href=\"https:\/\/www.valeriebarkowski.com\/fr\/riad-dar-kawa\/\">Voir le projet Dar Kawa<\/a><\/p><h3>Produits ou s\u00e9ries sur mesure<\/h3><p>Je con\u00e7ois des objets, du linge de maison, des pi\u00e8ces textiles, des accessoires, toujours pens\u00e9s pour <b>prolonger une identit\u00e9<\/b>, <b>r\u00e9v\u00e9ler un lieu<\/b>, ou <b>porter un message<\/b>. Chaque cr\u00e9ation na\u00eet d\u2019un \u00e9change, d\u2019un besoin, d\u2019une envie pr\u00e9cise. J\u2019aime ce qui prend le temps d\u2019exister, \u00e0 travers le <b>geste artisanal<\/b>. (<b>consultante design textile<\/b>, <b>d\u00e9veloppement produit sur mesure<\/b>).<\/p><h3>Direction artistique<\/h3><p>D\u00e9finir une <b>direction visuelle<\/b> ou <b>sensorielle<\/b>, c\u2019est tenir un fil. Trouver la bonne lumi\u00e8re, la bonne mati\u00e8re, le bon ton. J\u2019accompagne les projets dans la cr\u00e9ation de leur <b>identit\u00e9 visuelle globale<\/b> : photographie, narration, ambiance, <b>rythme \u00e9ditorial<\/b>. Je fais peu, mais avec pr\u00e9cision. Et toujours en <b>coh\u00e9rence<\/b> avec l\u2019ensemble. (<b>conseil en storytelling visuel<\/b>, <b>direction artistique ind\u00e9pendante<\/b>).<\/p><h3>Structuration de projet et mise en place d\u2019\u00e9quipe<\/h3><p>Un projet ne tient pas tout seul. Il a besoin de <b>structure<\/b>, de relais, d\u2019une \u00e9quipe \u00e0 l\u2019\u00e9coute. Je mets en place des <b>processus<\/b>, des outils, je compose les \u00e9quipes. L\u2019id\u00e9e, c\u2019est que tout soit <b>fluide<\/b>, <b>lisible<\/b>, <b>op\u00e9rationnel<\/b> pour que la <b>vision<\/b> puisse se r\u00e9aliser avec <b>exigence<\/b> et <b>humanit\u00e9<\/b>. (<b>structuration de projet cr\u00e9atif<\/b>, <b>accompagnement projet sensible<\/b>).<\/p>\t\t\t\t\t\t\t\t<\/div>\n\t\t\t\t<div class=\"elementor-element elementor-element-7e86e4c elementor-widget elementor-widget-spacer\" data-id=\"7e86e4c\" data-element_type=\"widget\" data-e-type=\"widget\" data-widget_type=\"spacer.default\">\n\t\t\t\t\t\t\t<div class=\"elementor-spacer\">\n\t\t\t<div class=\"elementor-spacer-inner\"><\/div>\n\t\t<\/div>\n\t\t\t\t\t\t<\/div>\n\t\t\t\t<\/div>\n\t\t<div class=\"elementor-element elementor-element-2975e01 e-con-full e-flex e-con e-parent\" data-id=\"2975e01\" data-element_type=\"container\" data-e-type=\"container\">\n\t\t\t\t<div class=\"elementor-element elementor-element-dfad400 elementor-widget__width-auto elementor-widget-tablet__width-auto elementor-arrows-position-inside elementor-pagination-position-outside elementor-widget elementor-widget-image-carousel\" data-id=\"dfad400\" data-element_type=\"widget\" data-e-type=\"widget\" data-settings=\"{&quot;slides_to_show&quot;:&quot;2&quot;,&quot;image_spacing_custom&quot;:{&quot;unit&quot;:&quot;px&quot;,&quot;size&quot;:50,&quot;sizes&quot;:[]},&quot;navigation&quot;:&quot;both&quot;,&quot;autoplay&quot;:&quot;yes&quot;,&quot;pause_on_hover&quot;:&quot;yes&quot;,&quot;pause_on_interaction&quot;:&quot;yes&quot;,&quot;autoplay_speed&quot;:5000,&quot;infinite&quot;:&quot;yes&quot;,&quot;speed&quot;:500,&quot;image_spacing_custom_tablet&quot;:{&quot;unit&quot;:&quot;px&quot;,&quot;size&quot;:&quot;&quot;,&quot;sizes&quot;:[]},&quot;image_spacing_custom_mobile&quot;:{&quot;unit&quot;:&quot;px&quot;,&quot;size&quot;:&quot;&quot;,&quot;sizes&quot;:[]}}\" data-widget_type=\"image-carousel.default\">\n\t\t\t\t\t\t\t<div class=\"elementor-image-carousel-wrapper swiper\" role=\"region\" aria-roledescription=\"carousel\" aria-label=\"Carrousel d\u2019images\" dir=\"ltr\">\n\t\t\t<div class=\"elementor-image-carousel swiper-wrapper\" aria-live=\"off\">\n\t\t\t\t\t\t\t\t<div class=\"swiper-slide\" role=\"group\" aria-roledescription=\"slide\" aria-label=\"1 sur 4\"><figure class=\"swiper-slide-inner\"><img decoding=\"async\" class=\"swiper-slide-image\" src=\"https:\/\/www.valeriebarkowski.com\/wp-content\/uploads\/2025\/11\/valerie-barkowski-projet-sadek-house-interior-design-marrakech-732x1024.jpg\" alt=\"sadek house design space\" \/><figcaption class=\"elementor-image-carousel-caption\">Sadek House Marrakech<\/figcaption><\/figure><\/div><div class=\"swiper-slide\" role=\"group\" aria-roledescription=\"slide\" aria-label=\"2 sur 4\"><figure class=\"swiper-slide-inner\"><img decoding=\"async\" class=\"swiper-slide-image\" src=\"https:\/\/www.valeriebarkowski.com\/wp-content\/uploads\/2025\/11\/valerie-barkowski-projet-no-mad-india-tpanova-photo-732x1024.jpg\" alt=\"no-mad india red collection\" \/><figcaption class=\"elementor-image-carousel-caption\">No-Mad 97% India  \u00a9Tania Panova<\/figcaption><\/figure><\/div><div class=\"swiper-slide\" role=\"group\" aria-roledescription=\"slide\" aria-label=\"3 sur 4\"><figure class=\"swiper-slide-inner\"><img decoding=\"async\" class=\"swiper-slide-image\" src=\"https:\/\/www.valeriebarkowski.com\/wp-content\/uploads\/2025\/11\/valerie-barkowski-projet-cfoc-amber-table-732x1024.jpg\" alt=\"cfoc collaboration art table\" \/><figcaption class=\"elementor-image-carousel-caption\">CFOC<\/figcaption><\/figure><\/div><div class=\"swiper-slide\" role=\"group\" aria-roledescription=\"slide\" aria-label=\"4 sur 4\"><figure class=\"swiper-slide-inner\"><img decoding=\"async\" class=\"swiper-slide-image\" src=\"https:\/\/www.valeriebarkowski.com\/wp-content\/uploads\/2025\/11\/valerie-barkowski-consulting-miazia-2004-store-paris-photo-nicolas-tosi-731x1024.jpg\" alt=\"Mia Zia store 2004 photo Nicolas Tosi\" \/><figcaption class=\"elementor-image-carousel-caption\">Mia Zia store Paris \u00a9Nicolas Tosi<\/figcaption><\/figure><\/div>\t\t\t<\/div>\n\t\t\t\t\t\t\t\t\t\t\t\t<div class=\"elementor-swiper-button elementor-swiper-button-prev\" role=\"button\" tabindex=\"0\">\n\t\t\t\t\t\t<svg aria-hidden=\"true\" class=\"e-font-icon-svg e-eicon-chevron-left\" viewBox=\"0 0 1000 1000\" xmlns=\"http:\/\/www.w3.org\/2000\/svg\"><path d=\"M646 125C629 125 613 133 604 142L308 442C296 454 292 471 292 487 292 504 296 521 308 533L604 854C617 867 629 875 646 875 663 875 679 871 692 858 704 846 713 829 713 812 713 796 708 779 692 767L438 487 692 225C700 217 708 204 708 187 708 171 704 154 692 142 675 129 663 125 646 125Z\"><\/path><\/svg>\t\t\t\t\t<\/div>\n\t\t\t\t\t<div class=\"elementor-swiper-button elementor-swiper-button-next\" role=\"button\" tabindex=\"0\">\n\t\t\t\t\t\t<svg aria-hidden=\"true\" class=\"e-font-icon-svg e-eicon-chevron-right\" viewBox=\"0 0 1000 1000\" xmlns=\"http:\/\/www.w3.org\/2000\/svg\"><path d=\"M696 533C708 521 713 504 713 487 713 471 708 454 696 446L400 146C388 133 375 125 354 125 338 125 325 129 313 142 300 154 292 171 292 187 292 204 296 221 308 233L563 492 304 771C292 783 288 800 288 817 288 833 296 850 308 863 321 871 338 875 354 875 371 875 388 867 400 854L696 533Z\"><\/path><\/svg>\t\t\t\t\t<\/div>\n\t\t\t\t\n\t\t\t\t\t\t\t\t\t<div class=\"swiper-pagination\"><\/div>\n\t\t\t\t\t\t\t\t\t<\/div>\n\t\t\t\t\t\t<\/div>\n\t\t\t\t<div class=\"elementor-element elementor-element-21ae438 elementor-widget elementor-widget-spacer\" data-id=\"21ae438\" data-element_type=\"widget\" data-e-type=\"widget\" data-widget_type=\"spacer.default\">\n\t\t\t\t\t\t\t<div class=\"elementor-spacer\">\n\t\t\t<div class=\"elementor-spacer-inner\"><\/div>\n\t\t<\/div>\n\t\t\t\t\t\t<\/div>\n\t\t\t\t<\/div>\n\t\t<div class=\"elementor-element elementor-element-e3fa131 e-con-full e-flex e-con e-parent\" data-id=\"e3fa131\" data-element_type=\"container\" data-e-type=\"container\">\n\t\t\t\t<div class=\"elementor-element elementor-element-0ffdee9 elementor-widget elementor-widget-text-editor\" data-id=\"0ffdee9\" data-element_type=\"widget\" data-e-type=\"widget\" data-widget_type=\"text-editor.default\">\n\t\t\t\t\t\t\t\t\t<h2>Un engagement s\u00e9lectif et lucide<\/h2><p>Je choisis mes engagements avec soin, et je m\u2019y investis pleinement. Mon accompagnement est \u00e0 la fois <b>strat\u00e9gique<\/b>, <b>sensible<\/b> et <b>structurel<\/b>, un <b>travail de mise en coh\u00e9rence esth\u00e9tique<\/b>.Ce n\u2019est jamais une formule toute faite. C\u2019est une <b>\u00e9coute<\/b>, une <b>analyse<\/b>, une <b>construction<\/b>. \u00c7a demande du <b>temps<\/b>, de la <b>disponibilit\u00e9<\/b>, et une <b>implication sinc\u00e8re<\/b>. (<b>consultance s\u00e9lective<\/b>, <b>approche sur mesure<\/b>, <b><i>slow branding<\/i><\/b>).<\/p><p>Je tiens \u00e0 ma libert\u00e9, et je souhaite que mes clients gardent la leur. Le lien doit rester <b>fluide<\/b>, <b>lucide<\/b>, sans d\u00e9pendance. Mon r\u00f4le est d\u2019accompagner, pas de prendre la place.<\/p><h3>Ce qui nous rapproche<\/h3><p><b>Design global<\/b>. <b>Esth\u00e9tique intemporelle<\/b>. <b>Sens du lieu<\/b>. <b>\u00c9thique cr\u00e9ative<\/b>. <b>Mise en r\u00e9cit<\/b>. <b>Go\u00fbt du geste juste<\/b>. Mon travail s\u2019adresse \u00e0 celles et ceux qui cherchent un <b>accompagnement sensible<\/b>, un <b>regard exigeant<\/b>, une pens\u00e9e \u00e0 la fois <b>po\u00e9tique<\/b> et <b>structurelle<\/b>.<\/p><h3>Un espace pour les projets engag\u00e9s<\/h3><p>Quand le temps le permet, je choisis aussi d\u2019offrir mes comp\u00e9tences \u00e0 des projets qui portent une parole ou un geste utile. Cela peut \u00eatre un m\u00e9c\u00e9nat de comp\u00e9tence, une cr\u00e9ation sp\u00e9cifique, ou un accompagnement ponctuel. Tant que la d\u00e9marche est sinc\u00e8re et que le projet fait sens, je suis pr\u00eate \u00e0 m\u2019y engager.<\/p><h3>Pour me contacter<\/h3><p>Vous avez un projet ? Une envie ? Un besoin de clart\u00e9 ou d&rsquo;\u00e9lan ? Envoyez un mot \u00e0 <a href=\"mailto:info@valeriebarkowski.com\">info@valeriebarkowski.com<\/a>, et voyons si nos intuitions se r\u00e9pondent.<\/p>\t\t\t\t\t\t\t\t<\/div>\n\t\t\t\t<\/div>\n\t\t<div class=\"elementor-element elementor-element-9501d57 e-flex e-con-boxed e-con e-parent\" data-id=\"9501d57\" data-element_type=\"container\" data-e-type=\"container\">\n\t\t\t\t\t<div class=\"e-con-inner\">\n\t\t\t\t\t<\/div>\n\t\t\t\t<\/div>\n\t\t\t\t<\/div>\n\t\t","protected":false},"excerpt":{"rendered":"<p>Consulting : une implication \u00e0 la fois esth\u00e9tique, humaine et concr\u00e8te Une posture de cr\u00e9atrice, pas d&rsquo;agence Je ne dirige pas une agence. Je ne d\u00e9l\u00e8gue pas. J\u2019accompagne peu de projets, mais je le fais pleinement. Mon r\u00f4le n\u2019est pas d\u2019apporter un effet, mais une coh\u00e9rence. Ce que je cherche, c\u2019est la justesse. Celle qui &hellip;<\/p>\n","protected":false},"author":1,"featured_media":0,"parent":0,"menu_order":0,"comment_status":"closed","ping_status":"closed","template":"","meta":{"footnotes":""},"class_list":["post-2717","page","type-page","status-publish","hentry"],"acf":[],"jetpack_sharing_enabled":true,"_links":{"self":[{"href":"https:\/\/www.valeriebarkowski.com\/fr\/wp-json\/wp\/v2\/pages\/2717","targetHints":{"allow":["GET"]}}],"collection":[{"href":"https:\/\/www.valeriebarkowski.com\/fr\/wp-json\/wp\/v2\/pages"}],"about":[{"href":"https:\/\/www.valeriebarkowski.com\/fr\/wp-json\/wp\/v2\/types\/page"}],"author":[{"embeddable":true,"href":"https:\/\/www.valeriebarkowski.com\/fr\/wp-json\/wp\/v2\/users\/1"}],"replies":[{"embeddable":true,"href":"https:\/\/www.valeriebarkowski.com\/fr\/wp-json\/wp\/v2\/comments?post=2717"}],"version-history":[{"count":138,"href":"https:\/\/www.valeriebarkowski.com\/fr\/wp-json\/wp\/v2\/pages\/2717\/revisions"}],"predecessor-version":[{"id":12699,"href":"https:\/\/www.valeriebarkowski.com\/fr\/wp-json\/wp\/v2\/pages\/2717\/revisions\/12699"}],"wp:attachment":[{"href":"https:\/\/www.valeriebarkowski.com\/fr\/wp-json\/wp\/v2\/media?parent=2717"}],"curies":[{"name":"wp","href":"https:\/\/api.w.org\/{rel}","templated":true}]}}