{"id":2721,"date":"2025-07-31T16:19:47","date_gmt":"2025-07-31T14:19:47","guid":{"rendered":"https:\/\/www.refresh.valeriebarkowski.com\/?page_id=2721"},"modified":"2026-02-20T21:07:26","modified_gmt":"2026-02-20T20:07:26","slug":"riad-dar-kawa","status":"publish","type":"page","link":"https:\/\/www.valeriebarkowski.com\/fr\/riad-dar-kawa\/","title":{"rendered":"Riad Dar Kawa"},"content":{"rendered":"\t\t<div data-elementor-type=\"wp-page\" data-elementor-id=\"2721\" class=\"elementor elementor-2721\" wpc-filter-elementor-widget=\"1\">\n\t\t\t\t<div class=\"elementor-element elementor-element-37b3753 e-flex e-con-boxed e-con e-parent\" data-id=\"37b3753\" data-element_type=\"container\" data-e-type=\"container\">\n\t\t\t\t\t<div class=\"e-con-inner\">\n\t\t\t\t<div class=\"elementor-element elementor-element-1c1b485 elementor-widget__width-initial elementor-widget-mobile__width-inherit elementor-widget elementor-widget-heading\" data-id=\"1c1b485\" data-element_type=\"widget\" data-e-type=\"widget\" data-widget_type=\"heading.default\">\n\t\t\t\t\t<h1 class=\"elementor-heading-title elementor-size-default\">Dar Kawa : maison d\u2019h\u00f4tes confidentielle et inspir\u00e9e au c\u0153ur de Marrakech<\/h1>\t\t\t\t<\/div>\n\t\t\t\t\t<\/div>\n\t\t\t\t<\/div>\n\t\t<div class=\"elementor-element elementor-element-9f9ecb4 e-con-full e-flex e-con e-parent\" data-id=\"9f9ecb4\" data-element_type=\"container\" data-e-type=\"container\">\n\t\t<div class=\"elementor-element elementor-element-a600b5f e-con-full e-flex e-con e-child\" data-id=\"a600b5f\" data-element_type=\"container\" data-e-type=\"container\">\n\t\t\t\t<div class=\"elementor-element elementor-element-47dc227 elementor-widget__width-inherit elementor-widget-tablet__width-inherit elementor-widget elementor-widget-image\" data-id=\"47dc227\" data-element_type=\"widget\" data-e-type=\"widget\" data-widget_type=\"image.default\">\n\t\t\t\t\t\t\t\t\t\t\t\t<figure class=\"wp-caption\">\n\t\t\t\t\t\t\t\t\t\t<img fetchpriority=\"high\" decoding=\"async\" width=\"1072\" height=\"1500\" src=\"https:\/\/www.valeriebarkowski.com\/wp-content\/uploads\/2025\/10\/dar-kawa-riad-maroc-portrait-team.jpg\" class=\"attachment-full size-full wp-image-5807\" alt=\"team smile dar kawa marrakech\" srcset=\"https:\/\/www.valeriebarkowski.com\/wp-content\/uploads\/2025\/10\/dar-kawa-riad-maroc-portrait-team.jpg 1072w, https:\/\/www.valeriebarkowski.com\/wp-content\/uploads\/2025\/10\/dar-kawa-riad-maroc-portrait-team-214x300.jpg 214w, https:\/\/www.valeriebarkowski.com\/wp-content\/uploads\/2025\/10\/dar-kawa-riad-maroc-portrait-team-732x1024.jpg 732w, https:\/\/www.valeriebarkowski.com\/wp-content\/uploads\/2025\/10\/dar-kawa-riad-maroc-portrait-team-768x1075.jpg 768w, https:\/\/www.valeriebarkowski.com\/wp-content\/uploads\/2025\/10\/dar-kawa-riad-maroc-portrait-team-350x490.jpg 350w, https:\/\/www.valeriebarkowski.com\/wp-content\/uploads\/2025\/10\/dar-kawa-riad-maroc-portrait-team-680x951.jpg 680w\" sizes=\"(max-width: 1072px) 100vw, 1072px\" \/>\t\t\t\t\t\t\t\t\t\t\t<figcaption class=\"widget-image-caption wp-caption-text\"><\/figcaption>\n\t\t\t\t\t\t\t\t\t\t<\/figure>\n\t\t\t\t\t\t\t\t\t<\/div>\n\t\t\t\t<\/div>\n\t\t<div class=\"elementor-element elementor-element-a6e2e1a e-con-full e-flex e-con e-child\" data-id=\"a6e2e1a\" data-element_type=\"container\" data-e-type=\"container\">\n\t\t\t\t<div class=\"elementor-element elementor-element-0dc3cab elementor-widget elementor-widget-text-editor\" data-id=\"0dc3cab\" data-element_type=\"widget\" data-e-type=\"widget\" data-widget_type=\"text-editor.default\">\n\t\t\t\t\t\t\t\t\t<h2>Une maison d\u2019h\u00f4tes \u00e0 Marrakech, singuli\u00e8re et habit\u00e9e<\/h2><p><b>Dar Kawa<\/b> n\u2019est pas un h\u00f4tel. C\u2019est une <b>maison<\/b>. Restaur\u00e9e avec soin au c\u0153ur de la m\u00e9dina de Marrakech, cette adresse confidentielle cultive une hospitalit\u00e9 <b>sobre et sinc\u00e8re<\/b>. Ici, rien n\u2019est <b>standardis\u00e9<\/b>, rien n\u2019est spectaculaire. Chaque d\u00e9tail est <b>imagin\u00e9<\/b> pour accueillir autrement : avec douceur, avec sens, hors du flux touristique. <b>Refuge en m\u00e9dina<\/b>, <b>riad design<\/b>, <b>lieu rare<\/b>, <b>Dar Kawa<\/b> invite \u00e0 une <b>exp\u00e9rience hors des standards<\/b>, <b>authentique<\/b>, <b>lente<\/b>, <b>essentielle<\/b>.<\/p>\t\t\t\t\t\t\t\t<\/div>\n\t\t\t\t<\/div>\n\t\t\t\t<\/div>\n\t\t<div class=\"elementor-element elementor-element-30409d2 e-flex e-con-boxed e-con e-parent\" data-id=\"30409d2\" data-element_type=\"container\" data-e-type=\"container\">\n\t\t\t\t\t<div class=\"e-con-inner\">\n\t\t\t\t<div class=\"elementor-element elementor-element-bcb24f7 elementor-widget elementor-widget-spacer\" data-id=\"bcb24f7\" data-element_type=\"widget\" data-e-type=\"widget\" data-widget_type=\"spacer.default\">\n\t\t\t\t\t\t\t<div class=\"elementor-spacer\">\n\t\t\t<div class=\"elementor-spacer-inner\"><\/div>\n\t\t<\/div>\n\t\t\t\t\t\t<\/div>\n\t\t\t\t\t<\/div>\n\t\t\t\t<\/div>\n\t\t<div class=\"elementor-element elementor-element-38280bf e-con-full e-flex e-con e-parent\" data-id=\"38280bf\" data-element_type=\"container\" data-e-type=\"container\">\n\t\t\t\t<div class=\"elementor-element elementor-element-3b1a724 elementor-widget elementor-widget-text-editor\" data-id=\"3b1a724\" data-element_type=\"widget\" data-e-type=\"widget\" data-widget_type=\"text-editor.default\">\n\t\t\t\t\t\t\t\t\t<h2>L\u2019esprit du lieu<\/h2><p>Install\u00e9e dans un sanctuaire du XVIIe si\u00e8cle, <b>Dar Kawa<\/b> a \u00e9t\u00e9 restaur\u00e9e avec exigence par <b>Val\u00e9rie Barkowski<\/b> et l\u2019architecte <b>Quentin Wilbaux<\/b>, sp\u00e9cialiste de la <b>m\u00e9dina<\/b>. Le projet ne r\u00e9pond \u00e0 aucune logique h\u00f4teli\u00e8re : il s\u2019agit d\u2019un <b>lieu habit\u00e9<\/b>, pas mis en sc\u00e8ne.<\/p><p>Chaque chambre a son <strong>atmosph\u00e8re propre<\/strong>, chaque espace s\u2019accorde au <strong>rythme apais\u00e9 du lieu<\/strong>. La lumi\u00e8re circule comme une mati\u00e8re vivante, les murs blanchis \u00e0 la chaux apaisent, les objets se posent avec naturel, sans jamais chercher \u00e0 en faire trop. On y vit dans la mati\u00e8re, dans le textile, dans un silence qui enveloppe et invite \u00e0 la pr\u00e9sence.<\/p><p>La <strong>cuisine est au c\u0153ur de la maison<\/strong>, litt\u00e9ralement. On y pr\u00e9pare des repas simples, quotidiens, v\u00e9g\u00e9tariens, \u00e0 partir de produits locaux, sans carte ni contrainte. L\u2019\u00e9quipe, fid\u00e8le et discr\u00e8te, accompagne le s\u00e9jour avec justesse, dans une relation attentive, discr\u00e8te et humaine. Ici, on est pr\u00e9sents, avec d\u00e9licatesse. Juste ce qu\u2019il faut.<\/p><p>Dar Kawa\u00a0n\u2019est sur aucune plateforme de r\u00e9servation en ligne. <b>Dar Kawa<\/b>, riad discret Marrakech, se d\u00e9couvre par ceux qui cherchent l\u2019essentiel ailleurs. Une <b>maison d\u2019h\u00f4tes<\/b>, pour <b>ralentir<\/b>, pour r\u00e9fl\u00e9chir, pour cr\u00e9er, ou simplement pour \u00eatre. Une adresse pour le <b><i>slow travel<\/i><\/b>, un <b>h\u00e9bergement non touristique<\/b>.<\/p>\t\t\t\t\t\t\t\t<\/div>\n\t\t\t\t<div class=\"elementor-element elementor-element-00c5125 elementor-widget elementor-widget-spacer\" data-id=\"00c5125\" data-element_type=\"widget\" data-e-type=\"widget\" data-widget_type=\"spacer.default\">\n\t\t\t\t\t\t\t<div class=\"elementor-spacer\">\n\t\t\t<div class=\"elementor-spacer-inner\"><\/div>\n\t\t<\/div>\n\t\t\t\t\t\t<\/div>\n\t\t\t\t<\/div>\n\t\t<div class=\"elementor-element elementor-element-444c113 e-con-full e-flex e-con e-parent\" data-id=\"444c113\" data-element_type=\"container\" data-e-type=\"container\">\n\t\t\t\t<div class=\"elementor-element elementor-element-d03e099 elementor-widget__width-initial elementor-widget elementor-widget-image\" data-id=\"d03e099\" data-element_type=\"widget\" data-e-type=\"widget\" data-widget_type=\"image.default\">\n\t\t\t\t\t\t\t\t\t\t\t\t<figure class=\"wp-caption\">\n\t\t\t\t\t\t\t\t\t\t<img decoding=\"async\" width=\"1500\" height=\"1071\" src=\"https:\/\/www.valeriebarkowski.com\/wp-content\/uploads\/2025\/10\/dar-kawa-riad-patio-photo-nicole-francesca-manfron.jpg\" class=\"attachment-full size-full wp-image-6066\" alt=\"patio dar kawa coussins trees\" srcset=\"https:\/\/www.valeriebarkowski.com\/wp-content\/uploads\/2025\/10\/dar-kawa-riad-patio-photo-nicole-francesca-manfron.jpg 1500w, https:\/\/www.valeriebarkowski.com\/wp-content\/uploads\/2025\/10\/dar-kawa-riad-patio-photo-nicole-francesca-manfron-300x214.jpg 300w, https:\/\/www.valeriebarkowski.com\/wp-content\/uploads\/2025\/10\/dar-kawa-riad-patio-photo-nicole-francesca-manfron-1024x731.jpg 1024w, https:\/\/www.valeriebarkowski.com\/wp-content\/uploads\/2025\/10\/dar-kawa-riad-patio-photo-nicole-francesca-manfron-768x548.jpg 768w, https:\/\/www.valeriebarkowski.com\/wp-content\/uploads\/2025\/10\/dar-kawa-riad-patio-photo-nicole-francesca-manfron-350x250.jpg 350w, https:\/\/www.valeriebarkowski.com\/wp-content\/uploads\/2025\/10\/dar-kawa-riad-patio-photo-nicole-francesca-manfron-680x486.jpg 680w\" sizes=\"(max-width: 1500px) 100vw, 1500px\" \/>\t\t\t\t\t\t\t\t\t\t\t<figcaption class=\"widget-image-caption wp-caption-text\">\u00a9 Nicole Francesca Manfron<\/figcaption>\n\t\t\t\t\t\t\t\t\t\t<\/figure>\n\t\t\t\t\t\t\t\t\t<\/div>\n\t\t\t\t<\/div>\n\t\t<div class=\"elementor-element elementor-element-3e541dc e-flex e-con-boxed e-con e-parent\" data-id=\"3e541dc\" data-element_type=\"container\" data-e-type=\"container\">\n\t\t\t\t\t<div class=\"e-con-inner\">\n\t\t\t\t<div class=\"elementor-element elementor-element-e63c690 elementor-widget elementor-widget-spacer\" data-id=\"e63c690\" data-element_type=\"widget\" data-e-type=\"widget\" data-widget_type=\"spacer.default\">\n\t\t\t\t\t\t\t<div class=\"elementor-spacer\">\n\t\t\t<div class=\"elementor-spacer-inner\"><\/div>\n\t\t<\/div>\n\t\t\t\t\t\t<\/div>\n\t\t\t\t\t<\/div>\n\t\t\t\t<\/div>\n\t\t<div class=\"elementor-element elementor-element-c8f00aa e-con-full e-flex e-con e-parent\" data-id=\"c8f00aa\" data-element_type=\"container\" data-e-type=\"container\">\n\t\t<div class=\"elementor-element elementor-element-1151743 e-con-full e-flex e-con e-child\" data-id=\"1151743\" data-element_type=\"container\" data-e-type=\"container\">\n\t\t\t\t<div class=\"elementor-element elementor-element-049140d elementor-widget elementor-widget-text-editor\" data-id=\"049140d\" data-element_type=\"widget\" data-e-type=\"widget\" data-widget_type=\"text-editor.default\">\n\t\t\t\t\t\t\t\t\t<h2>Textile, design &amp; coh\u00e9rence<\/h2><p>\u00c0 <b>Dar Kawa<\/b>, chaque pi\u00e8ce textile a \u00e9t\u00e9 con\u00e7ue par <b>Val\u00e9rie Barkowski<\/b> et r\u00e9alis\u00e9e \u00e0 la main dans son <b>atelier<\/b> situ\u00e9 \u00e0 quelques pas. Le <b>linge de maison brod\u00e9<\/b>, les rideaux, les coussins : chaque \u00e9l\u00e9ment porte en lui les codes de son univers si personnel, celui d\u2019une cr\u00e9atrice pour qui le textile est un langage. Un monde o\u00f9 le geste artisanal fonde l\u2019esprit de la maison. Chaque broderie, chaque couture raconte l\u2019univers de Val\u00e9rie Barkowski, o\u00f9 le textile ne se contente pas d\u2019habiller, mais transmet, sugg\u00e8re, dialogue. <b>Broderie main<\/b>, <b>mati\u00e8re<\/b>, <b>textile artisanal<\/b>, <b>signature cr\u00e9ative<\/b>, <b>Dar Kawa<\/b> refl\u00e8te une coh\u00e9rence personnelle, entre <b>design contemporain<\/b> et <b>savoir-faire ancestral<\/b>.<\/p>\t\t\t\t\t\t\t\t<\/div>\n\t\t\t\t<\/div>\n\t\t<div class=\"elementor-element elementor-element-bbb0da6 e-con-full e-flex e-con e-child\" data-id=\"bbb0da6\" data-element_type=\"container\" data-e-type=\"container\">\n\t\t\t\t<div class=\"elementor-element elementor-element-efa4eed elementor-widget__width-initial elementor-widget-mobile__width-inherit elementor-widget elementor-widget-image\" data-id=\"efa4eed\" data-element_type=\"widget\" data-e-type=\"widget\" data-widget_type=\"image.default\">\n\t\t\t\t\t\t\t\t\t\t\t\t<figure class=\"wp-caption\">\n\t\t\t\t\t\t\t\t\t\t<img decoding=\"async\" width=\"1071\" height=\"1500\" src=\"https:\/\/www.valeriebarkowski.com\/wp-content\/uploads\/2025\/08\/valerie-barkowski-riad-dar-kawa-8.jpg\" class=\"attachment-full size-full wp-image-3002\" alt=\"Junior suite OMANI du Riad Dar Kawa \u00e0 Marrakech\" srcset=\"https:\/\/www.valeriebarkowski.com\/wp-content\/uploads\/2025\/08\/valerie-barkowski-riad-dar-kawa-8.jpg 1071w, https:\/\/www.valeriebarkowski.com\/wp-content\/uploads\/2025\/08\/valerie-barkowski-riad-dar-kawa-8-350x490.jpg 350w, https:\/\/www.valeriebarkowski.com\/wp-content\/uploads\/2025\/08\/valerie-barkowski-riad-dar-kawa-8-680x952.jpg 680w, https:\/\/www.valeriebarkowski.com\/wp-content\/uploads\/2025\/08\/valerie-barkowski-riad-dar-kawa-8-214x300.jpg 214w, https:\/\/www.valeriebarkowski.com\/wp-content\/uploads\/2025\/08\/valerie-barkowski-riad-dar-kawa-8-731x1024.jpg 731w, https:\/\/www.valeriebarkowski.com\/wp-content\/uploads\/2025\/08\/valerie-barkowski-riad-dar-kawa-8-768x1076.jpg 768w\" sizes=\"(max-width: 1071px) 100vw, 1071px\" \/>\t\t\t\t\t\t\t\t\t\t\t<figcaption class=\"widget-image-caption wp-caption-text\">\u00a9 Nicole Francesca Manfron<\/figcaption>\n\t\t\t\t\t\t\t\t\t\t<\/figure>\n\t\t\t\t\t\t\t\t\t<\/div>\n\t\t\t\t<\/div>\n\t\t\t\t<\/div>\n\t\t<div class=\"elementor-element elementor-element-377a0e2 e-flex e-con-boxed e-con e-parent\" data-id=\"377a0e2\" data-element_type=\"container\" data-e-type=\"container\">\n\t\t\t\t\t<div class=\"e-con-inner\">\n\t\t\t\t<div class=\"elementor-element elementor-element-eb84a74 elementor-widget elementor-widget-spacer\" data-id=\"eb84a74\" data-element_type=\"widget\" data-e-type=\"widget\" data-widget_type=\"spacer.default\">\n\t\t\t\t\t\t\t<div class=\"elementor-spacer\">\n\t\t\t<div class=\"elementor-spacer-inner\"><\/div>\n\t\t<\/div>\n\t\t\t\t\t\t<\/div>\n\t\t\t\t\t<\/div>\n\t\t\t\t<\/div>\n\t\t<div class=\"elementor-element elementor-element-8c0431e e-con-full e-flex e-con e-parent\" data-id=\"8c0431e\" data-element_type=\"container\" data-e-type=\"container\">\n\t\t\t\t<div class=\"elementor-element elementor-element-41ba2f8 elementor-arrows-position-inside elementor-pagination-position-outside elementor-widget elementor-widget-image-carousel\" data-id=\"41ba2f8\" data-element_type=\"widget\" data-e-type=\"widget\" data-settings=\"{&quot;slides_to_show&quot;:&quot;2&quot;,&quot;image_spacing_custom&quot;:{&quot;unit&quot;:&quot;px&quot;,&quot;size&quot;:50,&quot;sizes&quot;:[]},&quot;navigation&quot;:&quot;both&quot;,&quot;autoplay&quot;:&quot;yes&quot;,&quot;pause_on_hover&quot;:&quot;yes&quot;,&quot;pause_on_interaction&quot;:&quot;yes&quot;,&quot;autoplay_speed&quot;:5000,&quot;infinite&quot;:&quot;yes&quot;,&quot;speed&quot;:500,&quot;image_spacing_custom_tablet&quot;:{&quot;unit&quot;:&quot;px&quot;,&quot;size&quot;:&quot;&quot;,&quot;sizes&quot;:[]},&quot;image_spacing_custom_mobile&quot;:{&quot;unit&quot;:&quot;px&quot;,&quot;size&quot;:&quot;&quot;,&quot;sizes&quot;:[]}}\" data-widget_type=\"image-carousel.default\">\n\t\t\t\t\t\t\t<div class=\"elementor-image-carousel-wrapper swiper\" role=\"region\" aria-roledescription=\"carousel\" aria-label=\"Carrousel d\u2019images\" dir=\"ltr\">\n\t\t\t<div class=\"elementor-image-carousel swiper-wrapper\" aria-live=\"off\">\n\t\t\t\t\t\t\t\t<div class=\"swiper-slide\" role=\"group\" aria-roledescription=\"slide\" aria-label=\"1 sur 7\"><figure class=\"swiper-slide-inner\"><img decoding=\"async\" class=\"swiper-slide-image\" src=\"https:\/\/www.valeriebarkowski.com\/wp-content\/uploads\/2025\/11\/dar-kawa-riad-marrakech-team-staff-vbarkowski.jpg\" alt=\"dar-kawa-riad-marrakech-team-staff-vbarkowski\" \/><\/figure><\/div><div class=\"swiper-slide\" role=\"group\" aria-roledescription=\"slide\" aria-label=\"2 sur 7\"><figure class=\"swiper-slide-inner\"><img decoding=\"async\" class=\"swiper-slide-image\" src=\"https:\/\/www.valeriebarkowski.com\/wp-content\/uploads\/2025\/08\/valerie-barkowski-riad-dar-kawa-10.jpg\" alt=\"Riad Dar Kawa \u00e0 Marrakech\" \/><figcaption class=\"elementor-image-carousel-caption\">\u00a9 Nicole Francesca Manfron<\/figcaption><\/figure><\/div><div class=\"swiper-slide\" role=\"group\" aria-roledescription=\"slide\" aria-label=\"3 sur 7\"><figure class=\"swiper-slide-inner\"><img decoding=\"async\" class=\"swiper-slide-image\" src=\"https:\/\/www.valeriebarkowski.com\/wp-content\/uploads\/2025\/08\/valerie-barkowski-riad-dar-kawa-1.jpg\" alt=\"Table de Dar Kawa, maison d\u2019h\u00f4tes confidentielle au c\u0153ur de Marrakech\" \/><figcaption class=\"elementor-image-carousel-caption\">\u00a9 Tania Panova<\/figcaption><\/figure><\/div><div class=\"swiper-slide\" role=\"group\" aria-roledescription=\"slide\" aria-label=\"4 sur 7\"><figure class=\"swiper-slide-inner\"><img decoding=\"async\" class=\"swiper-slide-image\" src=\"https:\/\/www.valeriebarkowski.com\/wp-content\/uploads\/2025\/10\/dar-kawa-riad-marrakech-kitchen-food-photo-nicole-francesca-manfron.jpg\" alt=\"detail cuisine riad dar kawa maroc\" \/><figcaption class=\"elementor-image-carousel-caption\">\u00a9 Nicole Francesca Manfron<\/figcaption><\/figure><\/div><div class=\"swiper-slide\" role=\"group\" aria-roledescription=\"slide\" aria-label=\"5 sur 7\"><figure class=\"swiper-slide-inner\"><img decoding=\"async\" class=\"swiper-slide-image\" src=\"https:\/\/www.valeriebarkowski.com\/wp-content\/uploads\/2025\/10\/dar-kawa-riad-marrakech-double-room-baboune-valerie-barkowski-photo-tania-panova.jpg\" alt=\"detail coussin suite baboune dar kawa\" \/><\/figure><\/div><div class=\"swiper-slide\" role=\"group\" aria-roledescription=\"slide\" aria-label=\"6 sur 7\"><figure class=\"swiper-slide-inner\"><img decoding=\"async\" class=\"swiper-slide-image\" src=\"https:\/\/www.valeriebarkowski.com\/wp-content\/uploads\/2025\/10\/dar-kawa-riad-marrakech-suite-mumtaz-valerie-barkowski-photo-tania-panova.jpg\" alt=\"linge de lit blanc suite mumtaz riad dar kawa\" \/><\/figure><\/div><div class=\"swiper-slide\" role=\"group\" aria-roledescription=\"slide\" aria-label=\"7 sur 7\"><figure class=\"swiper-slide-inner\"><img decoding=\"async\" class=\"swiper-slide-image\" src=\"https:\/\/www.valeriebarkowski.com\/wp-content\/uploads\/2025\/11\/dar-kawa-riad-junior-suite-olmassi-photo-nicole-francesca-manfron.jpg\" alt=\"olmassi suite room dar kawa\" \/><figcaption class=\"elementor-image-carousel-caption\">\u00a9 Nicole Francesca Manfron<\/figcaption><\/figure><\/div>\t\t\t<\/div>\n\t\t\t\t\t\t\t\t\t\t\t\t<div class=\"elementor-swiper-button elementor-swiper-button-prev\" role=\"button\" tabindex=\"0\">\n\t\t\t\t\t\t<svg aria-hidden=\"true\" class=\"e-font-icon-svg e-eicon-chevron-left\" viewBox=\"0 0 1000 1000\" xmlns=\"http:\/\/www.w3.org\/2000\/svg\"><path d=\"M646 125C629 125 613 133 604 142L308 442C296 454 292 471 292 487 292 504 296 521 308 533L604 854C617 867 629 875 646 875 663 875 679 871 692 858 704 846 713 829 713 812 713 796 708 779 692 767L438 487 692 225C700 217 708 204 708 187 708 171 704 154 692 142 675 129 663 125 646 125Z\"><\/path><\/svg>\t\t\t\t\t<\/div>\n\t\t\t\t\t<div class=\"elementor-swiper-button elementor-swiper-button-next\" role=\"button\" tabindex=\"0\">\n\t\t\t\t\t\t<svg aria-hidden=\"true\" class=\"e-font-icon-svg e-eicon-chevron-right\" viewBox=\"0 0 1000 1000\" xmlns=\"http:\/\/www.w3.org\/2000\/svg\"><path d=\"M696 533C708 521 713 504 713 487 713 471 708 454 696 446L400 146C388 133 375 125 354 125 338 125 325 129 313 142 300 154 292 171 292 187 292 204 296 221 308 233L563 492 304 771C292 783 288 800 288 817 288 833 296 850 308 863 321 871 338 875 354 875 371 875 388 867 400 854L696 533Z\"><\/path><\/svg>\t\t\t\t\t<\/div>\n\t\t\t\t\n\t\t\t\t\t\t\t\t\t<div class=\"swiper-pagination\"><\/div>\n\t\t\t\t\t\t\t\t\t<\/div>\n\t\t\t\t\t\t<\/div>\n\t\t\t\t<div class=\"elementor-element elementor-element-86ecc9d elementor-widget elementor-widget-spacer\" data-id=\"86ecc9d\" data-element_type=\"widget\" data-e-type=\"widget\" data-widget_type=\"spacer.default\">\n\t\t\t\t\t\t\t<div class=\"elementor-spacer\">\n\t\t\t<div class=\"elementor-spacer-inner\"><\/div>\n\t\t<\/div>\n\t\t\t\t\t\t<\/div>\n\t\t\t\t<\/div>\n\t\t<div class=\"elementor-element elementor-element-bcf9e6a e-con-full e-flex e-con e-parent\" data-id=\"bcf9e6a\" data-element_type=\"container\" data-e-type=\"container\">\n\t\t\t\t<div class=\"elementor-element elementor-element-7e7b5ef elementor-widget elementor-widget-text-editor\" data-id=\"7e7b5ef\" data-element_type=\"widget\" data-e-type=\"widget\" data-widget_type=\"text-editor.default\">\n\t\t\t\t\t\t\t\t\t<h2>En savoir plus<\/h2><p>Si vous cherchez un <b>riad discret \u00e0 Marrakech<\/b>, un lieu o\u00f9 l\u2019essentiel prend forme avec soin, le site d\u00e9di\u00e9 vous accueille avec \u00e9l\u00e9gance. Vous y trouverez plus qu\u2019un aper\u00e7u : un avant-go\u00fbt du rythme et de la beaut\u00e9 du lieu.<\/p><p><b>\u2192 <\/b><a href=\"https:\/\/www.darkawa.net\/\" target=\"_blank\" rel=\"noopener\">Visiter le site de Dar Kawa<\/a><\/p><p>Si vous souhaitez conna\u00eetre les disponibilit\u00e9s et conditions, \u00e9crivez-nous \u00e0 : <a href=\"mailto:info@darkawa.net\">info@darkawa.net<\/a>, C\u00e9line vous r\u00e9pondra avec attention.<\/p>\t\t\t\t\t\t\t\t<\/div>\n\t\t\t\t<\/div>\n\t\t\t\t<\/div>\n\t\t","protected":false},"excerpt":{"rendered":"<p>Dar Kawa : maison d\u2019h\u00f4tes confidentielle et inspir\u00e9e au c\u0153ur de Marrakech Une maison d\u2019h\u00f4tes \u00e0 Marrakech, singuli\u00e8re et habit\u00e9e Dar Kawa n\u2019est pas un h\u00f4tel. C\u2019est une maison. Restaur\u00e9e avec soin au c\u0153ur de la m\u00e9dina de Marrakech, cette adresse confidentielle cultive une hospitalit\u00e9 sobre et sinc\u00e8re. Ici, rien n\u2019est standardis\u00e9, rien n\u2019est spectaculaire. &hellip;<\/p>\n","protected":false},"author":1,"featured_media":0,"parent":0,"menu_order":0,"comment_status":"closed","ping_status":"closed","template":"","meta":{"footnotes":""},"class_list":["post-2721","page","type-page","status-publish","hentry"],"acf":[],"jetpack_sharing_enabled":true,"_links":{"self":[{"href":"https:\/\/www.valeriebarkowski.com\/fr\/wp-json\/wp\/v2\/pages\/2721","targetHints":{"allow":["GET"]}}],"collection":[{"href":"https:\/\/www.valeriebarkowski.com\/fr\/wp-json\/wp\/v2\/pages"}],"about":[{"href":"https:\/\/www.valeriebarkowski.com\/fr\/wp-json\/wp\/v2\/types\/page"}],"author":[{"embeddable":true,"href":"https:\/\/www.valeriebarkowski.com\/fr\/wp-json\/wp\/v2\/users\/1"}],"replies":[{"embeddable":true,"href":"https:\/\/www.valeriebarkowski.com\/fr\/wp-json\/wp\/v2\/comments?post=2721"}],"version-history":[{"count":133,"href":"https:\/\/www.valeriebarkowski.com\/fr\/wp-json\/wp\/v2\/pages\/2721\/revisions"}],"predecessor-version":[{"id":12684,"href":"https:\/\/www.valeriebarkowski.com\/fr\/wp-json\/wp\/v2\/pages\/2721\/revisions\/12684"}],"wp:attachment":[{"href":"https:\/\/www.valeriebarkowski.com\/fr\/wp-json\/wp\/v2\/media?parent=2721"}],"curies":[{"name":"wp","href":"https:\/\/api.w.org\/{rel}","templated":true}]}}