{"id":4446,"date":"2025-09-14T17:09:34","date_gmt":"2025-09-14T15:09:34","guid":{"rendered":"https:\/\/www.refresh.valeriebarkowski.com\/?page_id=4446"},"modified":"2025-12-17T22:40:43","modified_gmt":"2025-12-17T21:40:43","slug":"contact","status":"publish","type":"page","link":"https:\/\/www.valeriebarkowski.com\/fr\/contact\/","title":{"rendered":"Contact"},"content":{"rendered":"\t\t<div data-elementor-type=\"wp-page\" data-elementor-id=\"4446\" class=\"elementor elementor-4446\" wpc-filter-elementor-widget=\"1\">\n\t\t\t\t<div class=\"elementor-element elementor-element-29f5e38 e-flex e-con-boxed e-con e-parent\" data-id=\"29f5e38\" data-element_type=\"container\" data-e-type=\"container\">\n\t\t\t\t\t<div class=\"e-con-inner\">\n\t\t\t\t<div class=\"elementor-element elementor-element-cd8c07d elementor-widget elementor-widget-heading\" data-id=\"cd8c07d\" data-element_type=\"widget\" data-e-type=\"widget\" data-widget_type=\"heading.default\">\n\t\t\t\t\t<h1 class=\"elementor-heading-title elementor-size-default\">Contactez-nous<\/h1>\t\t\t\t<\/div>\n\t\t\t\t<div class=\"elementor-element elementor-element-9b0f7a4 elementor-widget__width-initial elementor-widget elementor-widget-text-editor\" data-id=\"9b0f7a4\" data-element_type=\"widget\" data-e-type=\"widget\" data-widget_type=\"text-editor.default\">\n\t\t\t\t\t\t\t\t\t<p>Chaque projet commence par un \u00e9change. <strong>Direction artistique<\/strong>, conseil, cr\u00e9ation textile : nous nous impliquons \u00e0 chaque \u00e9tape, avec rigueur et sensibilit\u00e9. Attentifs et engag\u00e9s, nous accompagnons <strong>peu de collaborations \u00e0 la fois<\/strong>. Pour toute demande, qu\u2019il s\u2019agisse d\u2019<strong>un projet<\/strong>, d\u2019<strong>une collaboration<\/strong>, ou d\u2019<strong>une question<\/strong> li\u00e9e \u00e0 nos produits, vous pouvez nous \u00e9crire via le formulaire ci-dessous. Nous lisons chaque message<strong> avec attention<\/strong>. Nous ne cherchons pas \u00e0 tout faire, seulement \u00e0 faire juste. Et parfois, \u00e0 cr\u00e9er ce qui n\u2019existait encore nulle part, sauf dans une id\u00e9e.<\/p>\t\t\t\t\t\t\t\t<\/div>\n\t\t\t\t\t<\/div>\n\t\t\t\t<\/div>\n\t\t<div class=\"elementor-element elementor-element-cc79c80 e-flex e-con-boxed e-con e-parent\" data-id=\"cc79c80\" data-element_type=\"container\" data-e-type=\"container\">\n\t\t\t\t\t<div class=\"e-con-inner\">\n\t\t\t\t<div class=\"elementor-element elementor-element-697174a elementor-widget__width-initial elementor-widget elementor-widget-nm-cf7\" data-id=\"697174a\" data-element_type=\"widget\" data-e-type=\"widget\" data-widget_type=\"nm-cf7.default\">\n\t\t\t\t<div class=\"elementor-widget-container\">\n\t\t\t\t\t\n<div class=\"wpcf7 no-js\" id=\"wpcf7-f8961-o1\" lang=\"fr-FR\" dir=\"ltr\" data-wpcf7-id=\"8961\">\n<div class=\"screen-reader-response\"><p role=\"status\" aria-live=\"polite\" aria-atomic=\"true\"><\/p> <ul><\/ul><\/div>\n<form action=\"\/fr\/wp-json\/wp\/v2\/pages\/4446#wpcf7-f8961-o1\" method=\"post\" class=\"wpcf7-form init\" aria-label=\"Formulaire de contact\" novalidate=\"novalidate\" data-status=\"init\">\n<fieldset class=\"hidden-fields-container\"><input type=\"hidden\" name=\"_wpcf7\" value=\"8961\" \/><input type=\"hidden\" name=\"_wpcf7_version\" value=\"6.1.5\" \/><input type=\"hidden\" name=\"_wpcf7_locale\" value=\"fr_FR\" \/><input type=\"hidden\" name=\"_wpcf7_unit_tag\" value=\"wpcf7-f8961-o1\" \/><input type=\"hidden\" name=\"_wpcf7_container_post\" value=\"0\" \/><input type=\"hidden\" name=\"_wpcf7_posted_data_hash\" value=\"\" \/><input type=\"hidden\" name=\"_wpcf7_recaptcha_response\" value=\"\" \/>\n<\/fieldset>\n<p class=\"half\"><span class=\"wpcf7-form-control-wrap\" data-name=\"your-name\"><input size=\"40\" maxlength=\"400\" class=\"wpcf7-form-control wpcf7-text wpcf7-validates-as-required\" aria-required=\"true\" aria-invalid=\"false\" placeholder=\"Nom *\" value=\"\" type=\"text\" name=\"your-name\" \/><\/span>\n<\/p>\n<p class=\"half\"><span class=\"wpcf7-form-control-wrap\" data-name=\"your-email\"><input size=\"40\" maxlength=\"400\" class=\"wpcf7-form-control wpcf7-email wpcf7-validates-as-required wpcf7-text wpcf7-validates-as-email\" aria-required=\"true\" aria-invalid=\"false\" placeholder=\"Email *\" value=\"\" type=\"email\" name=\"your-email\" \/><\/span>\n<\/p>\n<p><span class=\"wpcf7-form-control-wrap\" data-name=\"your-message\"><textarea cols=\"40\" rows=\"10\" maxlength=\"2000\" class=\"wpcf7-form-control wpcf7-textarea\" aria-invalid=\"false\" placeholder=\"Votre message\" name=\"your-message\"><\/textarea><\/span>\n<\/p>\n<p><input class=\"wpcf7-form-control wpcf7-submit has-spinner\" type=\"submit\" value=\"Envoyer\" \/>\n<\/p><div class=\"wpcf7-response-output\" aria-hidden=\"true\"><\/div>\n<\/form>\n<\/div>\n\t\t\t\t<\/div>\n\t\t\t\t<\/div>\n\t\t\t\t\t<\/div>\n\t\t\t\t<\/div>\n\t\t<div class=\"elementor-element elementor-element-0f3fb8a e-flex e-con-boxed e-con e-parent\" data-id=\"0f3fb8a\" data-element_type=\"container\" data-e-type=\"container\">\n\t\t\t\t\t<div class=\"e-con-inner\">\n\t\t\t\t\t<\/div>\n\t\t\t\t<\/div>\n\t\t\t\t<\/div>\n\t\t","protected":false},"excerpt":{"rendered":"<p>Contactez-nous Chaque projet commence par un \u00e9change. Direction artistique, conseil, cr\u00e9ation textile : nous nous impliquons \u00e0 chaque \u00e9tape, avec rigueur et sensibilit\u00e9. Attentifs et engag\u00e9s, nous accompagnons peu de collaborations \u00e0 la fois. Pour toute demande, qu\u2019il s\u2019agisse d\u2019un projet, d\u2019une collaboration, ou d\u2019une question li\u00e9e \u00e0 nos produits, vous pouvez nous \u00e9crire via &hellip;<\/p>\n","protected":false},"author":1,"featured_media":2411,"parent":0,"menu_order":0,"comment_status":"closed","ping_status":"closed","template":"","meta":{"footnotes":""},"class_list":["post-4446","page","type-page","status-publish","has-post-thumbnail","hentry"],"acf":[],"jetpack_sharing_enabled":true,"_links":{"self":[{"href":"https:\/\/www.valeriebarkowski.com\/fr\/wp-json\/wp\/v2\/pages\/4446","targetHints":{"allow":["GET"]}}],"collection":[{"href":"https:\/\/www.valeriebarkowski.com\/fr\/wp-json\/wp\/v2\/pages"}],"about":[{"href":"https:\/\/www.valeriebarkowski.com\/fr\/wp-json\/wp\/v2\/types\/page"}],"author":[{"embeddable":true,"href":"https:\/\/www.valeriebarkowski.com\/fr\/wp-json\/wp\/v2\/users\/1"}],"replies":[{"embeddable":true,"href":"https:\/\/www.valeriebarkowski.com\/fr\/wp-json\/wp\/v2\/comments?post=4446"}],"version-history":[{"count":37,"href":"https:\/\/www.valeriebarkowski.com\/fr\/wp-json\/wp\/v2\/pages\/4446\/revisions"}],"predecessor-version":[{"id":8960,"href":"https:\/\/www.valeriebarkowski.com\/fr\/wp-json\/wp\/v2\/pages\/4446\/revisions\/8960"}],"wp:featuredmedia":[{"embeddable":true,"href":"https:\/\/www.valeriebarkowski.com\/fr\/wp-json\/wp\/v2\/media\/2411"}],"wp:attachment":[{"href":"https:\/\/www.valeriebarkowski.com\/fr\/wp-json\/wp\/v2\/media?parent=4446"}],"curies":[{"name":"wp","href":"https:\/\/api.w.org\/{rel}","templated":true}]}}