{"id":4469,"date":"2025-09-24T10:40:21","date_gmt":"2025-09-24T08:40:21","guid":{"rendered":"https:\/\/www.refresh.valeriebarkowski.com\/?page_id=4469"},"modified":"2025-12-09T14:03:13","modified_gmt":"2025-12-09T13:03:13","slug":"ventes-privees","status":"publish","type":"page","link":"https:\/\/www.valeriebarkowski.com\/fr\/ventes-privees\/","title":{"rendered":"Ventes priv\u00e9es"},"content":{"rendered":"\t\t<div data-elementor-type=\"wp-page\" data-elementor-id=\"4469\" class=\"elementor elementor-4469\" wpc-filter-elementor-widget=\"1\">\n\t\t\t\t<div class=\"elementor-element elementor-element-3adba1c e-flex e-con-boxed e-con e-parent\" data-id=\"3adba1c\" data-element_type=\"container\" data-e-type=\"container\">\n\t\t\t\t\t<div class=\"e-con-inner\">\n\t\t\t\t<div class=\"elementor-element elementor-element-5f2fa20 elementor-widget elementor-widget-heading\" data-id=\"5f2fa20\" data-element_type=\"widget\" data-e-type=\"widget\" data-widget_type=\"heading.default\">\n\t\t\t\t\t<h1 class=\"elementor-heading-title elementor-size-default\">Bienvenue sur les ventes priv\u00e9es Val\u00e9rie Barkowski<\/h1>\t\t\t\t<\/div>\n\t\t\t\t<div class=\"elementor-element elementor-element-f82500a elementor-widget__width-initial elementor-widget elementor-widget-text-editor\" data-id=\"f82500a\" data-element_type=\"widget\" data-e-type=\"widget\" data-widget_type=\"text-editor.default\">\n\t\t\t\t\t\t\t\t\t<p>Vous \u00eates ici dans un espace r\u00e9serv\u00e9 aux initi\u00e9\u00b7es et <strong>accessible uniquement avec un mot de passe<\/strong>. Vous y trouverez une s\u00e9lection confidentielle de pi\u00e8ces uniques et de s\u00e9ries limit\u00e9es, cr\u00e9\u00e9es et<strong>\u00a0fabriqu\u00e9es \u00e0 la main<\/strong>\u00a0dans notre atelier de Marrakech. Certaines sont des exp\u00e9rimentations, d\u2019autres des r\u00e9\u00e9ditions pr\u00e9cieuses :\u00a0toutes portent l\u2019empreinte du geste\u00a0et de l\u2019attention au d\u00e9tail qui caract\u00e9risent <strong>l\u2019univers de Val\u00e9rie Barkowski<\/strong>. Une invitation \u00e0 d\u00e9couvrir des cr\u00e9ations qui ne se trouvent nulle part ailleurs, <strong>une ode \u00e0 la raret\u00e9<\/strong> et \u00e0 la discr\u00e9tion.<\/p>\t\t\t\t\t\t\t\t<\/div>\n\t\t\t\t<div class=\"elementor-element elementor-element-c267a08 elementor-widget__width-initial elementor-widget elementor-widget-text-editor\" data-id=\"c267a08\" data-element_type=\"widget\" data-e-type=\"widget\" data-widget_type=\"text-editor.default\">\n\t\t\t\t\t\t\t\t\t<div class=\"wc-ppc-form-wrapper\"><form id=\"wc-ppc-password-form-1\" action=\"\/fr\/wp-json\/wp\/v2\/pages\/4469\" class=\"wc-ppc-password-form post-password-form category-login\" method=\"post\"><p class=\"category-login__fields wc-ppc-password-form-inputs\"><label class=\"category-login__label wc-ppc-password-label\">Mot de passe : <input name=\"post_password\" id=\"pwbox-1\" class=\"category-login__password wc-ppc-password\" type=\"password\" size=\"25\" \/><\/label> <input class=\"category-login__submit\" type=\"submit\" name=\"Submit\" value=\"Se connecter\" \/><input type=\"hidden\" name=\"wc_ppc_login\" value=\"1\" \/><input type=\"hidden\" id=\"wc_ppc_nonce\" name=\"wc_ppc_nonce\" value=\"416db76037\" \/><input type=\"hidden\" name=\"_wp_http_referer\" value=\"\/fr\/wp-json\/wp\/v2\/pages\/4469\" \/><input type=\"hidden\" name=\"wc_ppc_central_login\" value=\"1\" \/><\/p><\/form><\/div>\t\t\t\t\t\t\t\t<\/div>\n\t\t\t\t\t<\/div>\n\t\t\t\t<\/div>\n\t\t<div class=\"elementor-element elementor-element-d510277 e-flex e-con-boxed e-con e-parent\" data-id=\"d510277\" data-element_type=\"container\" data-e-type=\"container\">\n\t\t\t\t\t<div class=\"e-con-inner\">\n\t\t\t\t\t<\/div>\n\t\t\t\t<\/div>\n\t\t<div class=\"elementor-element elementor-element-853cd5b e-flex e-con-boxed e-con e-parent\" data-id=\"853cd5b\" data-element_type=\"container\" data-e-type=\"container\">\n\t\t\t\t\t<div class=\"e-con-inner\">\n\t\t\t\t\t<\/div>\n\t\t\t\t<\/div>\n\t\t\t\t<\/div>\n\t\t","protected":false},"excerpt":{"rendered":"<p>Bienvenue sur les ventes priv\u00e9es Val\u00e9rie Barkowski Vous \u00eates ici dans un espace r\u00e9serv\u00e9 aux initi\u00e9\u00b7es et accessible uniquement avec un mot de passe. Vous y trouverez une s\u00e9lection confidentielle de pi\u00e8ces uniques et de s\u00e9ries limit\u00e9es, cr\u00e9\u00e9es et\u00a0fabriqu\u00e9es \u00e0 la main\u00a0dans notre atelier de Marrakech. Certaines sont des exp\u00e9rimentations, d\u2019autres des r\u00e9\u00e9ditions pr\u00e9cieuses :\u00a0toutes &hellip;<\/p>\n","protected":false},"author":1,"featured_media":0,"parent":0,"menu_order":0,"comment_status":"closed","ping_status":"closed","template":"","meta":{"footnotes":""},"class_list":["post-4469","page","type-page","status-publish","hentry"],"acf":[],"jetpack_sharing_enabled":true,"_links":{"self":[{"href":"https:\/\/www.valeriebarkowski.com\/fr\/wp-json\/wp\/v2\/pages\/4469","targetHints":{"allow":["GET"]}}],"collection":[{"href":"https:\/\/www.valeriebarkowski.com\/fr\/wp-json\/wp\/v2\/pages"}],"about":[{"href":"https:\/\/www.valeriebarkowski.com\/fr\/wp-json\/wp\/v2\/types\/page"}],"author":[{"embeddable":true,"href":"https:\/\/www.valeriebarkowski.com\/fr\/wp-json\/wp\/v2\/users\/1"}],"replies":[{"embeddable":true,"href":"https:\/\/www.valeriebarkowski.com\/fr\/wp-json\/wp\/v2\/comments?post=4469"}],"version-history":[{"count":46,"href":"https:\/\/www.valeriebarkowski.com\/fr\/wp-json\/wp\/v2\/pages\/4469\/revisions"}],"predecessor-version":[{"id":8661,"href":"https:\/\/www.valeriebarkowski.com\/fr\/wp-json\/wp\/v2\/pages\/4469\/revisions\/8661"}],"wp:attachment":[{"href":"https:\/\/www.valeriebarkowski.com\/fr\/wp-json\/wp\/v2\/media?parent=4469"}],"curies":[{"name":"wp","href":"https:\/\/api.w.org\/{rel}","templated":true}]}}