{"id":4739,"date":"2025-10-21T13:08:53","date_gmt":"2025-10-21T11:08:53","guid":{"rendered":"https:\/\/www.refresh.valeriebarkowski.com\/?post_type=product&#038;p=4739"},"modified":"2025-12-20T11:32:31","modified_gmt":"2025-12-20T10:32:31","slug":"memba-drap-de-bain","status":"publish","type":"product","link":"https:\/\/www.valeriebarkowski.com\/fr\/e-shop\/linge-de-bain\/memba-drap-de-bain\/","title":{"rendered":"MEMBA Drap de bain"},"content":{"rendered":"<h2>La collection MEMBA par Val\u00e9rie Barkowski<\/h2>\n<p>La collection MEMBA a \u00e9t\u00e9 lanc\u00e9e en 2003 pour compl\u00e9ter la gamme de linge de bain avec une version brod\u00e9e \u00e0 la main, plus sobre, plus textur\u00e9e, apportant une touche artisanale.<\/p>\n<p>Le linge de bain MEMBA en \u00e9ponge blanche 700gr\/<span class=\"LrzXr kno-fv wHYlTd z8gr9e\">m<sup>2<\/sup><\/span> longues fibres qui se parent sur ses contours, de petits blocs multicolores &#8211; de taille irr\u00e9guli\u00e8re &#8211; brod\u00e9s \u00e0 la main.<\/p>\n<p><em>\u201cJ\u2019ai voulu \u00e9toffer l\u2019offre de mes \u00e9ponges en y rajoutant un mod\u00e8le avec des finitions brod\u00e9es. Celui-ci se marie parfaitement avec les \u00e9ponges bord\u00e9es de pompons. Peut-\u00eatre un peu plus masculin. Chez moi, je m\u00e9lange le mod\u00e8le Lamu avec celui-ci, en gardant la m\u00eame gamme de couleurs.\u201d<\/em> Val\u00e9rie Barkowski<\/p>\n","protected":false},"excerpt":{"rendered":"<p><span data-sheets-root=\"1\">Les draps de bain MEMBA, confectionn\u00e9s \u00e0 la main dans notre atelier de Marrakech, allient douceur, et confort. Avec une \u00e9ponge au grammage g\u00e9n\u00e9reux (700 gr\/<span class=\"LrzXr kno-fv wHYlTd z8gr9e\">m<sup>2<\/sup><\/span>), les draps de bain MEMBA offrent un toucher moelleux et une grande capacit\u00e9 d&rsquo;absorption.<\/span><\/p>\n<p>Pi\u00e8ce fabriqu\u00e9e \u00e0 la demande : d\u00e9lai de 2 \u00e0 4 semaines.<\/p>\n","protected":false},"featured_media":5713,"comment_status":"open","ping_status":"closed","template":"","meta":[],"product_brand":[127],"product_cat":[74,113],"product_tag":[91],"class_list":{"0":"post-4739","1":"product","2":"type-product","3":"status-publish","4":"has-post-thumbnail","6":"product_brand-memba","7":"product_cat-linge-de-bain","8":"product_cat-drap-de-bain","9":"product_tag-broderie","10":"pa_couleur-aqua","11":"pa_couleur-beige","12":"pa_couleur-blu","13":"pa_couleur-brique","14":"pa_couleur-carmin","15":"pa_couleur-casapiedra","16":"pa_couleur-crush","17":"pa_couleur-fog","18":"pa_couleur-grigio","19":"pa_couleur-gris","20":"pa_couleur-kaki","21":"pa_couleur-marron","22":"pa_couleur-noir","23":"pa_couleur-nouar","24":"pa_couleur-pabuju","25":"pa_couleur-prune","26":"pa_couleur-rose","27":"pa_couleur-sol","28":"pa_couleur-water","29":"pa_format-100-cm-x-150-cm","31":"first","32":"instock","33":"taxable","34":"shipping-taxable","35":"purchasable","36":"product-type-variable","37":"has-default-attributes"},"acf":[],"jetpack_sharing_enabled":true,"_links":{"self":[{"href":"https:\/\/www.valeriebarkowski.com\/fr\/wp-json\/wp\/v2\/product\/4739","targetHints":{"allow":["GET"]}}],"collection":[{"href":"https:\/\/www.valeriebarkowski.com\/fr\/wp-json\/wp\/v2\/product"}],"about":[{"href":"https:\/\/www.valeriebarkowski.com\/fr\/wp-json\/wp\/v2\/types\/product"}],"replies":[{"embeddable":true,"href":"https:\/\/www.valeriebarkowski.com\/fr\/wp-json\/wp\/v2\/comments?post=4739"}],"wp:featuredmedia":[{"embeddable":true,"href":"https:\/\/www.valeriebarkowski.com\/fr\/wp-json\/wp\/v2\/media\/5713"}],"wp:attachment":[{"href":"https:\/\/www.valeriebarkowski.com\/fr\/wp-json\/wp\/v2\/media?parent=4739"}],"wp:term":[{"taxonomy":"product_brand","embeddable":true,"href":"https:\/\/www.valeriebarkowski.com\/fr\/wp-json\/wp\/v2\/product_brand?post=4739"},{"taxonomy":"product_cat","embeddable":true,"href":"https:\/\/www.valeriebarkowski.com\/fr\/wp-json\/wp\/v2\/product_cat?post=4739"},{"taxonomy":"product_tag","embeddable":true,"href":"https:\/\/www.valeriebarkowski.com\/fr\/wp-json\/wp\/v2\/product_tag?post=4739"}],"curies":[{"name":"wp","href":"https:\/\/api.w.org\/{rel}","templated":true}]}}