{"id":4778,"date":"2025-10-22T19:39:25","date_gmt":"2025-10-22T17:39:25","guid":{"rendered":"https:\/\/www.refresh.valeriebarkowski.com\/?post_type=product&#038;p=4778"},"modified":"2025-12-20T14:50:45","modified_gmt":"2025-12-20T13:50:45","slug":"lamu-serviette-de-bain","status":"publish","type":"product","link":"https:\/\/www.valeriebarkowski.com\/fr\/e-shop\/linge-de-bain\/lamu-serviette-de-bain\/","title":{"rendered":"LAMU Serviette de bain"},"content":{"rendered":"<h2>La collection LAMU par Val\u00e9rie Barkowski<\/h2>\n<p>La collection LAMU incarne un dialogue harmonieux entre \u00e9l\u00e9gance contemporaine et h\u00e9ritage artisanal marocain. Pens\u00e9e pour durer et traverser le temps sans se d\u00e9moder, elle c\u00e9l\u00e8bre la beaut\u00e9 des mati\u00e8res naturelles et la noblesse du travail manuel.<br \/>\nInspir\u00e9e du <em>mendil<\/em>, textile traditionnel marocain, chaque pi\u00e8ce de la collection r\u00e9v\u00e8le un caract\u00e8re authentique et unique. Les pompons r\u00e9alis\u00e9s enti\u00e8rement \u00e0 la main soulignent ce savoir-faire pr\u00e9cieux transmis de g\u00e9n\u00e9ration en g\u00e9n\u00e9ration, faisant de chaque mod\u00e8le une pi\u00e8ce unique et singuli\u00e8re.<\/p>\n<p>Guid\u00e9e par notre philosophie de slow design, la collection LAMU, comme nos autres collections, raconte une histoire faite de gestes traditionnels, de temps ma\u00eetris\u00e9 et de finitions soign\u00e9es.<\/p>\n<p>La collection LAMU ne se contente pas d\u2019habiller la salle de bain, elle raconte une histoire de transmission, de beaut\u00e9 artisanale et de luxe discret.<\/p>\n","protected":false},"excerpt":{"rendered":"<p><span data-sheets-root=\"1\">La serviette de bain LAMU est soigneusement confectionn\u00e9e \u00e0 la main dans notre atelier de Marrakech. R\u00e9alis\u00e9e en \u00e9ponge haut de gamme au grammage g\u00e9n\u00e9reux (700 g\/m\u00b2), elle offre une douceur exceptionnelle, un moelleux incomparable et une grande capacit\u00e9 d&rsquo;absorption.<\/span><\/p>\n<p>Pi\u00e8ce fabriqu\u00e9e \u00e0 la demande : d\u00e9lai de 2 \u00e0 4 semaines.<\/p>\n","protected":false},"featured_media":5461,"comment_status":"open","ping_status":"closed","template":"","meta":[],"product_brand":[98],"product_cat":[74,108],"product_tag":[90],"class_list":{"0":"post-4778","1":"product","2":"type-product","3":"status-publish","4":"has-post-thumbnail","6":"product_brand-lamu","7":"product_cat-linge-de-bain","8":"product_cat-serviette-de-bain","9":"product_tag-pompons","10":"pa_couleur-ambre","11":"pa_couleur-aqua","12":"pa_couleur-beige","13":"pa_couleur-blanc","14":"pa_couleur-bleu-gris","15":"pa_couleur-blu","16":"pa_couleur-brique","17":"pa_couleur-carmin","18":"pa_couleur-casapiedra","19":"pa_couleur-crush","20":"pa_couleur-fog","21":"pa_couleur-grigio","22":"pa_couleur-gris","23":"pa_couleur-kaki","24":"pa_couleur-marron","25":"pa_couleur-noir","26":"pa_couleur-pabuju","27":"pa_couleur-paon","28":"pa_couleur-prune","29":"pa_couleur-rose","30":"pa_couleur-sol","31":"pa_couleur-water","32":"pa_format-100-cm-x-50-cm","34":"first","35":"instock","36":"taxable","37":"shipping-taxable","38":"purchasable","39":"product-type-variable","40":"has-default-attributes"},"acf":[],"jetpack_sharing_enabled":true,"_links":{"self":[{"href":"https:\/\/www.valeriebarkowski.com\/fr\/wp-json\/wp\/v2\/product\/4778","targetHints":{"allow":["GET"]}}],"collection":[{"href":"https:\/\/www.valeriebarkowski.com\/fr\/wp-json\/wp\/v2\/product"}],"about":[{"href":"https:\/\/www.valeriebarkowski.com\/fr\/wp-json\/wp\/v2\/types\/product"}],"replies":[{"embeddable":true,"href":"https:\/\/www.valeriebarkowski.com\/fr\/wp-json\/wp\/v2\/comments?post=4778"}],"wp:featuredmedia":[{"embeddable":true,"href":"https:\/\/www.valeriebarkowski.com\/fr\/wp-json\/wp\/v2\/media\/5461"}],"wp:attachment":[{"href":"https:\/\/www.valeriebarkowski.com\/fr\/wp-json\/wp\/v2\/media?parent=4778"}],"wp:term":[{"taxonomy":"product_brand","embeddable":true,"href":"https:\/\/www.valeriebarkowski.com\/fr\/wp-json\/wp\/v2\/product_brand?post=4778"},{"taxonomy":"product_cat","embeddable":true,"href":"https:\/\/www.valeriebarkowski.com\/fr\/wp-json\/wp\/v2\/product_cat?post=4778"},{"taxonomy":"product_tag","embeddable":true,"href":"https:\/\/www.valeriebarkowski.com\/fr\/wp-json\/wp\/v2\/product_tag?post=4778"}],"curies":[{"name":"wp","href":"https:\/\/api.w.org\/{rel}","templated":true}]}}