{"id":4937,"date":"2025-10-24T15:48:14","date_gmt":"2025-10-24T13:48:14","guid":{"rendered":"https:\/\/www.refresh.valeriebarkowski.com\/?post_type=product&#038;p=4937"},"modified":"2026-05-05T19:17:27","modified_gmt":"2026-05-05T17:17:27","slug":"trass-drap-de-bain","status":"publish","type":"product","link":"https:\/\/www.valeriebarkowski.com\/fr\/e-shop\/linge-de-bain\/trass-drap-de-bain\/","title":{"rendered":"TRASS Drap de bain"},"content":{"rendered":"<h2><span data-sheets-root=\"1\">La collection TRASS par Val\u00e9rie Barkowski<\/span><\/h2>\n<p><span data-sheets-root=\"1\">La collection TRASS de Val\u00e9rie Barkowski incarne \u00e9l\u00e9gance discr\u00e8te et luxe artisanal. Pens\u00e9e pour ceux qui appr\u00e9cient les belles mati\u00e8res et les d\u00e9tails raffin\u00e9s, TRASS se distingue par sa sobri\u00e9t\u00e9 sophistiqu\u00e9e.<\/span><\/p>\n<p><span data-sheets-root=\"1\">La collection TRASS se pare d&rsquo;une broderie artisanale r\u00e9alis\u00e9e au point avant, un geste traditionnel ex\u00e9cut\u00e9 \u00e0 la main, qui vient border les quatre c\u00f4t\u00e9s de chaque produit. Ce d\u00e9tail, \u00e0 la fois graphique et subtil, apporte une finition haut de gamme tout en conservant une esth\u00e9tique \u00e9pur\u00e9e.<\/span><\/p>\n<p><span data-sheets-root=\"1\">TRASS est bien plus qu\u2019une simple collection de linge, c\u2019est un manifeste de simplicit\u00e9 \u00e9l\u00e9gante, de durabilit\u00e9 et de respect du savoir-faire.<\/span><\/p>\n<p><span data-sheets-root=\"1\">TRASS transforme un objet du quotidien en v\u00e9ritable pi\u00e8ce de caract\u00e8re.<\/span><\/p>\n","protected":false},"excerpt":{"rendered":"<p><span data-sheets-root=\"1\">Le drap de bain TRASS, se pare d&rsquo;une broderie au point sur les 4 c\u00f4t\u00e9s du produit. Broderies r\u00e9alis\u00e9es \u00e0 la main dans notre atelier de Marrakech.<\/span><\/p>\n<p>Pi\u00e8ce fabriqu\u00e9e \u00e0 la demande : d\u00e9lai de 2 \u00e0 4 semaines.<\/p>\n","protected":false},"featured_media":13331,"comment_status":"open","ping_status":"closed","template":"","meta":[],"product_brand":[139],"product_cat":[74,113],"product_tag":[91],"class_list":{"0":"post-4937","1":"product","2":"type-product","3":"status-publish","4":"has-post-thumbnail","6":"product_brand-trass","7":"product_cat-linge-de-bain","8":"product_cat-drap-de-bain","9":"product_tag-broderie","10":"pa_couleur-ambre","11":"pa_couleur-beige","12":"pa_couleur-gris","13":"pa_couleur-kaki","14":"pa_couleur-marron","15":"pa_couleur-noir","16":"pa_couleur-rose","17":"pa_couleur-water","19":"first","20":"instock","21":"taxable","22":"shipping-taxable","23":"purchasable","24":"product-type-variable"},"acf":[],"jetpack_sharing_enabled":true,"_links":{"self":[{"href":"https:\/\/www.valeriebarkowski.com\/fr\/wp-json\/wp\/v2\/product\/4937","targetHints":{"allow":["GET"]}}],"collection":[{"href":"https:\/\/www.valeriebarkowski.com\/fr\/wp-json\/wp\/v2\/product"}],"about":[{"href":"https:\/\/www.valeriebarkowski.com\/fr\/wp-json\/wp\/v2\/types\/product"}],"replies":[{"embeddable":true,"href":"https:\/\/www.valeriebarkowski.com\/fr\/wp-json\/wp\/v2\/comments?post=4937"}],"wp:featuredmedia":[{"embeddable":true,"href":"https:\/\/www.valeriebarkowski.com\/fr\/wp-json\/wp\/v2\/media\/13331"}],"wp:attachment":[{"href":"https:\/\/www.valeriebarkowski.com\/fr\/wp-json\/wp\/v2\/media?parent=4937"}],"wp:term":[{"taxonomy":"product_brand","embeddable":true,"href":"https:\/\/www.valeriebarkowski.com\/fr\/wp-json\/wp\/v2\/product_brand?post=4937"},{"taxonomy":"product_cat","embeddable":true,"href":"https:\/\/www.valeriebarkowski.com\/fr\/wp-json\/wp\/v2\/product_cat?post=4937"},{"taxonomy":"product_tag","embeddable":true,"href":"https:\/\/www.valeriebarkowski.com\/fr\/wp-json\/wp\/v2\/product_tag?post=4937"}],"curies":[{"name":"wp","href":"https:\/\/api.w.org\/{rel}","templated":true}]}}