{"id":5001,"date":"2025-10-24T19:28:51","date_gmt":"2025-10-24T17:28:51","guid":{"rendered":"https:\/\/www.refresh.valeriebarkowski.com\/?post_type=product&#038;p=5001"},"modified":"2026-05-05T14:01:39","modified_gmt":"2026-05-05T12:01:39","slug":"cali-serviette-invite","status":"publish","type":"product","link":"https:\/\/www.valeriebarkowski.com\/fr\/e-shop\/linge-de-bain\/cali-serviette-invite\/","title":{"rendered":"CALI Serviette invit\u00e9 &#8211; 2 pi\u00e8ces"},"content":{"rendered":"<h2><span data-sheets-root=\"1\">La collection CALI par Val\u00e9rie Barkowski<\/span><\/h2>\n<p><span data-sheets-root=\"1\">Les produits de la collection CALI, en \u00e9ponge blanche, sont brod\u00e9s sur les 4 bords avec un zig zag irr\u00e9gulier. Fabriqu\u00e9 \u00e0 partir de mat\u00e9riaux de haute qualit\u00e9, ce linge de bain est doux et moelleux au toucher, offrant une grande capacit\u00e9 d&rsquo;absorption.<\/span><\/p>\n<p><span data-sheets-root=\"1\">La broderie CALI ajoute une note contemporaine \u00e0 la simplicit\u00e9 intemporelle de l\u2019\u00e9ponge blanche, cr\u00e9ant une belle combinaison de textures et de couleurs. Un choix \u00e9l\u00e9gant pour tous ceux qui cherchent \u00e0 ajouter une touche de sophistication \u00e0 leur salle de bain.<\/span><\/p>\n","protected":false},"excerpt":{"rendered":"<p><span data-sheets-root=\"1\">La serviette invit\u00e9 CALI, confectionn\u00e9e \u00e0 la main dans notre atelier de Marrakech, allie douceur, et confort. Avec une \u00e9ponge au grammage g\u00e9n\u00e9reux (700 gr\/<span id=\"_BI5GaYfjB-ehkdUP_cL1yA4_45\" class=\"K6pdKd wtBS9\">m\u00b2<\/span>), la serviette invit\u00e9 CALI offrent un toucher moelleux et une grande capacit\u00e9 d&rsquo;absorption.<\/span><\/p>\n<p>Nos serviettes invit\u00e9 sont vendues par deux.<br \/>\nPi\u00e8ces fabriqu\u00e9es \u00e0 la demande : d\u00e9lai de 2 \u00e0 4 semaines.<\/p>\n","protected":false},"featured_media":13340,"comment_status":"open","ping_status":"closed","template":"","meta":[],"product_brand":[136],"product_cat":[74,134],"product_tag":[91],"class_list":{"0":"post-5001","1":"product","2":"type-product","3":"status-publish","4":"has-post-thumbnail","6":"product_brand-cali","7":"product_cat-linge-de-bain","8":"product_cat-serviette-invite","9":"product_tag-broderie","10":"pa_couleur-ambre","11":"pa_couleur-beige","12":"pa_couleur-bleu-gris","13":"pa_couleur-brique","14":"pa_couleur-carmin","15":"pa_couleur-kaki","16":"pa_couleur-marron","17":"pa_couleur-noir","18":"pa_couleur-paon","19":"pa_couleur-plum","20":"pa_couleur-rose","21":"pa_couleur-water","22":"pa_format-30-cm-x-50-cm","24":"first","25":"instock","26":"taxable","27":"shipping-taxable","28":"purchasable","29":"product-type-variable","30":"has-default-attributes"},"acf":[],"jetpack_sharing_enabled":true,"_links":{"self":[{"href":"https:\/\/www.valeriebarkowski.com\/fr\/wp-json\/wp\/v2\/product\/5001","targetHints":{"allow":["GET"]}}],"collection":[{"href":"https:\/\/www.valeriebarkowski.com\/fr\/wp-json\/wp\/v2\/product"}],"about":[{"href":"https:\/\/www.valeriebarkowski.com\/fr\/wp-json\/wp\/v2\/types\/product"}],"replies":[{"embeddable":true,"href":"https:\/\/www.valeriebarkowski.com\/fr\/wp-json\/wp\/v2\/comments?post=5001"}],"wp:featuredmedia":[{"embeddable":true,"href":"https:\/\/www.valeriebarkowski.com\/fr\/wp-json\/wp\/v2\/media\/13340"}],"wp:attachment":[{"href":"https:\/\/www.valeriebarkowski.com\/fr\/wp-json\/wp\/v2\/media?parent=5001"}],"wp:term":[{"taxonomy":"product_brand","embeddable":true,"href":"https:\/\/www.valeriebarkowski.com\/fr\/wp-json\/wp\/v2\/product_brand?post=5001"},{"taxonomy":"product_cat","embeddable":true,"href":"https:\/\/www.valeriebarkowski.com\/fr\/wp-json\/wp\/v2\/product_cat?post=5001"},{"taxonomy":"product_tag","embeddable":true,"href":"https:\/\/www.valeriebarkowski.com\/fr\/wp-json\/wp\/v2\/product_tag?post=5001"}],"curies":[{"name":"wp","href":"https:\/\/api.w.org\/{rel}","templated":true}]}}