{"id":5080,"date":"2025-10-27T11:35:44","date_gmt":"2025-10-27T10:35:44","guid":{"rendered":"https:\/\/www.refresh.valeriebarkowski.com\/?post_type=product&#038;p=5080"},"modified":"2026-05-05T13:49:28","modified_gmt":"2026-05-05T11:49:28","slug":"pollux-serviette-invite","status":"publish","type":"product","link":"https:\/\/www.valeriebarkowski.com\/fr\/e-shop\/linge-de-bain\/pollux-serviette-invite\/","title":{"rendered":"POLLUX Serviette invit\u00e9 &#8211; 2 pi\u00e8ces"},"content":{"rendered":"<h2><span data-sheets-root=\"1\">La collection POLLUX par Val\u00e9rie Barkowski<\/span><\/h2>\n<p><span data-sheets-root=\"1\">La collection POLLUX est confectionn\u00e9e et cousue \u00e0 la main dans notre atelier \u00e0 Marrakech. Les longs pompons sont assembl\u00e9s avec un fil de couleur identique. Apr\u00e8s plusieurs lavages les franges deviennent d\u00e9sordonn\u00e9es, c&rsquo;est l\u2019effet souhait\u00e9.<\/span><\/p>\n<p><span data-sheets-root=\"1\"><em>\u201cApr\u00e8s le succ\u00e8s du linge de bain LAMU, mes \u00e9ponges bord\u00e9es de pompons multicolores ou unis, j\u2019ai voulu explorer un autre style. Un mod\u00e8le compl\u00e9mentaire, un peu diff\u00e9rent, plus boh\u00e8me. C\u2019est ainsi que les longues franges se sont impos\u00e9es naturellement.\u201d<\/em> Val\u00e9rie Barkowski<\/span><\/p>\n<p><span data-sheets-root=\"1\">La collection POLLUX traverse le temps, elle est vendue depuis 2014. Le design du linge de bain imagin\u00e9 par Val\u00e9rie Barkowski est intemporel et raffin\u00e9.<\/span><\/p>\n<p>&nbsp;<\/p>\n","protected":false},"excerpt":{"rendered":"<p><span data-sheets-root=\"1\">La serviette invit\u00e9 POLLUX, confectionn\u00e9e \u00e0 la main dans notre atelier de Marrakech, allie douceur, et confort. Avec une \u00e9ponge au grammage g\u00e9n\u00e9reux de 700 gr\/<span class=\"LrzXr kno-fv wHYlTd z8gr9e\">m<sup>2<\/sup><\/span>, la serviette invit\u00e9 POLLUX offre un toucher moelleux et une grande capacit\u00e9 d&rsquo;absorption.<\/span><\/p>\n<p>Nos serviettes invit\u00e9 sont vendues par deux.<br \/>\nPi\u00e8ces fabriqu\u00e9es \u00e0 la demande : d\u00e9lai de 2 \u00e0 4 semaines.<\/p>\n","protected":false},"featured_media":13327,"comment_status":"open","ping_status":"closed","template":"","meta":[],"product_brand":[142],"product_cat":[74,134],"product_tag":[90],"class_list":{"0":"post-5080","1":"product","2":"type-product","3":"status-publish","4":"has-post-thumbnail","6":"product_brand-pollux","7":"product_cat-linge-de-bain","8":"product_cat-serviette-invite","9":"product_tag-pompons","10":"pa_couleur-ambre","11":"pa_couleur-beige","12":"pa_couleur-bleu-gris","13":"pa_couleur-brique","14":"pa_couleur-carmin","15":"pa_couleur-gris","16":"pa_couleur-kaki","17":"pa_couleur-marron","18":"pa_couleur-noir","19":"pa_couleur-paon","20":"pa_couleur-prune","21":"pa_couleur-rose","22":"pa_couleur-water","23":"pa_format-30-cm-x-50-cm","25":"first","26":"instock","27":"taxable","28":"shipping-taxable","29":"purchasable","30":"product-type-variable","31":"has-default-attributes"},"acf":[],"jetpack_sharing_enabled":true,"_links":{"self":[{"href":"https:\/\/www.valeriebarkowski.com\/fr\/wp-json\/wp\/v2\/product\/5080","targetHints":{"allow":["GET"]}}],"collection":[{"href":"https:\/\/www.valeriebarkowski.com\/fr\/wp-json\/wp\/v2\/product"}],"about":[{"href":"https:\/\/www.valeriebarkowski.com\/fr\/wp-json\/wp\/v2\/types\/product"}],"replies":[{"embeddable":true,"href":"https:\/\/www.valeriebarkowski.com\/fr\/wp-json\/wp\/v2\/comments?post=5080"}],"wp:featuredmedia":[{"embeddable":true,"href":"https:\/\/www.valeriebarkowski.com\/fr\/wp-json\/wp\/v2\/media\/13327"}],"wp:attachment":[{"href":"https:\/\/www.valeriebarkowski.com\/fr\/wp-json\/wp\/v2\/media?parent=5080"}],"wp:term":[{"taxonomy":"product_brand","embeddable":true,"href":"https:\/\/www.valeriebarkowski.com\/fr\/wp-json\/wp\/v2\/product_brand?post=5080"},{"taxonomy":"product_cat","embeddable":true,"href":"https:\/\/www.valeriebarkowski.com\/fr\/wp-json\/wp\/v2\/product_cat?post=5080"},{"taxonomy":"product_tag","embeddable":true,"href":"https:\/\/www.valeriebarkowski.com\/fr\/wp-json\/wp\/v2\/product_tag?post=5080"}],"curies":[{"name":"wp","href":"https:\/\/api.w.org\/{rel}","templated":true}]}}