{"id":6173,"date":"2025-11-03T16:16:04","date_gmt":"2025-11-03T15:16:04","guid":{"rendered":"https:\/\/www.refresh.valeriebarkowski.com\/?post_type=product&#038;p=6173"},"modified":"2026-03-17T20:13:03","modified_gmt":"2026-03-17T19:13:03","slug":"nil-taie-doreiller","status":"publish","type":"product","link":"https:\/\/www.valeriebarkowski.com\/fr\/e-shop\/linge-de-lit\/nil-taie-doreiller\/","title":{"rendered":"NIL Taie d&rsquo;oreiller &#8211; 2 pi\u00e8ces"},"content":{"rendered":"<h2><span data-sheets-root=\"1\">La collection NIL par Val\u00e9rie Barkowski<\/span><\/h2>\n<p><span data-sheets-root=\"1\">La collection NIL marie la broderie et la passementerie. Les contours des produits de cette collection sont brod\u00e9s d\u2019un fil tourn\u00e9 et ponctu\u00e9s de boules en passementerie. Un travail de pr\u00e9cision et de qualit\u00e9 r\u00e9alis\u00e9 par nos artisans qualifi\u00e9s.<\/span><\/p>\n<p><em>\u00ab\u00a0La passementerie, un savoir-faire ancestral au Maroc. Les v\u00eatements sont faits sur mesure et orn\u00e9s de fils tourn\u00e9s qui forment des dessins et remplacent aussi les coutures. Hommes et femmes s\u00e9lectionnent leurs \u00e9toffes avec soin avant de se rendre chez le tailleur et de choisir les coloris et mod\u00e8les de la passementerie. Tous les v\u00eatements de qualit\u00e9 sont faits sur mesure et n\u00e9cessitent plusieurs semaines de travail. Au Maroc on prend le temps\u2026<\/em><\/p>\n<p><span data-sheets-root=\"1\"><em>Quand je me suis install\u00e9e \u00e0 Marrakech, en 1996, je me suis passionn\u00e9e pour la passementerie. Je passais des heures avec des artisans pour comprendre leur travail. Je me suis fait confectionner des v\u00eatements traditionnels, j\u2019ai jou\u00e9 avec les dessins, les tissus, les couleurs. Puis, l\u2019id\u00e9e de transposer la passementerie sur le linge de lit et le linge de table m\u2019est apparue comme une \u00e9vidence. Le mod\u00e8le NIL est n\u00e9.\u00a0\u00bb<\/em> Val\u00e9rie Barkowski<\/span><\/p>\n","protected":false},"excerpt":{"rendered":"<p><span data-sheets-root=\"1\">La taie d&rsquo;oreiller NIL, 100% coton, est minutieusement brod\u00e9e \u00e0 la main dans notre atelier de Marrakech. La taie d&rsquo;oreiller NIL se pare, sur ses quatre c\u00f4t\u00e9s, d&rsquo;un fil tourn\u00e9 ponctu\u00e9 de petites boules en passementerie.<br \/>\n<\/span><\/p>\n<p><span data-sheets-root=\"1\">Nos taies d&rsquo;oreiller sont vendues par deux. <\/span><span data-sheets-root=\"1\">Pi\u00e8ces fabriqu\u00e9es \u00e0 la demande : d\u00e9lai de 2 \u00e0 4 semaines.<\/span><\/p>\n","protected":false},"featured_media":6229,"comment_status":"open","ping_status":"closed","template":"","meta":[],"product_brand":[94],"product_cat":[73,106],"product_tag":[85],"class_list":{"0":"post-6173","1":"product","2":"type-product","3":"status-publish","4":"has-post-thumbnail","6":"product_brand-nil","7":"product_cat-linge-de-lit","8":"product_cat-taie-doreiller","9":"product_tag-passementerie","10":"pa_couleur-ambre","11":"pa_couleur-beige","12":"pa_couleur-bleu-gris","13":"pa_couleur-brique","14":"pa_couleur-carmin","15":"pa_couleur-gris","16":"pa_couleur-kaki","17":"pa_couleur-marron","18":"pa_couleur-noir","19":"pa_couleur-paon","20":"pa_couleur-prune","21":"pa_couleur-rose","22":"pa_format-65-cm-x-65-cm","23":"pa_format-70-cm-x-50-cm","24":"pa_format-custom","26":"first","27":"instock","28":"taxable","29":"shipping-taxable","30":"purchasable","31":"product-type-variable","32":"has-default-attributes"},"acf":[],"jetpack_sharing_enabled":true,"_links":{"self":[{"href":"https:\/\/www.valeriebarkowski.com\/fr\/wp-json\/wp\/v2\/product\/6173","targetHints":{"allow":["GET"]}}],"collection":[{"href":"https:\/\/www.valeriebarkowski.com\/fr\/wp-json\/wp\/v2\/product"}],"about":[{"href":"https:\/\/www.valeriebarkowski.com\/fr\/wp-json\/wp\/v2\/types\/product"}],"replies":[{"embeddable":true,"href":"https:\/\/www.valeriebarkowski.com\/fr\/wp-json\/wp\/v2\/comments?post=6173"}],"wp:featuredmedia":[{"embeddable":true,"href":"https:\/\/www.valeriebarkowski.com\/fr\/wp-json\/wp\/v2\/media\/6229"}],"wp:attachment":[{"href":"https:\/\/www.valeriebarkowski.com\/fr\/wp-json\/wp\/v2\/media?parent=6173"}],"wp:term":[{"taxonomy":"product_brand","embeddable":true,"href":"https:\/\/www.valeriebarkowski.com\/fr\/wp-json\/wp\/v2\/product_brand?post=6173"},{"taxonomy":"product_cat","embeddable":true,"href":"https:\/\/www.valeriebarkowski.com\/fr\/wp-json\/wp\/v2\/product_cat?post=6173"},{"taxonomy":"product_tag","embeddable":true,"href":"https:\/\/www.valeriebarkowski.com\/fr\/wp-json\/wp\/v2\/product_tag?post=6173"}],"curies":[{"name":"wp","href":"https:\/\/api.w.org\/{rel}","templated":true}]}}