{"id":6253,"date":"2025-11-03T18:20:25","date_gmt":"2025-11-03T17:20:25","guid":{"rendered":"https:\/\/www.refresh.valeriebarkowski.com\/?post_type=product&#038;p=6253"},"modified":"2026-02-17T21:22:18","modified_gmt":"2026-02-17T20:22:18","slug":"aya-taie-doreiller","status":"publish","type":"product","link":"https:\/\/www.valeriebarkowski.com\/fr\/e-shop\/linge-de-lit\/aya-taie-doreiller\/","title":{"rendered":"AYA Taie d&rsquo;oreiller &#8211; 2 pi\u00e8ces"},"content":{"rendered":"<h2><span data-sheets-root=\"1\">La collection AYA par Val\u00e9rie Barkowski<\/span><\/h2>\n<p><span data-sheets-root=\"1\">Les produits de la collection AYA sont brod\u00e9s de boules en fil, inspir\u00e9es des boutons de la djellaba marocaine traditionnelle.<\/span><\/p>\n<p><span data-sheets-root=\"1\"><em>\u00ab\u00a0Cette finition, tout comme LAMU et ILIAS, fait partie de mes premi\u00e8res interpr\u00e9tations du travail de fil traditionnel marocain. D\u00e8s mon arriv\u00e9e \u00e0 Marrakech, en 1996, j\u2019ai \u00e9t\u00e9 fascin\u00e9e par le travail de la passementerie. Ces petites boules faites enti\u00e8rement \u00e0 la main sont utilis\u00e9es comme boutons sur les djellabas. L\u2019id\u00e9e de les transposer sur mon linge de maison s\u2019est rapidement impos\u00e9e.\u00a0\u00bb<\/em> Val\u00e9rie Barkowski.<\/span><\/p>\n","protected":false},"excerpt":{"rendered":"<p><span data-sheets-root=\"1\">La taie d&rsquo;oreiller AYA, 100% coton, est rehauss\u00e9e sur ses quatre c\u00f4t\u00e9s de boules en fil, inspir\u00e9es des boutons de la djellaba marocaine traditionnelle. La taie d&rsquo;oreiller AYA est confectionn\u00e9e \u00e0 la main dans notre atelier de Marrakech.<br \/>\n<\/span><\/p>\n<p><span data-sheets-root=\"1\">Nos taies d&rsquo;oreiller sont vendues par deux. <\/span><span data-sheets-root=\"1\">Pi\u00e8ces fabriqu\u00e9es \u00e0 la demande : d\u00e9lai de 2 \u00e0 4 semaines.<\/span><\/p>\n","protected":false},"featured_media":6286,"comment_status":"open","ping_status":"closed","template":"","meta":[],"product_brand":[71],"product_cat":[73,106],"product_tag":[85],"class_list":{"0":"post-6253","1":"product","2":"type-product","3":"status-publish","4":"has-post-thumbnail","6":"product_brand-aya","7":"product_cat-linge-de-lit","8":"product_cat-taie-doreiller","9":"product_tag-passementerie","10":"pa_couleur-ambre","11":"pa_couleur-aqua","12":"pa_couleur-beige","13":"pa_couleur-bleu-gris","14":"pa_couleur-blu","15":"pa_couleur-brique","16":"pa_couleur-carmin","17":"pa_couleur-casapiedra","18":"pa_couleur-crush","19":"pa_couleur-fog","20":"pa_couleur-gris","21":"pa_couleur-kaki","22":"pa_couleur-marron","23":"pa_couleur-noir","24":"pa_couleur-paon","25":"pa_couleur-prune","26":"pa_couleur-rose","27":"pa_couleur-sol","28":"pa_format-65-cm-x-65-cm","29":"pa_format-70-cm-x-50-cm","30":"pa_format-custom","32":"first","33":"instock","34":"taxable","35":"shipping-taxable","36":"purchasable","37":"product-type-variable","38":"has-default-attributes"},"acf":[],"jetpack_sharing_enabled":true,"_links":{"self":[{"href":"https:\/\/www.valeriebarkowski.com\/fr\/wp-json\/wp\/v2\/product\/6253","targetHints":{"allow":["GET"]}}],"collection":[{"href":"https:\/\/www.valeriebarkowski.com\/fr\/wp-json\/wp\/v2\/product"}],"about":[{"href":"https:\/\/www.valeriebarkowski.com\/fr\/wp-json\/wp\/v2\/types\/product"}],"replies":[{"embeddable":true,"href":"https:\/\/www.valeriebarkowski.com\/fr\/wp-json\/wp\/v2\/comments?post=6253"}],"wp:featuredmedia":[{"embeddable":true,"href":"https:\/\/www.valeriebarkowski.com\/fr\/wp-json\/wp\/v2\/media\/6286"}],"wp:attachment":[{"href":"https:\/\/www.valeriebarkowski.com\/fr\/wp-json\/wp\/v2\/media?parent=6253"}],"wp:term":[{"taxonomy":"product_brand","embeddable":true,"href":"https:\/\/www.valeriebarkowski.com\/fr\/wp-json\/wp\/v2\/product_brand?post=6253"},{"taxonomy":"product_cat","embeddable":true,"href":"https:\/\/www.valeriebarkowski.com\/fr\/wp-json\/wp\/v2\/product_cat?post=6253"},{"taxonomy":"product_tag","embeddable":true,"href":"https:\/\/www.valeriebarkowski.com\/fr\/wp-json\/wp\/v2\/product_tag?post=6253"}],"curies":[{"name":"wp","href":"https:\/\/api.w.org\/{rel}","templated":true}]}}