{"id":6419,"date":"2025-11-04T12:24:27","date_gmt":"2025-11-04T11:24:27","guid":{"rendered":"https:\/\/www.refresh.valeriebarkowski.com\/?post_type=product&#038;p=6419"},"modified":"2025-12-24T12:59:31","modified_gmt":"2025-12-24T11:59:31","slug":"noon-housse-de-couette","status":"publish","type":"product","link":"https:\/\/www.valeriebarkowski.com\/fr\/e-shop\/linge-de-lit\/noon-housse-de-couette\/","title":{"rendered":"NOON Housse de couette"},"content":{"rendered":"<h2><span data-sheets-root=\"1\">La collection NOON par Val\u00e9rie Barkowski<\/span><\/h2>\n<p><span data-sheets-root=\"1\">La collection NOON propose des pi\u00e8ces textiles raffin\u00e9es m\u00ealant artisanat marocain et design \u00e9pur\u00e9. Elle se caract\u00e9rise par la r\u00e9p\u00e9tition d&rsquo;un motif en forme d\u2019\u00e9toile brod\u00e9e \u00e0 la main.<\/span><\/p>\n<p><span data-sheets-root=\"1\">Le motif NOON est une interpr\u00e9tation d\u2019un point traditionnel de la broderie de F\u00e8s.<\/span><\/p>\n<p><span data-sheets-root=\"1\"><em>\u00ab\u00a0J\u2019ai eu l\u2019id\u00e9e de dissocier l\u2019un de ces points et de le parsemer de mani\u00e8re irr\u00e9guli\u00e8re sur le linge en lin ou en coton. La particularit\u00e9 de cette broderie est qu\u2019elle fonctionne \u00e0 l\u2019endroit comme \u00e0 l\u2019envers. Cela fait plus de 20 ans que je la travaille et je reste \u00e9merveill\u00e9e par le fait qu\u2019elle soit r\u00e9versible et aussi solide.\u201d<\/em> Val\u00e9rie Barkowski<\/span><\/p>\n","protected":false},"excerpt":{"rendered":"<p><span data-sheets-root=\"1\">La housse de couette NOON, en coton merceris\u00e9, se pare d&rsquo;\u00e9toiles brod\u00e9es \u00e0 la main, ce motif est une interpr\u00e9tation d\u2019un point traditionnel de la broderie de F\u00e8s.<\/span><\/p>\n<p>Pi\u00e8ce fabriqu\u00e9e \u00e0 la demande <span data-sheets-root=\"1\">dans notre atelier de Marrakech<\/span> : d\u00e9lai de 2 \u00e0 4 semaines.<\/p>\n","protected":false},"featured_media":6398,"comment_status":"open","ping_status":"closed","template":"","meta":[],"product_brand":[72],"product_cat":[73,109],"product_tag":[91],"class_list":{"0":"post-6419","1":"product","2":"type-product","3":"status-publish","4":"has-post-thumbnail","6":"product_brand-noon","7":"product_cat-linge-de-lit","8":"product_cat-housse-de-couette","9":"product_tag-broderie","10":"pa_couleur-beige","11":"pa_couleur-bleu-gris","12":"pa_couleur-brique","13":"pa_couleur-carmin","14":"pa_couleur-gris","15":"pa_couleur-kaki","16":"pa_couleur-marron","17":"pa_couleur-noir","18":"pa_couleur-paon","19":"pa_couleur-prune","20":"pa_couleur-rose","21":"pa_format-140-cm-x-200-cm","22":"pa_format-240-cm-x-220-cm","23":"pa_format-260-cm-x-240-cm","24":"pa_format-custom","26":"first","27":"instock","28":"taxable","29":"shipping-taxable","30":"purchasable","31":"product-type-variable","32":"has-default-attributes"},"acf":[],"jetpack_sharing_enabled":true,"_links":{"self":[{"href":"https:\/\/www.valeriebarkowski.com\/fr\/wp-json\/wp\/v2\/product\/6419","targetHints":{"allow":["GET"]}}],"collection":[{"href":"https:\/\/www.valeriebarkowski.com\/fr\/wp-json\/wp\/v2\/product"}],"about":[{"href":"https:\/\/www.valeriebarkowski.com\/fr\/wp-json\/wp\/v2\/types\/product"}],"replies":[{"embeddable":true,"href":"https:\/\/www.valeriebarkowski.com\/fr\/wp-json\/wp\/v2\/comments?post=6419"}],"wp:featuredmedia":[{"embeddable":true,"href":"https:\/\/www.valeriebarkowski.com\/fr\/wp-json\/wp\/v2\/media\/6398"}],"wp:attachment":[{"href":"https:\/\/www.valeriebarkowski.com\/fr\/wp-json\/wp\/v2\/media?parent=6419"}],"wp:term":[{"taxonomy":"product_brand","embeddable":true,"href":"https:\/\/www.valeriebarkowski.com\/fr\/wp-json\/wp\/v2\/product_brand?post=6419"},{"taxonomy":"product_cat","embeddable":true,"href":"https:\/\/www.valeriebarkowski.com\/fr\/wp-json\/wp\/v2\/product_cat?post=6419"},{"taxonomy":"product_tag","embeddable":true,"href":"https:\/\/www.valeriebarkowski.com\/fr\/wp-json\/wp\/v2\/product_tag?post=6419"}],"curies":[{"name":"wp","href":"https:\/\/api.w.org\/{rel}","templated":true}]}}