{"id":6450,"date":"2025-11-05T10:44:20","date_gmt":"2025-11-05T09:44:20","guid":{"rendered":"https:\/\/www.refresh.valeriebarkowski.com\/?post_type=product&#038;p=6450"},"modified":"2026-02-17T21:06:09","modified_gmt":"2026-02-17T20:06:09","slug":"ilias-taie-doreiller","status":"publish","type":"product","link":"https:\/\/www.valeriebarkowski.com\/fr\/e-shop\/linge-de-lit\/ilias-taie-doreiller\/","title":{"rendered":"ILIAS Taie d&rsquo;oreiller &#8211; 2 pi\u00e8ces"},"content":{"rendered":"<h2><span data-sheets-root=\"1\">La collection ILIAS par Val\u00e9rie Barkowski<\/span><\/h2>\n<p><span data-sheets-root=\"1\">La collection ILIAS incarne un dialogue harmonieux entre \u00e9l\u00e9gance contemporaine et h\u00e9ritage artisanal marocain. Pens\u00e9e pour durer et traverser le temps sans se d\u00e9moder, elle c\u00e9l\u00e8bre la beaut\u00e9 des mati\u00e8res naturelles et la noblesse du travail manuel.<\/span><\/p>\n<p><span data-sheets-root=\"1\">Inspir\u00e9e du mendil, textile traditionnel marocain, les pompons r\u00e9alis\u00e9s enti\u00e8rement \u00e0 la main font de chaque mod\u00e8le une pi\u00e8ce unique et singuli\u00e8re.<\/span><\/p>\n<p><span data-sheets-root=\"1\">Guid\u00e9e par notre philosophie de slow design, la collection ILIAS, comme nos autres collections, raconte une histoire de savoir-faire pr\u00e9cieux transmis de g\u00e9n\u00e9ration en g\u00e9n\u00e9ration.<\/span><\/p>\n","protected":false},"excerpt":{"rendered":"<p><span data-sheets-root=\"1\">La taie d&rsquo;oreiller ILIAS, 100% coton, est rehauss\u00e9e sur ses quatre c\u00f4t\u00e9s, de pompons color\u00e9s minutieusement brod\u00e9s \u00e0 la main.<br \/>\n<\/span><\/p>\n<p><span data-sheets-root=\"1\">Nos taies d&rsquo;oreiller sont vendues par deux. <\/span><span data-sheets-root=\"1\">Pi\u00e8ces fabriqu\u00e9es \u00e0 la demande : d\u00e9lai de 2 \u00e0 4 semaines.<\/span><\/p>\n","protected":false},"featured_media":6680,"comment_status":"open","ping_status":"closed","template":"","meta":[],"product_brand":[103],"product_cat":[73,106],"product_tag":[90],"class_list":{"0":"post-6450","1":"product","2":"type-product","3":"status-publish","4":"has-post-thumbnail","6":"product_brand-iliias","7":"product_cat-linge-de-lit","8":"product_cat-taie-doreiller","9":"product_tag-pompons","10":"pa_couleur-ambre","11":"pa_couleur-aqua","12":"pa_couleur-beige","13":"pa_couleur-blanc","14":"pa_couleur-bleu-gris","15":"pa_couleur-blu","16":"pa_couleur-brique","17":"pa_couleur-carmin","18":"pa_couleur-casapiedra","19":"pa_couleur-crush","20":"pa_couleur-fog","21":"pa_couleur-grigio","22":"pa_couleur-gris","23":"pa_couleur-kaki","24":"pa_couleur-marron","25":"pa_couleur-noir","26":"pa_couleur-nouar","27":"pa_couleur-pabuju","28":"pa_couleur-paon","29":"pa_couleur-prune","30":"pa_couleur-rose","31":"pa_couleur-sol","32":"pa_format-65-cm-x-65-cm","33":"pa_format-70-cm-x-50-cm","34":"pa_format-custom","36":"first","37":"instock","38":"taxable","39":"shipping-taxable","40":"purchasable","41":"product-type-variable","42":"has-default-attributes"},"acf":[],"jetpack_sharing_enabled":true,"_links":{"self":[{"href":"https:\/\/www.valeriebarkowski.com\/fr\/wp-json\/wp\/v2\/product\/6450","targetHints":{"allow":["GET"]}}],"collection":[{"href":"https:\/\/www.valeriebarkowski.com\/fr\/wp-json\/wp\/v2\/product"}],"about":[{"href":"https:\/\/www.valeriebarkowski.com\/fr\/wp-json\/wp\/v2\/types\/product"}],"replies":[{"embeddable":true,"href":"https:\/\/www.valeriebarkowski.com\/fr\/wp-json\/wp\/v2\/comments?post=6450"}],"wp:featuredmedia":[{"embeddable":true,"href":"https:\/\/www.valeriebarkowski.com\/fr\/wp-json\/wp\/v2\/media\/6680"}],"wp:attachment":[{"href":"https:\/\/www.valeriebarkowski.com\/fr\/wp-json\/wp\/v2\/media?parent=6450"}],"wp:term":[{"taxonomy":"product_brand","embeddable":true,"href":"https:\/\/www.valeriebarkowski.com\/fr\/wp-json\/wp\/v2\/product_brand?post=6450"},{"taxonomy":"product_cat","embeddable":true,"href":"https:\/\/www.valeriebarkowski.com\/fr\/wp-json\/wp\/v2\/product_cat?post=6450"},{"taxonomy":"product_tag","embeddable":true,"href":"https:\/\/www.valeriebarkowski.com\/fr\/wp-json\/wp\/v2\/product_tag?post=6450"}],"curies":[{"name":"wp","href":"https:\/\/api.w.org\/{rel}","templated":true}]}}