{"id":6471,"date":"2025-11-05T12:11:25","date_gmt":"2025-11-05T11:11:25","guid":{"rendered":"https:\/\/www.refresh.valeriebarkowski.com\/?post_type=product&#038;p=6471"},"modified":"2026-01-12T11:41:31","modified_gmt":"2026-01-12T10:41:31","slug":"ilan-drap-de-lit","status":"publish","type":"product","link":"https:\/\/www.valeriebarkowski.com\/fr\/e-shop\/linge-de-lit\/ilan-drap-de-lit\/","title":{"rendered":"ILAN Drap de lit"},"content":{"rendered":"<h2><span data-sheets-root=\"1\">La collection ILAN par Val\u00e9rie Barkowski<\/span><\/h2>\n<p><span data-sheets-root=\"1\">La collection ILAN se distingue par son \u00e9l\u00e9gance artisanale, m\u00ealant sobri\u00e9t\u00e9 et richesse de d\u00e9tails. Variante monochrome de la collection ILIAS, chaque pi\u00e8ce &#8211; confectionn\u00e9e en coton peign\u00e9 merceris\u00e9 &#8211; est rehauss\u00e9e de pompons blancs enti\u00e8rement faits main, fix\u00e9s sur tous les contours, dans le respect du savoir\u2011faire marocain. Le fil qui relie les pompons offre une touche de couleur personnalis\u00e9e, variant selon les versions pour s\u2019adapter aux go\u00fbts et \u00e0 l\u2019ambiance de la pi\u00e8ce. <\/span><\/p>\n","protected":false},"excerpt":{"rendered":"<p><span data-sheets-root=\"1\">Le drap de lit ILAN, 100% coton, est minutieusement brod\u00e9 \u00e0 la main et rehauss\u00e9 de pompons blancs. Le fil qui relie les pompons offre une touche de couleur subtile.<\/span><\/p>\n<p>Pi\u00e8ce fabriqu\u00e9e \u00e0 la demande <span data-sheets-root=\"1\">dans notre atelier de Marrakech <\/span>: d\u00e9lai de 2 \u00e0 4 semaines.<\/p>\n","protected":false},"featured_media":6505,"comment_status":"open","ping_status":"closed","template":"","meta":[],"product_brand":[159],"product_cat":[73,110],"product_tag":[90],"class_list":{"0":"post-6471","1":"product","2":"type-product","3":"status-publish","4":"has-post-thumbnail","6":"product_brand-ilan","7":"product_cat-linge-de-lit","8":"product_cat-drap-de-lit","9":"product_tag-pompons","10":"pa_couleur-ambre","11":"pa_couleur-beige","12":"pa_couleur-brique","13":"pa_couleur-carmin","14":"pa_couleur-casapiedra","15":"pa_couleur-crush","16":"pa_couleur-fog","17":"pa_couleur-gris-bleu","18":"pa_couleur-kaki","19":"pa_couleur-marron","20":"pa_couleur-noir","21":"pa_couleur-paon","22":"pa_couleur-prune","23":"pa_couleur-rose","24":"pa_format-210-cm-x-300-cm","25":"pa_format-280-cm-x-300-cm","26":"pa_format-300-cm-x-300-cm","27":"pa_format-custom","29":"first","30":"instock","31":"taxable","32":"shipping-taxable","33":"purchasable","34":"product-type-variable","35":"has-default-attributes"},"acf":[],"jetpack_sharing_enabled":true,"_links":{"self":[{"href":"https:\/\/www.valeriebarkowski.com\/fr\/wp-json\/wp\/v2\/product\/6471","targetHints":{"allow":["GET"]}}],"collection":[{"href":"https:\/\/www.valeriebarkowski.com\/fr\/wp-json\/wp\/v2\/product"}],"about":[{"href":"https:\/\/www.valeriebarkowski.com\/fr\/wp-json\/wp\/v2\/types\/product"}],"replies":[{"embeddable":true,"href":"https:\/\/www.valeriebarkowski.com\/fr\/wp-json\/wp\/v2\/comments?post=6471"}],"wp:featuredmedia":[{"embeddable":true,"href":"https:\/\/www.valeriebarkowski.com\/fr\/wp-json\/wp\/v2\/media\/6505"}],"wp:attachment":[{"href":"https:\/\/www.valeriebarkowski.com\/fr\/wp-json\/wp\/v2\/media?parent=6471"}],"wp:term":[{"taxonomy":"product_brand","embeddable":true,"href":"https:\/\/www.valeriebarkowski.com\/fr\/wp-json\/wp\/v2\/product_brand?post=6471"},{"taxonomy":"product_cat","embeddable":true,"href":"https:\/\/www.valeriebarkowski.com\/fr\/wp-json\/wp\/v2\/product_cat?post=6471"},{"taxonomy":"product_tag","embeddable":true,"href":"https:\/\/www.valeriebarkowski.com\/fr\/wp-json\/wp\/v2\/product_tag?post=6471"}],"curies":[{"name":"wp","href":"https:\/\/api.w.org\/{rel}","templated":true}]}}