{"id":6474,"date":"2025-11-05T12:20:52","date_gmt":"2025-11-05T11:20:52","guid":{"rendered":"https:\/\/www.refresh.valeriebarkowski.com\/?post_type=product&#038;p=6474"},"modified":"2026-02-17T19:07:38","modified_gmt":"2026-02-17T18:07:38","slug":"yumi-taie-doreiller","status":"publish","type":"product","link":"https:\/\/www.valeriebarkowski.com\/fr\/e-shop\/linge-de-lit\/yumi-taie-doreiller\/","title":{"rendered":"YUMI Taie d&rsquo;oreiller &#8211; 2 pi\u00e8ces"},"content":{"rendered":"<h2><span data-sheets-root=\"1\">La collection YUMI par Val\u00e9rie Barkowski<\/span><\/h2>\n<p><span data-sheets-root=\"1\">Pour cette parure de lit haut de gamme, la finition devient fermeture. Les cordons en fil tourn\u00e9 forment des spirales qui se terminent avec un pompon. Le linge de lit Yumi est en coton peign\u00e9 et merceris\u00e9 et la production est r\u00e9alis\u00e9e, enti\u00e8rement \u00e0 la main, dans notre atelier \u00e0 Marrakech.<\/span><\/p>\n<p><span data-sheets-root=\"1\"><em>\u201cLa passementerie est un savoir-faire ancestral au Maroc. Je m\u2019y int\u00e9resse depuis de nombreuses ann\u00e9es, car le r\u00e9pertoire des possibles est infini. Le linge de lit raffin\u00e9 et intemporel YUMI se compose de finitions utilis\u00e9es pour la confection des djellabas. J\u2019y apporte un autre regard et d\u00e9tourne les composantes. Un assemblage de pompons et de fils tourn\u00e9s que j\u2019interpr\u00e8te \u00e0 ma mani\u00e8re. J\u2019aime la simplicit\u00e9 des choses, le mod\u00e8le YUMI en est une repr\u00e9sentation.\u201d<\/em> Val\u00e9rie Barkowski<\/span><\/p>\n","protected":false},"excerpt":{"rendered":"<p><span data-sheets-root=\"1\">La taie d&rsquo;oreiller YUMI, 100% coton, est minutieusement brod\u00e9e \u00e0 la main. Pour les produits de cette collection, la finition en passementerie devient la fermeture.<br \/>\n<\/span><\/p>\n<p><span data-sheets-root=\"1\">Nos taies d&rsquo;oreiller sont vendues par deux. <\/span><span data-sheets-root=\"1\">Pi\u00e8ces fabriqu\u00e9es \u00e0 la demande : d\u00e9lai de 2 \u00e0 4 semaines.<\/span><\/p>\n","protected":false},"featured_media":6690,"comment_status":"open","ping_status":"closed","template":"","meta":[],"product_brand":[160],"product_cat":[73,106],"product_tag":[85],"class_list":{"0":"post-6474","1":"product","2":"type-product","3":"status-publish","4":"has-post-thumbnail","6":"product_brand-yumi","7":"product_cat-linge-de-lit","8":"product_cat-taie-doreiller","9":"product_tag-passementerie","10":"pa_couleur-aqua","11":"pa_couleur-crush","12":"pa_couleur-fog","13":"pa_couleur-gris","14":"pa_couleur-noir","15":"pa_couleur-nouar","16":"pa_format-65-cm-x-65-cm","17":"pa_format-70-cm-x-50-cm","18":"pa_format-custom","20":"first","21":"instock","22":"taxable","23":"shipping-taxable","24":"purchasable","25":"product-type-variable","26":"has-default-attributes"},"acf":[],"jetpack_sharing_enabled":true,"_links":{"self":[{"href":"https:\/\/www.valeriebarkowski.com\/fr\/wp-json\/wp\/v2\/product\/6474","targetHints":{"allow":["GET"]}}],"collection":[{"href":"https:\/\/www.valeriebarkowski.com\/fr\/wp-json\/wp\/v2\/product"}],"about":[{"href":"https:\/\/www.valeriebarkowski.com\/fr\/wp-json\/wp\/v2\/types\/product"}],"replies":[{"embeddable":true,"href":"https:\/\/www.valeriebarkowski.com\/fr\/wp-json\/wp\/v2\/comments?post=6474"}],"wp:featuredmedia":[{"embeddable":true,"href":"https:\/\/www.valeriebarkowski.com\/fr\/wp-json\/wp\/v2\/media\/6690"}],"wp:attachment":[{"href":"https:\/\/www.valeriebarkowski.com\/fr\/wp-json\/wp\/v2\/media?parent=6474"}],"wp:term":[{"taxonomy":"product_brand","embeddable":true,"href":"https:\/\/www.valeriebarkowski.com\/fr\/wp-json\/wp\/v2\/product_brand?post=6474"},{"taxonomy":"product_cat","embeddable":true,"href":"https:\/\/www.valeriebarkowski.com\/fr\/wp-json\/wp\/v2\/product_cat?post=6474"},{"taxonomy":"product_tag","embeddable":true,"href":"https:\/\/www.valeriebarkowski.com\/fr\/wp-json\/wp\/v2\/product_tag?post=6474"}],"curies":[{"name":"wp","href":"https:\/\/api.w.org\/{rel}","templated":true}]}}