{"id":6838,"date":"2025-11-10T17:13:21","date_gmt":"2025-11-10T16:13:21","guid":{"rendered":"https:\/\/www.refresh.valeriebarkowski.com\/?post_type=product&#038;p=6838"},"modified":"2025-12-20T10:17:01","modified_gmt":"2025-12-20T09:17:01","slug":"tulum-serviette-de-table-4-pieces","status":"publish","type":"product","link":"https:\/\/www.valeriebarkowski.com\/fr\/e-shop\/linge-de-table\/tulum-serviette-de-table-4-pieces\/","title":{"rendered":"TULUM Serviette de table &#8211; 4 pi\u00e8ces"},"content":{"rendered":"<h2><span data-sheets-root=\"1\">La collection TULUM par Val\u00e9rie Barkowski<\/span><\/h2>\n<p><span data-sheets-root=\"1\">La collection TULUM est orn\u00e9e de gros pompons faits main, plac\u00e9s aux quatre coins. Composition 100% coton peign\u00e9 avec un poids de 1100 grammes\/<span class=\"LrzXr kno-fv wHYlTd z8gr9e\">m<sup>2<\/sup><\/span>.<\/span><\/p>\n<p><span data-sheets-root=\"1\"><em>\u00ab\u00a0Le premier riad que j\u2019ai lou\u00e9 \u00e0 Marrakech, en 1996, avait d\u2019\u00e9paisses couvertures berb\u00e8res en laine orn\u00e9es de gros pompons sur les lits. J\u2019aimais l\u2019id\u00e9e et l\u2019esth\u00e9tique, mais je n\u2019aimais pas dormir sous ces couvertures lourdes et r\u00eaches. Tr\u00e8s naturellement, j\u2019ai transf\u00e9r\u00e9 cette id\u00e9e sur mon linge. Ce mod\u00e8le fut un des premiers avec ILIAS. Il est directement inspir\u00e9 de la culture marocaine.\u00a0\u00bb<\/em> Val\u00e9rie Barkowski<\/span><\/p>\n","protected":false},"excerpt":{"rendered":"<p><span data-sheets-root=\"1\">La serviette de table TULUM, 100% coton \u00e9cru, est minutieusement brod\u00e9e \u00e0 la main et rehauss\u00e9e de larges pompons de couleur aux quatre coins du produit.<\/p>\n<p>Nos serviettes de table sont vendues par 4.<br \/>\n<\/span><span data-sheets-root=\"1\">Pi\u00e8ces fabriqu\u00e9es \u00e0 la demande : d\u00e9lai de 2 \u00e0 4 semaines.<\/span><\/p>\n","protected":false},"featured_media":7186,"comment_status":"open","ping_status":"closed","template":"","meta":[],"product_brand":[141],"product_cat":[75,112],"product_tag":[90],"class_list":{"0":"post-6838","1":"product","2":"type-product","3":"status-publish","4":"has-post-thumbnail","6":"product_brand-tulum","7":"product_cat-linge-de-table","8":"product_cat-serviette-de-table","9":"product_tag-pompons","10":"pa_couleur-ambre","11":"pa_couleur-aubergine","12":"pa_couleur-bloow","13":"pa_couleur-carmin","14":"pa_couleur-crush","15":"pa_couleur-gitan","16":"pa_couleur-kaki","17":"pa_couleur-paon","18":"pa_couleur-prune","19":"pa_format-45-cm-x-45-cm","21":"first","22":"instock","23":"taxable","24":"shipping-taxable","25":"purchasable","26":"product-type-variable","27":"has-default-attributes"},"acf":[],"jetpack_sharing_enabled":true,"_links":{"self":[{"href":"https:\/\/www.valeriebarkowski.com\/fr\/wp-json\/wp\/v2\/product\/6838","targetHints":{"allow":["GET"]}}],"collection":[{"href":"https:\/\/www.valeriebarkowski.com\/fr\/wp-json\/wp\/v2\/product"}],"about":[{"href":"https:\/\/www.valeriebarkowski.com\/fr\/wp-json\/wp\/v2\/types\/product"}],"replies":[{"embeddable":true,"href":"https:\/\/www.valeriebarkowski.com\/fr\/wp-json\/wp\/v2\/comments?post=6838"}],"wp:featuredmedia":[{"embeddable":true,"href":"https:\/\/www.valeriebarkowski.com\/fr\/wp-json\/wp\/v2\/media\/7186"}],"wp:attachment":[{"href":"https:\/\/www.valeriebarkowski.com\/fr\/wp-json\/wp\/v2\/media?parent=6838"}],"wp:term":[{"taxonomy":"product_brand","embeddable":true,"href":"https:\/\/www.valeriebarkowski.com\/fr\/wp-json\/wp\/v2\/product_brand?post=6838"},{"taxonomy":"product_cat","embeddable":true,"href":"https:\/\/www.valeriebarkowski.com\/fr\/wp-json\/wp\/v2\/product_cat?post=6838"},{"taxonomy":"product_tag","embeddable":true,"href":"https:\/\/www.valeriebarkowski.com\/fr\/wp-json\/wp\/v2\/product_tag?post=6838"}],"curies":[{"name":"wp","href":"https:\/\/api.w.org\/{rel}","templated":true}]}}