{"id":6933,"date":"2025-11-11T12:27:09","date_gmt":"2025-11-11T11:27:09","guid":{"rendered":"https:\/\/www.refresh.valeriebarkowski.com\/?post_type=product&#038;p=6933"},"modified":"2025-12-20T09:29:58","modified_gmt":"2025-12-20T08:29:58","slug":"dots-set-de-table-4-pieces","status":"publish","type":"product","link":"https:\/\/www.valeriebarkowski.com\/fr\/e-shop\/linge-de-table\/dots-set-de-table-4-pieces\/","title":{"rendered":"DOTS Set de table &#8211; 4 pi\u00e8ces"},"content":{"rendered":"<h2><span data-sheets-root=\"1\">La collection DOTS par Val\u00e9rie Barkowski<\/span><\/h2>\n<p><span data-sheets-root=\"1\">La collection DOTS explore une esth\u00e9tique minimaliste enrichie de d\u00e9tails textiles fins, comme cette broderie unique r\u00e9alis\u00e9e \u00e0 la main. Cette collection de linge de table haut de gamme en popeline blanche de grande qualit\u00e9, refl\u00e8te l\u2019approche singuli\u00e8re de cr\u00e9ation textile : une id\u00e9e, une impulsion, un geste qui se d\u00e9cline en collection. Chaque pi\u00e8ce peut se marier avec un linge de table existant ou se coordonner pour cr\u00e9er une parure unique.<br \/>\n<\/span><\/p>\n","protected":false},"excerpt":{"rendered":"<p><span data-sheets-root=\"1\">Le set de table DOTS, en popeline blanche, est confectionn\u00e9 \u00e0 la main dans notre atelier de Marrakech. La broderie unique est la signature de cette collection raffin\u00e9e.<\/span><span data-sheets-root=\"1\">Le set de table DOTS peut se marier avec la serviette de table de la m\u00eame collection ou d&rsquo;une autre collection pour une parure unique.<\/span><\/p>\n<p><span data-sheets-root=\"1\">Nos sets de table sont vendus par quatre.<br \/>\n<\/span><span data-sheets-root=\"1\">Pi\u00e8ces fabriqu\u00e9es \u00e0 la demande : d\u00e9lai de 2 \u00e0 4 semaines<\/span><\/p>\n","protected":false},"featured_media":6782,"comment_status":"open","ping_status":"closed","template":"","meta":[],"product_brand":[95],"product_cat":[75,126],"product_tag":[91],"class_list":{"0":"post-6933","1":"product","2":"type-product","3":"status-publish","4":"has-post-thumbnail","6":"product_brand-dots","7":"product_cat-linge-de-table","8":"product_cat-set-de-table","9":"product_tag-broderie","10":"pa_couleur-ambre","11":"pa_couleur-beige","12":"pa_couleur-bleu-gris","13":"pa_couleur-brique","14":"pa_couleur-carmin","15":"pa_couleur-gris","16":"pa_couleur-kaki","17":"pa_couleur-marron","18":"pa_couleur-noir","19":"pa_couleur-paon","20":"pa_couleur-prune","21":"pa_couleur-rose","22":"pa_format-50-cm-x-35-cm","24":"first","25":"instock","26":"taxable","27":"shipping-taxable","28":"purchasable","29":"product-type-variable","30":"has-default-attributes"},"acf":[],"jetpack_sharing_enabled":true,"_links":{"self":[{"href":"https:\/\/www.valeriebarkowski.com\/fr\/wp-json\/wp\/v2\/product\/6933","targetHints":{"allow":["GET"]}}],"collection":[{"href":"https:\/\/www.valeriebarkowski.com\/fr\/wp-json\/wp\/v2\/product"}],"about":[{"href":"https:\/\/www.valeriebarkowski.com\/fr\/wp-json\/wp\/v2\/types\/product"}],"replies":[{"embeddable":true,"href":"https:\/\/www.valeriebarkowski.com\/fr\/wp-json\/wp\/v2\/comments?post=6933"}],"wp:featuredmedia":[{"embeddable":true,"href":"https:\/\/www.valeriebarkowski.com\/fr\/wp-json\/wp\/v2\/media\/6782"}],"wp:attachment":[{"href":"https:\/\/www.valeriebarkowski.com\/fr\/wp-json\/wp\/v2\/media?parent=6933"}],"wp:term":[{"taxonomy":"product_brand","embeddable":true,"href":"https:\/\/www.valeriebarkowski.com\/fr\/wp-json\/wp\/v2\/product_brand?post=6933"},{"taxonomy":"product_cat","embeddable":true,"href":"https:\/\/www.valeriebarkowski.com\/fr\/wp-json\/wp\/v2\/product_cat?post=6933"},{"taxonomy":"product_tag","embeddable":true,"href":"https:\/\/www.valeriebarkowski.com\/fr\/wp-json\/wp\/v2\/product_tag?post=6933"}],"curies":[{"name":"wp","href":"https:\/\/api.w.org\/{rel}","templated":true}]}}