{"id":7112,"date":"2025-11-12T17:03:51","date_gmt":"2025-11-12T16:03:51","guid":{"rendered":"https:\/\/www.refresh.valeriebarkowski.com\/?post_type=product&#038;p=7112"},"modified":"2026-01-15T16:56:58","modified_gmt":"2026-01-15T15:56:58","slug":"fleur-serviette-de-table-4-pieces","status":"publish","type":"product","link":"https:\/\/www.valeriebarkowski.com\/fr\/e-shop\/linge-de-table\/fleur-serviette-de-table-4-pieces\/","title":{"rendered":"FLEUR Serviette de table &#8211; 4 pi\u00e8ces"},"content":{"rendered":"<h2><span data-sheets-root=\"1\">La collection FLEUR par Val\u00e9rie Barkowski.<\/span><\/h2>\n<p><span data-sheets-root=\"1\">La collection FLEUR est n\u00e9e en 2005 mais cette collection continue d\u2019\u00e9voluer et elle se d\u00e9cline aujourd\u2019hui sous de nouvelles formes et nouveaux coloris.<br \/>\n\u00a0\u00bbN\u00e9e d\u2019une inspiration spontan\u00e9e, la collection FLEUR provient de la transformation innovante de chutes de popeline. Dans mon atelier, chaque pi\u00e8ce prend vie de fa\u00e7on organique, refl\u00e9tant une m\u00e9tamorphose tactile des mati\u00e8res premi\u00e8res. Entour\u00e9e par une \u00e9quipe passionn\u00e9e par l\u2019excellence artisanale, je trouve mon inspiration. Travailler sur place est essentiel pour moi, vitalis\u00e9 par l\u2019ambiance et le dynamisme humain de mon \u00e9quipe.\u00a0\u00bb<br \/>\nLes fleurs sont des disques en popeline de coton peign\u00e9 qui sont superpos\u00e9s et cousus au centre avec un motif NOON. Les bords des fleurs sont eux aussi brod\u00e9s avec plusieurs lignes qui se juxtaposent. Les fils de ces broderies ne sont pas coup\u00e9s, c&rsquo;est volontaire. Chaque fleur est donc diff\u00e9rente et toutes s&rsquo;assemblent entre elles.\u00a0<\/span><\/p>\n<p><span data-sheets-root=\"1\"><br \/>\nChoisir notre collection FLEUR, c\u2019est l\u2019assurance de rehausser votre table d\u2019une touche de po\u00e9sie.<\/span><\/p>\n","protected":false},"excerpt":{"rendered":"<p><span data-sheets-root=\"1\">FLEUR Serviette de Table<\/span><\/p>\n<p>La serviette de table FLEUR se pare d&rsquo;une fleur compos\u00e9e de disques en popeline de coton peign\u00e9, superpos\u00e9s et cousus au centre avec un motif NOON.<\/p>\n<p>Disponible en 4 coloris de finition, la serviette de table FLEUR s&rsquo;associe au chemin de table ou au bouquet de la m\u00eame collection ou aux sets de table de nos autres collection de linge de table, comme par exemple ceux de la collection OYOKI.<\/p>\n<p>Nos serviettes de table sont vendues par quatre. Pi\u00e8ces fabriqu\u00e9es \u00e0 la demande : d\u00e9lai de 2 \u00e0 4 semaines<\/p>\n","protected":false},"featured_media":11714,"comment_status":"open","ping_status":"closed","template":"","meta":[],"product_brand":[166],"product_cat":[75,112],"product_tag":[91],"class_list":{"0":"post-7112","1":"product","2":"type-product","3":"status-publish","4":"has-post-thumbnail","6":"product_brand-fleur","7":"product_cat-linge-de-table","8":"product_cat-serviette-de-table","9":"product_tag-broderie","10":"pa_couleur-ambre","11":"pa_couleur-aubergine","12":"pa_couleur-carmin","13":"pa_couleur-marron","14":"pa_format-45-cm-x-45-cm","16":"first","17":"instock","18":"taxable","19":"shipping-taxable","20":"purchasable","21":"product-type-variable","22":"has-default-attributes"},"acf":[],"jetpack_sharing_enabled":true,"_links":{"self":[{"href":"https:\/\/www.valeriebarkowski.com\/fr\/wp-json\/wp\/v2\/product\/7112","targetHints":{"allow":["GET"]}}],"collection":[{"href":"https:\/\/www.valeriebarkowski.com\/fr\/wp-json\/wp\/v2\/product"}],"about":[{"href":"https:\/\/www.valeriebarkowski.com\/fr\/wp-json\/wp\/v2\/types\/product"}],"replies":[{"embeddable":true,"href":"https:\/\/www.valeriebarkowski.com\/fr\/wp-json\/wp\/v2\/comments?post=7112"}],"wp:featuredmedia":[{"embeddable":true,"href":"https:\/\/www.valeriebarkowski.com\/fr\/wp-json\/wp\/v2\/media\/11714"}],"wp:attachment":[{"href":"https:\/\/www.valeriebarkowski.com\/fr\/wp-json\/wp\/v2\/media?parent=7112"}],"wp:term":[{"taxonomy":"product_brand","embeddable":true,"href":"https:\/\/www.valeriebarkowski.com\/fr\/wp-json\/wp\/v2\/product_brand?post=7112"},{"taxonomy":"product_cat","embeddable":true,"href":"https:\/\/www.valeriebarkowski.com\/fr\/wp-json\/wp\/v2\/product_cat?post=7112"},{"taxonomy":"product_tag","embeddable":true,"href":"https:\/\/www.valeriebarkowski.com\/fr\/wp-json\/wp\/v2\/product_tag?post=7112"}],"curies":[{"name":"wp","href":"https:\/\/api.w.org\/{rel}","templated":true}]}}