{"id":7118,"date":"2025-11-12T17:17:12","date_gmt":"2025-11-12T16:17:12","guid":{"rendered":"https:\/\/www.refresh.valeriebarkowski.com\/?post_type=product&#038;p=7118"},"modified":"2026-03-06T15:44:26","modified_gmt":"2026-03-06T14:44:26","slug":"fleur-chemin-de-table","status":"publish","type":"product","link":"https:\/\/www.valeriebarkowski.com\/fr\/e-shop\/linge-de-table\/fleur-chemin-de-table\/","title":{"rendered":"FLEUR Chemin de table"},"content":{"rendered":"<h2><span data-sheets-root=\"1\">La collection FLEUR par Val\u00e9rie Barkowski.<\/span><\/h2>\n<p><span data-sheets-root=\"1\">La collection FLEUR est n\u00e9e en 2005 mais cette collection continue d\u2019\u00e9voluer et elle se d\u00e9cline aujourd\u2019hui sous de nouvelles formes.<br \/>\n\u00a0\u00bbN\u00e9e d\u2019une inspiration spontan\u00e9e, la collection FLEUR provient de la transformation innovante de chutes de popeline. Dans mon atelier, chaque pi\u00e8ce prend vie de fa\u00e7on organique, refl\u00e9tant une m\u00e9tamorphose tactile des mati\u00e8res premi\u00e8res. Entour\u00e9e par une \u00e9quipe passionn\u00e9e par l\u2019excellence artisanale, je trouve mon inspiration. Travailler sur place est essentiel pour moi, vitalis\u00e9e par l\u2019ambiance et le dynamisme humain de mon \u00e9quipe.\u00a0\u00bb V. Barkowski<\/span><\/p>\n<p><span data-sheets-root=\"1\">Les fleurs sont des disques en popeline de coton peign\u00e9 qui sont superpos\u00e9s et cousus au centre avec un motif NOON. Les bords des fleurs sont eux aussi brod\u00e9s avec plusieurs lignes qui se juxtaposent. Les fils de ces broderies ne sont pas coup\u00e9s, c&rsquo;est volontaire.<br \/>\nChoisir notre collection FLEUR, c\u2019est l\u2019assurance de rehausser votre table d\u2019une touche de po\u00e9sie.<\/span><\/p>\n<p>&nbsp;<\/p>\n<p>&nbsp;<\/p>\n","protected":false},"excerpt":{"rendered":"<p><span data-sheets-root=\"1\">Le chemin de table FLEUR est en popeline de coton blanc peign\u00e9, merceris\u00e9, double \u00e9paisseur, et se pare de 11 fleurs positionn\u00e9es au centre. Les fleurs se d\u00e9clinent en diff\u00e9rents coloris de la gamme Haroun. La broderie sur le chemin de table est disponible en quatre coloris.<br \/>\nCe chemin de table s&rsquo;associe aux serviettes de table de la m\u00eame collection pour une parure harmonieuse et intemporelle mais peut aussi compl\u00e9ter une autre collection de la maison V. Barkowski.<\/span><\/p>\n<p><span data-sheets-root=\"1\"><br \/>\nPi\u00e8ce fabriqu\u00e9e \u00e0 la demande : d\u00e9lai de 2 \u00e0 4 semaines<\/span><\/p>\n","protected":false},"featured_media":11766,"comment_status":"open","ping_status":"closed","template":"","meta":[],"product_brand":[166],"product_cat":[75,107],"product_tag":[91],"class_list":{"0":"post-7118","1":"product","2":"type-product","3":"status-publish","4":"has-post-thumbnail","6":"product_brand-fleur","7":"product_cat-linge-de-table","8":"product_cat-chemin-de-table","9":"product_tag-broderie","10":"pa_couleur-ambre","11":"pa_couleur-aubergine","12":"pa_couleur-carmin","13":"pa_couleur-marron","14":"pa_format-20-cm-x-250-cm","16":"first","17":"instock","18":"taxable","19":"shipping-taxable","20":"purchasable","21":"product-type-variable","22":"has-default-attributes"},"acf":[],"jetpack_sharing_enabled":true,"_links":{"self":[{"href":"https:\/\/www.valeriebarkowski.com\/fr\/wp-json\/wp\/v2\/product\/7118","targetHints":{"allow":["GET"]}}],"collection":[{"href":"https:\/\/www.valeriebarkowski.com\/fr\/wp-json\/wp\/v2\/product"}],"about":[{"href":"https:\/\/www.valeriebarkowski.com\/fr\/wp-json\/wp\/v2\/types\/product"}],"replies":[{"embeddable":true,"href":"https:\/\/www.valeriebarkowski.com\/fr\/wp-json\/wp\/v2\/comments?post=7118"}],"wp:featuredmedia":[{"embeddable":true,"href":"https:\/\/www.valeriebarkowski.com\/fr\/wp-json\/wp\/v2\/media\/11766"}],"wp:attachment":[{"href":"https:\/\/www.valeriebarkowski.com\/fr\/wp-json\/wp\/v2\/media?parent=7118"}],"wp:term":[{"taxonomy":"product_brand","embeddable":true,"href":"https:\/\/www.valeriebarkowski.com\/fr\/wp-json\/wp\/v2\/product_brand?post=7118"},{"taxonomy":"product_cat","embeddable":true,"href":"https:\/\/www.valeriebarkowski.com\/fr\/wp-json\/wp\/v2\/product_cat?post=7118"},{"taxonomy":"product_tag","embeddable":true,"href":"https:\/\/www.valeriebarkowski.com\/fr\/wp-json\/wp\/v2\/product_tag?post=7118"}],"curies":[{"name":"wp","href":"https:\/\/api.w.org\/{rel}","templated":true}]}}