{"id":7123,"date":"2025-11-12T17:50:04","date_gmt":"2025-11-12T16:50:04","guid":{"rendered":"https:\/\/www.refresh.valeriebarkowski.com\/?post_type=product&#038;p=7123"},"modified":"2026-01-15T12:19:39","modified_gmt":"2026-01-15T11:19:39","slug":"oyoki-serviette-de-table","status":"publish","type":"product","link":"https:\/\/www.valeriebarkowski.com\/fr\/e-shop\/linge-de-table\/oyoki-serviette-de-table\/","title":{"rendered":"OYOKI Serviette de table &#8211; 4 pi\u00e8ces"},"content":{"rendered":"<h2><span data-sheets-root=\"1\">La collection OYOKI par Val\u00e9rie Barkowski<\/span><\/h2>\n<p><span data-sheets-root=\"1\">La collection OYOKI explore une esth\u00e9tique minimaliste enrichie de d\u00e9tails textiles fins, comme la broderie r\u00e9alis\u00e9e \u00e0 la main. Une collection de linge de table haut de gamme en popeline blanche de grande qualit\u00e9, disponible uniquement lors de notre vente priv\u00e9e d\u2019octobre 2025.<br \/>\nOYOKI refl\u00e8te l\u2019approche singuli\u00e8re de cr\u00e9ation textile : une id\u00e9e, une impulsion, un geste qui se d\u00e9cline en collection. Chaque pi\u00e8ce peut se marier avec un linge de table existant ou se coordonner pour cr\u00e9er une parure unique.<br \/>\n\u00a0\u00bbCes gribouillis sont n\u00e9s d\u2019un accident. Une nappe en coton blanc, toute neuve, que j\u2019adorais. Une tache est apparue, ind\u00e9l\u00e9bile. J\u2019\u00e9tais d\u00e9pit\u00e9e : comment ne pas la perdre ? Alors j\u2019ai pris un crayon. J\u2019ai dessin\u00e9 dessus, presque pour me consoler. Des lignes, des boucles, des traces sans logique. Je les ai fait broder. La nappe \u00e9tait sauv\u00e9e. Une nouvelle collection \u00e9tait n\u00e9e.<br \/>\nC\u2019est souvent ainsi que je travaille. Un mur effondr\u00e9, une tache ind\u00e9l\u00e9bile, une fleur \u00e9ternelle. Les accidents se transforment en d\u00e9parts, les contraintes deviennent mati\u00e8re, l\u2019impr\u00e9vu ouvre une porte.\u00a0\u00bb Val\u00e9rie Barkowski.<\/span><\/p>\n","protected":false},"excerpt":{"rendered":"<p><span data-sheets-root=\"1\">La serviette de table OYOKI, en popeline blanche, se pare d&rsquo; une broderie unique, motif inspir\u00e9 des gribouillis d&rsquo;enfants. Cette broderie unique, sans arr\u00eat ni raccord, faite main est la signature de cette collection raffin\u00e9e.\u00a0<\/span><\/p>\n<p><span data-sheets-root=\"1\">La serviette de table OYOKI peut s&rsquo;associer au set de table de la m\u00eame collection pour une parure harmonieuse ou de toute autre collection de la maison V. Barkowski pour une parure unique.<\/span><\/p>\n<p><span data-sheets-root=\"1\">Nos serviettes de table sont vendues par quatre. <\/span><span data-sheets-root=\"1\">Pi\u00e8ces fabriqu\u00e9es \u00e0 la demande : d\u00e9lai de 2 \u00e0 4 semaines.<\/span><\/p>\n","protected":false},"featured_media":11730,"comment_status":"open","ping_status":"closed","template":"","meta":[],"product_brand":[122],"product_cat":[75,112],"product_tag":[91],"class_list":{"0":"post-7123","1":"product","2":"type-product","3":"status-publish","4":"has-post-thumbnail","6":"product_brand-oyoki-linge-de-table","7":"product_cat-linge-de-table","8":"product_cat-serviette-de-table","9":"product_tag-broderie","10":"pa_couleur-ambre","11":"pa_couleur-aubergine","12":"pa_couleur-carmin","13":"pa_couleur-marron","14":"pa_format-45-cm-x-45-cm","16":"first","17":"instock","18":"taxable","19":"shipping-taxable","20":"purchasable","21":"product-type-variable","22":"has-default-attributes"},"acf":[],"jetpack_sharing_enabled":true,"_links":{"self":[{"href":"https:\/\/www.valeriebarkowski.com\/fr\/wp-json\/wp\/v2\/product\/7123","targetHints":{"allow":["GET"]}}],"collection":[{"href":"https:\/\/www.valeriebarkowski.com\/fr\/wp-json\/wp\/v2\/product"}],"about":[{"href":"https:\/\/www.valeriebarkowski.com\/fr\/wp-json\/wp\/v2\/types\/product"}],"replies":[{"embeddable":true,"href":"https:\/\/www.valeriebarkowski.com\/fr\/wp-json\/wp\/v2\/comments?post=7123"}],"wp:featuredmedia":[{"embeddable":true,"href":"https:\/\/www.valeriebarkowski.com\/fr\/wp-json\/wp\/v2\/media\/11730"}],"wp:attachment":[{"href":"https:\/\/www.valeriebarkowski.com\/fr\/wp-json\/wp\/v2\/media?parent=7123"}],"wp:term":[{"taxonomy":"product_brand","embeddable":true,"href":"https:\/\/www.valeriebarkowski.com\/fr\/wp-json\/wp\/v2\/product_brand?post=7123"},{"taxonomy":"product_cat","embeddable":true,"href":"https:\/\/www.valeriebarkowski.com\/fr\/wp-json\/wp\/v2\/product_cat?post=7123"},{"taxonomy":"product_tag","embeddable":true,"href":"https:\/\/www.valeriebarkowski.com\/fr\/wp-json\/wp\/v2\/product_tag?post=7123"}],"curies":[{"name":"wp","href":"https:\/\/api.w.org\/{rel}","templated":true}]}}