{"id":7129,"date":"2025-11-12T18:08:48","date_gmt":"2025-11-12T17:08:48","guid":{"rendered":"https:\/\/www.refresh.valeriebarkowski.com\/?post_type=product&#038;p=7129"},"modified":"2026-01-15T12:11:19","modified_gmt":"2026-01-15T11:11:19","slug":"oyoki-set-de-table-ozera-4-pieces","status":"publish","type":"product","link":"https:\/\/www.valeriebarkowski.com\/fr\/e-shop\/linge-de-table\/oyoki-set-de-table-ozera-4-pieces\/","title":{"rendered":"OYOKI Set de table OZERA &#8211; 4 pi\u00e8ces"},"content":{"rendered":"<h2><span data-sheets-root=\"1\">La collection OYOKI par Val\u00e9rie Barkowski<\/span><\/h2>\n<p><span data-sheets-root=\"1\">La collection OYOKI refl\u00e8te l\u2019approche singuli\u00e8re de cr\u00e9ation textile : une id\u00e9e, une impulsion, un geste qui se d\u00e9cline en collection. Chaque pi\u00e8ce peut se marier avec un linge de table existant ou se coordonner pour cr\u00e9er une parure unique.<\/span><\/p>\n<p><span data-sheets-root=\"1\"><br \/>\n\u00a0\u00bbCes gribouillis sont n\u00e9s d\u2019un accident. Une nappe en coton blanc, toute neuve, que j\u2019adorais. Une tache est apparue, ind\u00e9l\u00e9bile. J\u2019\u00e9tais d\u00e9pit\u00e9e : comment ne pas la perdre ? Alors j\u2019ai pris un crayon. J\u2019ai dessin\u00e9 dessus, presque pour me consoler. Des lignes, des boucles, des traces sans logique. Je les ai fait broder. La nappe \u00e9tait sauv\u00e9e. Une nouvelle collection \u00e9tait n\u00e9e. C\u2019est souvent ainsi que je travaille. Un mur effondr\u00e9, une tache ind\u00e9l\u00e9bile, une fleur \u00e9ternelle. Les accidents se transforment en d\u00e9parts, les contraintes deviennent mati\u00e8re, l\u2019impr\u00e9vu ouvre une porte.\u00a0\u00bb Val\u00e9rie Barkowski<\/span><\/p>\n","protected":false},"excerpt":{"rendered":"<p>Le set de table OZERA de la collection OYOKI, en popeline de coton, est confectionn\u00e9 \u00e0 la main dans notre atelier de Marrakech. Le design original de cette collection s&rsquo;inspire des gribouillis d&rsquo;enfant, avec une broderie unique, sans arr\u00eat ni raccord.<\/p>\n<p>Il peut s&rsquo;associer aux serviettes de table de la m\u00eame collection pour une parure harmonieuse, ou \u00e0 nos serviettes de la collection FLEUR pour une parure originale.<\/p>\n<p>Nos sets de table sont vendus par quatre. Pi\u00e8ces fabriqu\u00e9es \u00e0 la demande : d\u00e9lai de 2 \u00e0 4 semaines<\/p>\n","protected":false},"featured_media":11738,"comment_status":"open","ping_status":"closed","template":"","meta":[],"product_brand":[122],"product_cat":[75,126],"product_tag":[91],"class_list":{"0":"post-7129","1":"product","2":"type-product","3":"status-publish","4":"has-post-thumbnail","6":"product_brand-oyoki-linge-de-table","7":"product_cat-linge-de-table","8":"product_cat-set-de-table","9":"product_tag-broderie","10":"pa_couleur-ambre","11":"pa_couleur-aubergine","12":"pa_couleur-carmin","13":"pa_couleur-marron","14":"pa_format-49-cm-x-38-cm","16":"first","17":"instock","18":"taxable","19":"shipping-taxable","20":"purchasable","21":"product-type-variable"},"acf":[],"jetpack_sharing_enabled":true,"_links":{"self":[{"href":"https:\/\/www.valeriebarkowski.com\/fr\/wp-json\/wp\/v2\/product\/7129","targetHints":{"allow":["GET"]}}],"collection":[{"href":"https:\/\/www.valeriebarkowski.com\/fr\/wp-json\/wp\/v2\/product"}],"about":[{"href":"https:\/\/www.valeriebarkowski.com\/fr\/wp-json\/wp\/v2\/types\/product"}],"replies":[{"embeddable":true,"href":"https:\/\/www.valeriebarkowski.com\/fr\/wp-json\/wp\/v2\/comments?post=7129"}],"wp:featuredmedia":[{"embeddable":true,"href":"https:\/\/www.valeriebarkowski.com\/fr\/wp-json\/wp\/v2\/media\/11738"}],"wp:attachment":[{"href":"https:\/\/www.valeriebarkowski.com\/fr\/wp-json\/wp\/v2\/media?parent=7129"}],"wp:term":[{"taxonomy":"product_brand","embeddable":true,"href":"https:\/\/www.valeriebarkowski.com\/fr\/wp-json\/wp\/v2\/product_brand?post=7129"},{"taxonomy":"product_cat","embeddable":true,"href":"https:\/\/www.valeriebarkowski.com\/fr\/wp-json\/wp\/v2\/product_cat?post=7129"},{"taxonomy":"product_tag","embeddable":true,"href":"https:\/\/www.valeriebarkowski.com\/fr\/wp-json\/wp\/v2\/product_tag?post=7129"}],"curies":[{"name":"wp","href":"https:\/\/api.w.org\/{rel}","templated":true}]}}