{"id":7510,"date":"2025-11-24T14:04:42","date_gmt":"2025-11-24T13:04:42","guid":{"rendered":"https:\/\/www.refresh.valeriebarkowski.com\/?post_type=product&#038;p=7510"},"modified":"2025-12-24T17:55:48","modified_gmt":"2025-12-24T16:55:48","slug":"asmara-housse-de-couette","status":"publish","type":"product","link":"https:\/\/www.valeriebarkowski.com\/fr\/e-shop\/linge-de-lit\/asmara-housse-de-couette\/","title":{"rendered":"ASMARA Housse de couette"},"content":{"rendered":"<h2><span data-sheets-root=\"1\">La collection ASMARA par Val\u00e9rie Barkowski<\/span><\/h2>\n<p><span data-sheets-root=\"1\">La collection ASMARA se distingue par ses lignes raffin\u00e9es, inspir\u00e9es du <em>randa<\/em>, une technique traditionnelle marocaine de couture d\u00e9corative consid\u00e9r\u00e9e comme l\u2019une des finitions les plus \u00e9l\u00e9gantes du v\u00eatement marocain. Les points minutieux et r\u00e9guliers du <em>randa<\/em>, qui relient deux bords de tissu et qui habituellement soulignent les contours d\u2019une pi\u00e8ce textile, se d\u00e9clinent ici sur la surface plane d\u2019une housse de couette ou d\u2019une taie d\u2019oreiller. Les lignes brod\u00e9es, dont chaque point est r\u00e9alis\u00e9 \u00e0 la main sont reparties de mani\u00e8re al\u00e9atoire. La largeur des bandes de tissu ainsi reli\u00e9es, est donc variable.<\/span><\/p>\n<p>La collection ASMARA illustre parfaitement la richesse de l\u2019artisanat marocain, mais aussi la pr\u00e9cision et la rigueur de nos artisanes.<\/p>\n","protected":false},"excerpt":{"rendered":"<p><span data-sheets-root=\"1\">La housse de couette ASMARA, 100% coton, se distingue par ses lignes raffin\u00e9es, inspir\u00e9es du <em>randa<\/em>, une des finitions les plus \u00e9l\u00e9gantes du v\u00eatement traditionnel marocain. Les points qui forment ces lignes sont m\u00e9ticuleusement brod\u00e9s \u00e0 la main et donnent \u00e0 cette collection, son caract\u00e8re moderne et \u00e9l\u00e9gant.<\/span><\/p>\n<p>Pi\u00e8ce fabriqu\u00e9e \u00e0 la demande : d\u00e9lai de 2 \u00e0 4 semaines.<\/p>\n","protected":false},"featured_media":7491,"comment_status":"open","ping_status":"closed","template":"","meta":[],"product_brand":[174],"product_cat":[73,109],"product_tag":[91],"class_list":{"0":"post-7510","1":"product","2":"type-product","3":"status-publish","4":"has-post-thumbnail","6":"product_brand-asmara","7":"product_cat-linge-de-lit","8":"product_cat-housse-de-couette","9":"product_tag-broderie","10":"pa_couleur-ambre","11":"pa_couleur-beige","12":"pa_couleur-bleu-gris","13":"pa_couleur-brique","14":"pa_couleur-carmin","15":"pa_couleur-gris","16":"pa_couleur-kaki","17":"pa_couleur-marron","18":"pa_couleur-noir","19":"pa_couleur-paon","20":"pa_couleur-prune","21":"pa_couleur-rose","22":"pa_format-140-cm-x-200-cm","23":"pa_format-240-cm-x-220-cm","24":"pa_format-260-cm-x-240-cm","25":"pa_format-custom","27":"first","28":"instock","29":"taxable","30":"shipping-taxable","31":"purchasable","32":"product-type-variable","33":"has-default-attributes"},"acf":[],"jetpack_sharing_enabled":true,"_links":{"self":[{"href":"https:\/\/www.valeriebarkowski.com\/fr\/wp-json\/wp\/v2\/product\/7510","targetHints":{"allow":["GET"]}}],"collection":[{"href":"https:\/\/www.valeriebarkowski.com\/fr\/wp-json\/wp\/v2\/product"}],"about":[{"href":"https:\/\/www.valeriebarkowski.com\/fr\/wp-json\/wp\/v2\/types\/product"}],"replies":[{"embeddable":true,"href":"https:\/\/www.valeriebarkowski.com\/fr\/wp-json\/wp\/v2\/comments?post=7510"}],"wp:featuredmedia":[{"embeddable":true,"href":"https:\/\/www.valeriebarkowski.com\/fr\/wp-json\/wp\/v2\/media\/7491"}],"wp:attachment":[{"href":"https:\/\/www.valeriebarkowski.com\/fr\/wp-json\/wp\/v2\/media?parent=7510"}],"wp:term":[{"taxonomy":"product_brand","embeddable":true,"href":"https:\/\/www.valeriebarkowski.com\/fr\/wp-json\/wp\/v2\/product_brand?post=7510"},{"taxonomy":"product_cat","embeddable":true,"href":"https:\/\/www.valeriebarkowski.com\/fr\/wp-json\/wp\/v2\/product_cat?post=7510"},{"taxonomy":"product_tag","embeddable":true,"href":"https:\/\/www.valeriebarkowski.com\/fr\/wp-json\/wp\/v2\/product_tag?post=7510"}],"curies":[{"name":"wp","href":"https:\/\/api.w.org\/{rel}","templated":true}]}}